{"id":4002,"date":"2026-02-03T16:02:36","date_gmt":"2026-02-03T14:02:36","guid":{"rendered":"https:\/\/demo8.izveide.id.lv\/?post_type=product&#038;p=4002"},"modified":"2026-03-26T15:06:34","modified_gmt":"2026-03-26T13:06:34","slug":"acd741-sm","status":"publish","type":"product","link":"https:\/\/e-flore.store\/lv\/produkts\/acd741-sm\/","title":{"rendered":"ACD741 SM"},"content":{"rendered":"<p><img decoding=\"async\" style=\"width: 100%; height: auto; display: block;\" src=\"\/wp-content\/uploads\/2026\/01\/ACD741-SM-PARENT_desc.jpg\" \/><\/p>\n<div id=\"eflore-spacer-v55\" style=\"height: 0px; clear: both; width: 100%; display: block;\"><\/div>\n<p style=\"margin-bottom: 10px; margin-top: 30px;\"><strong>ROSTUMWANDLER AUF EISEN, STAHL UND ANDEREN METALLEN<\/strong><\/p>\n<p style=\"margin-bottom: 10px; margin-top: 30px;\"><strong>Eigenschaften:<\/strong><\/p>\n<p style=\"margin-bottom: 8px; margin-top: 0px; line-height: 1.6;\">Hochkonzentrierte Industriequalit\u00e4t.<\/p>\n<p style=\"margin-bottom: 8px; margin-top: 0px; line-height: 1.6;\">Hochwertiger phosphathaltiger Rostumwandler zur Rostumwandlung auf Eisen, Stahl und anderen Metallen. Optimaler und langfristiger Rost-Stop durch Phosphatiereffekt \/ Beizeffekt. Bildet eine dauerhafte Schutzschicht mit wasserunl\u00f6slichem Phosphat auf Rost (bei Eisen \/ Stahl) und sch\u00fctzt damit schadhafte Stellen. Spezielle d\u00fcnnfl\u00fcssige Qualit\u00e4t um auch schwerzug\u00e4ngliche Stellen zu erreichen.<\/p>\n<p style=\"margin-bottom: 8px; margin-top: 0px; line-height: 1.6;\">&#8220;ACD741\u00a0 SM&#8221; selbst enth\u00e4lt kein Lack, Wachs, \u00d6l oder Bitumen.<\/p>\n<p style=\"margin-bottom: 10px; margin-top: 30px;\"><strong>Anwendungsgebiete:<\/strong><\/p>\n<p style=\"margin-bottom: 8px; margin-top: 0px; line-height: 1.6;\">&#8220;ACD741\u00a0 SM&#8221;\u00a0kann eingesetzt werden bei der Instandsetzung von Autos, in Farbgemischen auch bei Baumaschinen, Schiffen, Z\u00e4unen usw. eingesetzt.<\/p>\n<p style=\"margin-bottom: 10px; margin-top: 30px;\"><strong>Anwendung:<\/strong><\/p>\n<p style=\"margin-bottom: 8px; margin-top: 0px; line-height: 1.6;\">Die Objekte m\u00fcssen gut entfettet sein. Auf silikatfreie entfettung achten. Loser Rost sollte vorh der Anwendung nur grob entfernt wurde, z. B. durch B\u00fcrsten. Nicht blankschleifen, da sonst zu wenig Rost zum umwandeln mehr vorhanden ist.<\/p>\n<p style=\"margin-bottom: 8px; margin-top: 0px; line-height: 1.6;\">Spr\u00fchen, pinseln oder falls m\u00f6glich 24h tauchen. Schutzschicht nicht entfernen, ca. 12 Stunden nach der Anwendung kann, muss aber nicht kurz mit Wasser gesp\u00fchlt werden. F\u00fcr optimale Ergebnisse kann eine Nachbehandlung in einer Mischung von 1:10 Teilen mit Wasser aufgetragen werden, die nicht mehr abgesp\u00fchlt wird.<\/p>\n<p style=\"margin-bottom: 10px; margin-top: 30px;\"><strong>Grenzen:<\/strong><\/p>\n<p style=\"margin-bottom: 8px; margin-top: 0px; line-height: 1.6;\">&#8220;ACD741\u00a0 SM&#8221;\u00a0k\u00f6nnen den Rost nicht in Metall zur\u00fcck verwandeln. Behandelte Oberfl\u00e4chen werden nicht wieder metallisch gl\u00e4nzend, sondern durch Bildung einer Schutzschicht stumpf dunkelgrau bis weiss.<\/p>\n<p style=\"margin-bottom: 10px; margin-top: 30px;\"><strong>Anschlussbehandlung:<\/strong><\/p>\n<p style=\"margin-bottom: 8px; margin-top: 0px; line-height: 1.6;\">Eine weitere Behandlung mit Wachs, \u00d6l oder Lack ist nicht unbedingt n\u00f6tig, aber empfohlen. \u00dcberlackieren ist m\u00f6glich.<\/p>\n<p style=\"margin-bottom: 8px; margin-top: 0px; line-height: 1.6;\">Beim \u00dcberlackieren bitte an unauff\u00e4lliger Stelle testen oder R\u00fccksprache mit dem Lackhersteller nehmen.<\/p>\n<p style=\"margin-bottom: 10px; margin-top: 30px;\"><strong>Wirkungsweise:<\/strong><\/p>\n<p style=\"margin-bottom: 8px; margin-top: 0px; line-height: 1.6;\">Es erfolgt zun\u00e4chst ein Beizangriff auf das Eisen, bei dem Metallkationen unter Wasserstoffentwicklung in L\u00f6sung gehen.<\/p>\n<p style=\"margin-bottom: 8px; margin-top: 0px; line-height: 1.6;\">Dann erfolgt die Schichtbildung durch Ausf\u00e4llung schwerl\u00f6slicher Phosphate, es wird Eisen(III)-oxid zu Wasser und Eisen(III)phosphat umgesetzt. Es entsteht eine d\u00fcnne, feinkristalline und wasserunl\u00f6sliche Schicht die fest mit dem Grundmetall verbunden ist.<\/p>\n<p style=\"margin-bottom: 8px; margin-top: 0px; line-height: 1.6;\">Die meistens hell- bis dunkelgrau gef\u00e4rbten Schichten sind, da sie aus einer chemischen Reaktion mit dem Grundmetall entstehen, in der Metalloberfl\u00e4che fest verankert und weisen zahlreiche Hohlr\u00e4ume und Kapillaren auf.<\/p>\n<p style=\"margin-bottom: 8px; margin-top: 0px; line-height: 1.6;\">Deshalb bieten sie einen guten Haftgrund f\u00fcr Lacke, Farben und Wachse.<\/p>\n<p style=\"margin-bottom: 10px; margin-top: 30px;\"><strong>pH-Wert:\u00a0<\/strong>nicht bestimmt<\/p>\n","protected":false},"excerpt":{"rendered":"<p>ROSTUMWANDLER AUF EISEN, STAHL UND ANDEREN METALLEN Eigenschaften: Hochkonzentrierte Industriequalit\u00e4t. Hochwertiger phosphathaltiger Rostumwandler zur Rostumwandlung auf Eisen, Stahl und anderen Metallen. Optimaler und langfristiger Rost-Stop durch Phosphatiereffekt \/ Beizeffekt. Bildet eine dauerhafte Schutzschicht mit wasserunl\u00f6slichem Phosphat auf Rost (bei Eisen \/ Stahl) und sch\u00fctzt damit schadhafte Stellen. Spezielle d\u00fcnnfl\u00fcssige Qualit\u00e4t um auch schwerzug\u00e4ngliche Stellen zu&#8230;<\/p>\n","protected":false},"featured_media":4003,"template":"","meta":[],"product_brand":[319],"product_cat":[429,414],"product_tag":[],"class_list":{"0":"post-4002","1":"product","2":"type-product","3":"status-publish","4":"has-post-thumbnail","6":"product_brand-chemie-spezial","7":"product_cat-specialie-produkti","8":"product_cat-chemie-spezial-produkti","10":"first","11":"instock","12":"shipping-taxable","13":"purchasable","14":"product-type-variable","15":"has-default-attributes"},"_links":{"self":[{"href":"https:\/\/e-flore.store\/lv\/wp-json\/wp\/v2\/product\/4002","targetHints":{"allow":["GET"]}}],"collection":[{"href":"https:\/\/e-flore.store\/lv\/wp-json\/wp\/v2\/product"}],"about":[{"href":"https:\/\/e-flore.store\/lv\/wp-json\/wp\/v2\/types\/product"}],"wp:featuredmedia":[{"embeddable":true,"href":"https:\/\/e-flore.store\/lv\/wp-json\/wp\/v2\/media\/4003"}],"wp:attachment":[{"href":"https:\/\/e-flore.store\/lv\/wp-json\/wp\/v2\/media?parent=4002"}],"wp:term":[{"taxonomy":"product_brand","embeddable":true,"href":"https:\/\/e-flore.store\/lv\/wp-json\/wp\/v2\/product_brand?post=4002"},{"taxonomy":"product_cat","embeddable":true,"href":"https:\/\/e-flore.store\/lv\/wp-json\/wp\/v2\/product_cat?post=4002"},{"taxonomy":"product_tag","embeddable":true,"href":"https:\/\/e-flore.store\/lv\/wp-json\/wp\/v2\/product_tag?post=4002"}],"curies":[{"name":"wp","href":"https:\/\/api.w.org\/{rel}","templated":true}]}}