{"id":4020,"date":"2026-02-03T16:02:41","date_gmt":"2026-02-03T14:02:41","guid":{"rendered":"https:\/\/demo8.izveide.id.lv\/?post_type=product&#038;p=4020"},"modified":"2026-03-26T15:06:22","modified_gmt":"2026-03-26T13:06:22","slug":"neu1136-lk","status":"publish","type":"product","link":"https:\/\/e-flore.store\/lv\/produkts\/neu1136-lk\/","title":{"rendered":"NEU1136 LK"},"content":{"rendered":"<p><img decoding=\"async\" style=\"width: 100%; height: auto; display: block;\" src=\"\/wp-content\/uploads\/2026\/01\/NEU1136-LK-PARENT_desc.jpg\" \/><\/p>\n<p><b>FLUGZEUGREINIGER MIT DESINFEKTION<\/b><\/p>\n<p><b>Anwendungsgebiete<\/b>:<\/p>\n<p style=\"text-align: justify;\">&#8220;NEU1136 LK&#8221; ist ein fl\u00fcssiger Spezialreiniger, der eine hervorragende Abbaubarkeit und Materialschonung besitzt. Bei gr\u00fcndlicher und doch schonender Reinigung werden auch starke Schmutzablagerungen von Fett, Wachs, \u00d6l, Seife, Flugstaub, Ru\u00df und vielen anderen Verschmutzungen und Verkrustungen restlos und m\u00fchelos beseitigt. <span style=\"letter-spacing: normal;\">&#8220;NEU1136 LK&#8221;<\/span> enth\u00e4lt zus\u00e4tzlich desinfizierende Bestandteile f\u00fcr eine hygienische Reinigung, belegt durch das Gutachten des Hygiene-Institutes Graz, Prof. Dr. med. Dr. phil. Egon Marth.<b><br \/>\n<\/b><\/p>\n<p style=\"text-align: justify;\"><b>Verarbeitung<\/b>:<\/p>\n<p style=\"text-align: justify;\"><span style=\"letter-spacing: normal;\">&#8220;NEU1136 LK&#8221;<\/span> wurde speziell f\u00fcr den Bereich der Flugzeugreinigung entwickelt. Das Produkt ist zur Reinigung aller im Flugzeug vorhandenen Materialien bei entsprechender Dosierung geeignet. Bei der Verwendung von <span style=\"letter-spacing: normal;\">&#8220;NEU1136 LK&#8221;<\/span> entf\u00e4llt der Einsatz einer Vielzahl von Produkten. Die Normalverd\u00fcnnung f\u00fcr Reinigungsarbeiten betr\u00e4gt 1:10 &#8211; 1:20, kann jedoch je nach Verschmutzungsgrad bis 1:1 heraufgesetzt werden. F\u00fcr Desinfektionsreinigungen sind folgende Zeiten und Dosiereinheiten einzuhalten:<\/p>\n<p style=\"text-align: justify;\"><span>Fl\u00e4chendesinfektion<\/span>:<\/p>\n<table class=\"table table-bordered\">\n<tbody>\n<tr>\n<td><span style=\"font-size: 14px; letter-spacing: normal; background-color: #ffffff;\">15 Minuten<\/span><\/td>\n<td><span style=\"font-size: 14px; letter-spacing: normal; background-color: #ffffff;\">2,0%<\/span><\/td>\n<\/tr>\n<tr>\n<td><span style=\"font-size: 14px; letter-spacing: normal; background-color: #ffffff;\">1 Stunde<\/span><\/td>\n<td><span style=\"font-size: 14px; letter-spacing: normal; background-color: #ffffff;\">1,0%<\/span><\/td>\n<\/tr>\n<tr>\n<td><span style=\"font-size: 14px; letter-spacing: normal; background-color: #ffffff;\">4 Stunden<\/span><\/td>\n<td><span style=\"font-size: 14px; letter-spacing: normal; background-color: #ffffff;\">0,75%<\/span><\/td>\n<\/tr>\n<\/tbody>\n<\/table>\n<p>Desinfektion von Acrylglas oder \u00e4hnliche Fl\u00e4chen:<\/p>\n<table class=\"table table-bordered\">\n<tbody>\n<tr>\n<td><span style=\"font-size: 14px; letter-spacing: normal; background-color: #ffffff;\">1 Minute<\/span><\/td>\n<td><span style=\"font-size: 14px; letter-spacing: normal; background-color: #ffffff;\">7,5%<\/span><\/td>\n<\/tr>\n<tr>\n<td><span style=\"font-size: 14px; letter-spacing: normal; background-color: #ffffff;\">5 Minuten<\/span><\/td>\n<td><span style=\"font-size: 14px; letter-spacing: normal; background-color: #ffffff;\">5,0%<\/span><\/td>\n<\/tr>\n<\/tbody>\n<\/table>\n<p><b>Hinweise<\/b>:<\/p>\n<p style=\"text-align: justify;\"><span style=\"letter-spacing: normal;\">&#8220;NEU1136 LK&#8221;<\/span> ist laut Gefahrstoffverordnung kein gef\u00e4hrlicher Arbeitsstoff und ist deshalb nicht kennzeichnungspflichtig. Erzeugnis nur auf wasserfesten Fl\u00e4chen und Materialien verwenden. Bei der Erstanwendung an einer verdeckten Stelle Probeauftrag vornehmen. <span style=\"letter-spacing: normal;\">&#8220;NEU1136 LK&#8221;<\/span> ist weder w\u00e4rmenoch k\u00e4lteempfindlich. Nicht mit anderen Reinigern mischen.<\/p>\n<p style=\"text-align: justify;\"><b>pH<\/b>: 6,6 bei 10 g\/l (0=Konz.)<\/p>\n","protected":false},"excerpt":{"rendered":"<p>FLUGZEUGREINIGER MIT DESINFEKTION Anwendungsgebiete: &#8220;NEU1136 LK&#8221; ist ein fl\u00fcssiger Spezialreiniger, der eine hervorragende Abbaubarkeit und Materialschonung besitzt. Bei gr\u00fcndlicher und doch schonender Reinigung werden auch starke Schmutzablagerungen von Fett, Wachs, \u00d6l, Seife, Flugstaub, Ru\u00df und vielen anderen Verschmutzungen und Verkrustungen restlos und m\u00fchelos beseitigt. &#8220;NEU1136 LK&#8221; enth\u00e4lt zus\u00e4tzlich desinfizierende Bestandteile f\u00fcr eine hygienische Reinigung, belegt&#8230;<\/p>\n","protected":false},"featured_media":4021,"template":"","meta":[],"product_brand":[319],"product_cat":[429,414],"product_tag":[],"class_list":{"0":"post-4020","1":"product","2":"type-product","3":"status-publish","4":"has-post-thumbnail","6":"product_brand-chemie-spezial","7":"product_cat-specialie-produkti","8":"product_cat-chemie-spezial-produkti","10":"first","11":"instock","12":"shipping-taxable","13":"purchasable","14":"product-type-variable","15":"has-default-attributes"},"_links":{"self":[{"href":"https:\/\/e-flore.store\/lv\/wp-json\/wp\/v2\/product\/4020","targetHints":{"allow":["GET"]}}],"collection":[{"href":"https:\/\/e-flore.store\/lv\/wp-json\/wp\/v2\/product"}],"about":[{"href":"https:\/\/e-flore.store\/lv\/wp-json\/wp\/v2\/types\/product"}],"wp:featuredmedia":[{"embeddable":true,"href":"https:\/\/e-flore.store\/lv\/wp-json\/wp\/v2\/media\/4021"}],"wp:attachment":[{"href":"https:\/\/e-flore.store\/lv\/wp-json\/wp\/v2\/media?parent=4020"}],"wp:term":[{"taxonomy":"product_brand","embeddable":true,"href":"https:\/\/e-flore.store\/lv\/wp-json\/wp\/v2\/product_brand?post=4020"},{"taxonomy":"product_cat","embeddable":true,"href":"https:\/\/e-flore.store\/lv\/wp-json\/wp\/v2\/product_cat?post=4020"},{"taxonomy":"product_tag","embeddable":true,"href":"https:\/\/e-flore.store\/lv\/wp-json\/wp\/v2\/product_tag?post=4020"}],"curies":[{"name":"wp","href":"https:\/\/api.w.org\/{rel}","templated":true}]}}