{"id":4046,"date":"2026-02-03T16:02:45","date_gmt":"2026-02-03T14:02:45","guid":{"rendered":"https:\/\/demo8.izveide.id.lv\/?post_type=product&#038;p=4046"},"modified":"2026-03-26T15:05:58","modified_gmt":"2026-03-26T13:05:58","slug":"alk1199-lk","status":"publish","type":"product","link":"https:\/\/e-flore.store\/lv\/produkts\/alk1199-lk\/","title":{"rendered":"ALK1199 LK"},"content":{"rendered":"<p><img decoding=\"async\" style=\"width: 100%; height: auto; display: block;\" src=\"\/wp-content\/uploads\/2026\/01\/ALK1199-LK-PARENT_desc.jpg\" \/><\/p>\n<div id=\"eflore-spacer-v55\" style=\"height: 0px; clear: both; width: 100%; display: block;\"><\/div>\n<p style=\"margin-bottom: 10px; margin-top: 30px;\"><strong>HOCHDRUCK- UND INDUSTRIEREINIGER MIT KALKBLOCKER<\/strong><\/p>\n<p style=\"margin-bottom: 10px; margin-top: 30px;\"><strong>Produkt beschreibung:<\/strong><\/p>\n<p style=\"margin-bottom: 8px; margin-top: 0px; line-height: 1.6;\">&#8220;ALK1199 LK&#8221; ist ein universell einsetzbares Produkt zur Entfernung der verschiedenartigsten Schmutzablagerungen und zum L\u00f6sen von \u00d6len, Fetten, Wachs- und Kunststoffschichten.\u00a0&#8220;ALK1199 LK&#8221;\u00a0zeigt hervorragende Reinigungseigenschaften auf den unterschiedlichsten Gebieten der Wirtschaft, die mit Reinigungsproblemen zu tun haben. Die hervorzuhebenden Eigenschaften dieses Reinigers sind: Er sch\u00e4umt nicht. Die bei der Arbeit st\u00f6rende Schaumwirkung entf\u00e4llt, wodurch eine gr\u00f6\u00dfere Fl\u00e4chenleistung pro Arbeitskraft erzielt wird. Er besitzt eine \u00fcberragende Reinigungskraft. Er kann ebensogut manuell wie maschinell, besonders in Hochdruckger\u00e4ten eingesetzt werden und besitzt einen effektiven Kalkblocker und wirkt somit dem Verkalken von Spr\u00fchd\u00fcsen und Heitzschlangen entgegen.\u00a0&#8220;ALK1199 LK&#8221;\u00a0ist laut Detergeniengesetz abbauf\u00e4hig, da frei von Terpentin, Benzin, Petroleum, chlorierten Kohlenwasserstoffen oder \u00e4hnlichen L\u00f6sungsmitteln.<\/p>\n<p style=\"margin-bottom: 10px; margin-top: 30px;\"><strong>Verarbeitung:<\/strong><\/p>\n<p style=\"margin-bottom: 8px; margin-top: 0px; line-height: 1.6;\">&#8220;ALK1199 LK&#8221;\u00a0kann auffolgenden Gebiet eneingesetzt werden:<\/p>\n<p style=\"margin-bottom: 8px; margin-top: 0px; line-height: 1.6;\">Tiefen-und Grundreinigung, allgemeine Reinigung von B\u00f6den, Kunststoffteilen, K\u00fccheneinrichtungen, Fensterrahmen, Kacheln, Sanit\u00e4r- und Badeanlagen, Schildern, Fassaden, Armaturen, Fahrzeugen, Werkstattb\u00f6den, Back\u00f6fen, zur Teppichreinigung, als Waschverst\u00e4rker, zur Metallentfettung, zur Hochdruck- und Maschinenreinigung sowie als Entkonservierer.<\/p>\n<p style=\"margin-bottom: 10px; margin-top: 30px;\"><strong>Dosierung:<\/strong><\/p>\n<p style=\"margin-bottom: 8px; margin-top: 0px; line-height: 1.6;\">Zur t\u00e4glichen Unterhaltsreinigung 50 &#8211; 100 ml (1\/2 Tasse) pro Eimer Wasser. 1:10 verd\u00fcnnt zur Entfernung von fett- und \u00f6lhaltigen Ablagerungen, wie z. B. auf Motoren, Werkstattb\u00f6den, in R\u00e4uchereien u. a. Konzentriert zur Grundreinigung und Entfernung hartn\u00e4ckiger Verkrustungen. Aufgrund der unterschiedlichsten Materialien ist stets an verdeckter Stelle ein Probeauftrag vorzunehmen, um auf Vertr\u00e4glichkeit zu pr\u00fcfen.<\/p>\n<p style=\"margin-bottom: 10px; margin-top: 30px;\"><strong>pH (konz.):\u00a0<\/strong>8 &#8211; 10<\/p>\n","protected":false},"excerpt":{"rendered":"<p>HOCHDRUCK- UND INDUSTRIEREINIGER MIT KALKBLOCKER Produkt beschreibung: &#8220;ALK1199 LK&#8221; ist ein universell einsetzbares Produkt zur Entfernung der verschiedenartigsten Schmutzablagerungen und zum L\u00f6sen von \u00d6len, Fetten, Wachs- und Kunststoffschichten.\u00a0&#8220;ALK1199 LK&#8221;\u00a0zeigt hervorragende Reinigungseigenschaften auf den unterschiedlichsten Gebieten der Wirtschaft, die mit Reinigungsproblemen zu tun haben. Die hervorzuhebenden Eigenschaften dieses Reinigers sind: Er sch\u00e4umt nicht. Die bei der&#8230;<\/p>\n","protected":false},"featured_media":4047,"template":"","meta":[],"product_brand":[319],"product_cat":[417,420,414],"product_tag":[],"class_list":{"0":"post-4046","1":"product","2":"type-product","3":"status-publish","4":"has-post-thumbnail","6":"product_brand-chemie-spezial","7":"product_cat-industrija","8":"product_cat-tirisana-un-attaukosana","9":"product_cat-chemie-spezial-produkti","11":"first","12":"instock","13":"shipping-taxable","14":"purchasable","15":"product-type-variable","16":"has-default-attributes"},"_links":{"self":[{"href":"https:\/\/e-flore.store\/lv\/wp-json\/wp\/v2\/product\/4046","targetHints":{"allow":["GET"]}}],"collection":[{"href":"https:\/\/e-flore.store\/lv\/wp-json\/wp\/v2\/product"}],"about":[{"href":"https:\/\/e-flore.store\/lv\/wp-json\/wp\/v2\/types\/product"}],"wp:featuredmedia":[{"embeddable":true,"href":"https:\/\/e-flore.store\/lv\/wp-json\/wp\/v2\/media\/4047"}],"wp:attachment":[{"href":"https:\/\/e-flore.store\/lv\/wp-json\/wp\/v2\/media?parent=4046"}],"wp:term":[{"taxonomy":"product_brand","embeddable":true,"href":"https:\/\/e-flore.store\/lv\/wp-json\/wp\/v2\/product_brand?post=4046"},{"taxonomy":"product_cat","embeddable":true,"href":"https:\/\/e-flore.store\/lv\/wp-json\/wp\/v2\/product_cat?post=4046"},{"taxonomy":"product_tag","embeddable":true,"href":"https:\/\/e-flore.store\/lv\/wp-json\/wp\/v2\/product_tag?post=4046"}],"curies":[{"name":"wp","href":"https:\/\/api.w.org\/{rel}","templated":true}]}}