{"id":4051,"date":"2026-02-03T16:02:45","date_gmt":"2026-02-03T14:02:45","guid":{"rendered":"https:\/\/demo8.izveide.id.lv\/?post_type=product&#038;p=4051"},"modified":"2026-03-26T15:06:02","modified_gmt":"2026-03-26T13:06:02","slug":"alk060-lk","status":"publish","type":"product","link":"https:\/\/e-flore.store\/lv\/produkts\/alk060-lk\/","title":{"rendered":"ALK060 LK"},"content":{"rendered":"<p><img decoding=\"async\" style=\"width: 100%; height: auto; display: block;\" src=\"\/wp-content\/uploads\/2026\/01\/ALK060-LK-PARENT_desc.jpg\" \/><\/p>\n<div id=\"eflore-spacer-v55\" style=\"height: 0px; clear: both; width: 100%; display: block;\"><\/div>\n<p style=\"margin-bottom: 10px; margin-top: 30px;\"><strong>DAS STARKE REINIGUNGSMITTEL MIT DEN VIELEN ANWENDUNGSM\u00d6GLICHKEITEN<\/strong><\/p>\n<p style=\"margin-bottom: 10px; margin-top: 30px;\"><strong>Produkt beschreibung:<\/strong><\/p>\n<p style=\"margin-bottom: 8px; margin-top: 0px; line-height: 1.6;\">&#8220;ALK060 LK&#8221; steht anwendungstechnisch zwischen einem Allzweck- und Grundreiniger. Je nach Dosierung kann dieses Produkt f\u00fcr beide Bereiche eingesetzt werden. Es ist als Allzweckreiniger in K\u00fcchen, Sanit\u00e4rbereichen, auf Glas, Kunststoffen etc. und als Grundreiniger f\u00fcr die Entfernung von Wachs-, \u00d6l- und Fettablagerungen einsetzbar. F\u00fcr die Industriereinigung kann\u00a0&#8220;ALK060 LK&#8221;\u00a0bedenkenlos auf Maschinen, Blechen, Metallteilen und Werkzeugen angewendet werden. &#8220;ALK060 LK&#8221;\u00a0enth\u00e4lt Tenside und L\u00f6sungsvermittler die, nach OECD-Methode, in ihrer Abbaubarkeit die Anforderungen des deutschen Waschmittelgesetzes erf\u00fcllen.<\/p>\n<p style=\"margin-bottom: 10px; margin-top: 30px;\"><strong>Verarbeitung:<\/strong><\/p>\n<p style=\"margin-bottom: 8px; margin-top: 0px; line-height: 1.6;\">&#8220;ALK060 LK&#8221;\u00a0wird als Allzweckreiniger 1:20 &#8211; 1:50 (1 &#8211; 2 Tassen) auf einen Eimer Wasser (8 Ltr.) verd\u00fcnnt.<\/p>\n<p style=\"margin-bottom: 8px; margin-top: 0px; line-height: 1.6;\">Bei der Grundreinigung\u00a0&#8220;ALK060 LK&#8221;\u00a01:1 &#8211; 1:10 verd\u00fcnnen und auf die Verschmutzungen ca. 1 Minuten einwirken lassen.<\/p>\n<p style=\"margin-bottom: 8px; margin-top: 0px; line-height: 1.6;\">Auf Linoleumb\u00f6den sollte eine Verd\u00fcnnung von 1:10 nicht unterschritten werden.<\/p>\n<p style=\"margin-bottom: 10px; margin-top: 30px;\"><strong>Hinweise:<\/strong><\/p>\n<p style=\"margin-bottom: 8px; margin-top: 0px; line-height: 1.6;\">Obwohl\u00a0&#8220;ALK060 LK&#8221;\u00a0materialschonend ist, sollte, wie z. B. auf Linoleum, an verdeckter Stelle ein Probeauftrag durchgef\u00fchrt werden. Bei empfindlichen Personen k\u00f6nnen leicht Hautreizungen auftreten, welche durch Tragen von Gummihandschuhen verhindertwerden k\u00f6nnen.<\/p>\n<p style=\"margin-bottom: 10px; margin-top: 30px;\"><strong>pH (konz.):\u00a0<\/strong>8 &#8211; 10<\/p>\n","protected":false},"excerpt":{"rendered":"<p>DAS STARKE REINIGUNGSMITTEL MIT DEN VIELEN ANWENDUNGSM\u00d6GLICHKEITEN Produkt beschreibung: &#8220;ALK060 LK&#8221; steht anwendungstechnisch zwischen einem Allzweck- und Grundreiniger. Je nach Dosierung kann dieses Produkt f\u00fcr beide Bereiche eingesetzt werden. Es ist als Allzweckreiniger in K\u00fcchen, Sanit\u00e4rbereichen, auf Glas, Kunststoffen etc. und als Grundreiniger f\u00fcr die Entfernung von Wachs-, \u00d6l- und Fettablagerungen einsetzbar. F\u00fcr die Industriereinigung&#8230;<\/p>\n","protected":false},"featured_media":4052,"template":"","meta":[],"product_brand":[319],"product_cat":[417,420,414,432,441],"product_tag":[],"class_list":{"0":"post-4051","1":"product","2":"type-product","3":"status-publish","4":"has-post-thumbnail","6":"product_brand-chemie-spezial","7":"product_cat-industrija","8":"product_cat-tirisana-un-attaukosana","9":"product_cat-chemie-spezial-produkti","10":"product_cat-automasinu-motociklu-un-kravas-automasinu-tirisana","11":"product_cat-specialie-un-disku-tirisanas-lidzekli","13":"first","14":"instock","15":"shipping-taxable","16":"purchasable","17":"product-type-variable","18":"has-default-attributes"},"_links":{"self":[{"href":"https:\/\/e-flore.store\/lv\/wp-json\/wp\/v2\/product\/4051","targetHints":{"allow":["GET"]}}],"collection":[{"href":"https:\/\/e-flore.store\/lv\/wp-json\/wp\/v2\/product"}],"about":[{"href":"https:\/\/e-flore.store\/lv\/wp-json\/wp\/v2\/types\/product"}],"wp:featuredmedia":[{"embeddable":true,"href":"https:\/\/e-flore.store\/lv\/wp-json\/wp\/v2\/media\/4052"}],"wp:attachment":[{"href":"https:\/\/e-flore.store\/lv\/wp-json\/wp\/v2\/media?parent=4051"}],"wp:term":[{"taxonomy":"product_brand","embeddable":true,"href":"https:\/\/e-flore.store\/lv\/wp-json\/wp\/v2\/product_brand?post=4051"},{"taxonomy":"product_cat","embeddable":true,"href":"https:\/\/e-flore.store\/lv\/wp-json\/wp\/v2\/product_cat?post=4051"},{"taxonomy":"product_tag","embeddable":true,"href":"https:\/\/e-flore.store\/lv\/wp-json\/wp\/v2\/product_tag?post=4051"}],"curies":[{"name":"wp","href":"https:\/\/api.w.org\/{rel}","templated":true}]}}