{"id":4057,"date":"2026-02-03T16:02:48","date_gmt":"2026-02-03T14:02:48","guid":{"rendered":"https:\/\/demo8.izveide.id.lv\/?post_type=product&#038;p=4057"},"modified":"2026-02-19T17:26:23","modified_gmt":"2026-02-19T15:26:23","slug":"alk095-lk","status":"publish","type":"product","link":"https:\/\/e-flore.store\/lv\/produkts\/alk095-lk\/","title":{"rendered":"ALK095 LK"},"content":{"rendered":"<p><img decoding=\"async\" style=\"width: 100%; height: auto; display: block;\" src=\"\/wp-content\/uploads\/2026\/01\/ALK095-LK-PARENT_desc.jpg\" \/><\/p>\n<p style=\"margin-bottom: 10px; margin-top: 30px;\"><strong>INDUSTRIEREINIGER MIT KORROSIONSSCHUTZ UND ANTIBAKTERIELLER WIRKUNG<\/strong><\/p>\n<p style=\"margin-bottom: 10px; margin-top: 30px;\"><strong>Anwendungsgebiete:<\/strong><\/p>\n<p style=\"margin-bottom: 8px; margin-top: 0px; line-height: 1.6;\">&#8220;ALK095 LK&#8221; ist ein universell einsetzbarer Industriereiniger mit einem hochwirksamen Fl\u00fcssigkeits- und Dampfphasenkorrosionsschutz, sowie einem aktiven Bakterizid. Der Reiniger enth\u00e4lt keine aggressiven Bestandteile und ist somit, trotz seiner starken Wirkung schonend gegen\u00fcber allen wasserfesten Materialien, wodurch Sch\u00e4den an Anlagen durch falsche Anwendungen nahezu ausgeschlossen werden. &#8220;ALK095 LK&#8221;\u00a0verhindert nach der Anwendung die Flugrostbildung auf blanken Metallteilen.<\/p>\n<p style=\"margin-bottom: 10px; margin-top: 30px;\"><strong>Verarbeitung:<\/strong><\/p>\n<p style=\"margin-bottom: 10px; margin-top: 0px; line-height: 1.6;\">&#8220;ALK095 LK&#8221; wird je nach Anwendung zwischen 1% &#8211; 20% in Wasser angewandt. Jeweils mit maximal 40 \u00b0C warmen Wasser anwenden.<\/p>\n<p style=\"margin-bottom: 4px; margin-top: 0px; line-height: 1.6;\"><span style=\"text-decoration: underline;\">Tauchb\u00e4der:<\/span> Es empfiehlt sich eine Konzentration von 6 \u2013 8%.<\/p>\n<p style=\"margin-bottom: 4px; margin-top: 0px; line-height: 1.6;\"><span style=\"text-decoration: underline;\">Teilereinigung:<\/span> Je nach Ablagerungen 2 \u2013 8% einsetzen.<\/p>\n<p style=\"margin-bottom: 4px; margin-top: 0px; line-height: 1.6;\"><span style=\"text-decoration: underline;\">Handreinigung von Maschinen:<\/span> F\u00fcr die Reinigung von Maschinen das Konzentrat 5%ig einsetzten.<\/p>\n<p style=\"margin-bottom: 10px; margin-top: 30px;\"><strong>Hinweise:<\/strong><\/p>\n<p style=\"margin-bottom: 8px; margin-top: 0px; line-height: 1.6;\">\u00ae reg. Patentamt M\u00fcnchen.<\/p>\n<p style=\"margin-bottom: 10px; margin-top: 30px;\"><strong>pH:<\/strong>11 (Konz.)<\/p>\n","protected":false},"excerpt":{"rendered":"<p>INDUSTRIEREINIGER MIT KORROSIONSSCHUTZ UND ANTIBAKTERIELLER WIRKUNG Anwendungsgebiete: &#8220;ALK095 LK&#8221; ist ein universell einsetzbarer Industriereiniger mit einem hochwirksamen Fl\u00fcssigkeits- und Dampfphasenkorrosionsschutz, sowie einem aktiven Bakterizid. Der Reiniger enth\u00e4lt keine aggressiven Bestandteile und ist somit, trotz seiner starken Wirkung schonend gegen\u00fcber allen wasserfesten Materialien, wodurch Sch\u00e4den an Anlagen durch falsche Anwendungen nahezu ausgeschlossen werden. &#8220;ALK095 LK&#8221;\u00a0verhindert nach&#8230;<\/p>\n","protected":false},"featured_media":4058,"template":"","meta":[],"product_brand":[],"product_cat":[417,420,414],"product_tag":[],"class_list":{"0":"post-4057","1":"product","2":"type-product","3":"status-publish","4":"has-post-thumbnail","6":"product_cat-industrija","7":"product_cat-tirisana-un-attaukosana","8":"product_cat-chemie-spezial-produkti","10":"first","11":"instock","12":"shipping-taxable","13":"purchasable","14":"product-type-variable","15":"has-default-attributes"},"_links":{"self":[{"href":"https:\/\/e-flore.store\/lv\/wp-json\/wp\/v2\/product\/4057","targetHints":{"allow":["GET"]}}],"collection":[{"href":"https:\/\/e-flore.store\/lv\/wp-json\/wp\/v2\/product"}],"about":[{"href":"https:\/\/e-flore.store\/lv\/wp-json\/wp\/v2\/types\/product"}],"wp:featuredmedia":[{"embeddable":true,"href":"https:\/\/e-flore.store\/lv\/wp-json\/wp\/v2\/media\/4058"}],"wp:attachment":[{"href":"https:\/\/e-flore.store\/lv\/wp-json\/wp\/v2\/media?parent=4057"}],"wp:term":[{"taxonomy":"product_brand","embeddable":true,"href":"https:\/\/e-flore.store\/lv\/wp-json\/wp\/v2\/product_brand?post=4057"},{"taxonomy":"product_cat","embeddable":true,"href":"https:\/\/e-flore.store\/lv\/wp-json\/wp\/v2\/product_cat?post=4057"},{"taxonomy":"product_tag","embeddable":true,"href":"https:\/\/e-flore.store\/lv\/wp-json\/wp\/v2\/product_tag?post=4057"}],"curies":[{"name":"wp","href":"https:\/\/api.w.org\/{rel}","templated":true}]}}