{"id":4062,"date":"2026-02-03T16:02:49","date_gmt":"2026-02-03T14:02:49","guid":{"rendered":"https:\/\/demo8.izveide.id.lv\/?post_type=product&#038;p=4062"},"modified":"2026-03-26T15:05:52","modified_gmt":"2026-03-26T13:05:52","slug":"alk1353-lk","status":"publish","type":"product","link":"https:\/\/e-flore.store\/lv\/produkts\/alk1353-lk\/","title":{"rendered":"ALK1353 LK"},"content":{"rendered":"<p><img decoding=\"async\" style=\"width: 100%; height: auto; display: block;\" src=\"\/wp-content\/uploads\/2026\/01\/ALK1353-LK-PARENT_desc.jpg\" \/><\/p>\n<div id=\"eflore-spacer-v55\" style=\"height: 0px; clear: both; width: 100%; display: block;\"><\/div>\n<p style=\"margin-bottom: 10px; margin-top: 30px;\"><strong>ALKALISCHER BREITBRANDREINIGER F\u00dcR\u00a0<\/strong><strong>MATERIALW<\/strong>\u00c4<strong>SCHER<\/strong><strong>\u00a0UND DIE MANUELLE REINIGUNG<\/strong><\/p>\n<p style=\"margin-bottom: 10px; margin-top: 30px;\"><strong>Anwendungsgebiete<\/strong><\/p>\n<p style=\"margin-bottom: 8px; margin-top: 0px; line-height: 1.6;\">&#8220;ALK1353 LK&#8221; ist ein universeller Reiniger f\u00fcr die Entfernung von \u00d6len, K\u00fchlschmierstoffr\u00fcckst\u00e4nden und Fetten auf Werkzeugen, Blechen, Werkst\u00fccken im Tauchverfahren, Materialw\u00e4scher und zur manuellen Reinigung. &#8220;ALK1353 LK&#8221;\u00a0ist extrem schaumarm und kann leicht abgesp\u00fclt werden. &#8220;ALK1353 LK&#8221;\u00a0ist geeignet f\u00fcr alle Eisen- und Stahlarten.<\/p>\n<p style=\"margin-bottom: 10px; margin-top: 30px;\"><strong>Verarbeitung<\/strong><\/p>\n<p style=\"margin-bottom: 10px; margin-top: 30px;\"><strong>&#8220;ALK1353 LK&#8221;\u00a0wird bei der\u00a0angewendet:<\/strong><\/p>\n<p style=\"margin-bottom: 2px; margin-top: 0px; line-height: 1.4;\">manuellen Reinigung:\u00a0 1-5 %ig<\/p>\n<p style=\"margin-bottom: 2px; margin-top: 0px; line-height: 1.4;\">Automatenreinigung:\u00a0 1-5 %ig<\/p>\n<p style=\"margin-bottom: 2px; margin-top: 0px; line-height: 1.4;\">Spr\u00fchreinigung:\u00a0 1-3 %ig<\/p>\n<p style=\"margin-bottom: 2px; margin-top: 0px; line-height: 1.4;\">Tauchreinigung:\u00a0 1-5 %ig<\/p>\n<p style=\"margin-bottom: 10px; margin-top: 30px;\"><strong>Hinweise:<\/strong><\/p>\n<p style=\"margin-bottom: 8px; margin-top: 0px; line-height: 1.6;\">&#8220;ALK1353 LK&#8221;\u00a0enth\u00e4lt gem\u00e4\u00df EG 648\/2004 VO Detergenzien: nichtionogene Tenside &lt; 0,1 %; Glycole, Phosphate, Farb- und Duftstoffe.<\/p>\n<p style=\"margin-bottom: 2px; margin-top: 20px; line-height: 1.4;\"><strong>pH<\/strong>: 9,5 (Konz.)<\/p>\n","protected":false},"excerpt":{"rendered":"<p>ALKALISCHER BREITBRANDREINIGER F\u00dcR\u00a0MATERIALW\u00c4SCHER\u00a0UND DIE MANUELLE REINIGUNG Anwendungsgebiete &#8220;ALK1353 LK&#8221; ist ein universeller Reiniger f\u00fcr die Entfernung von \u00d6len, K\u00fchlschmierstoffr\u00fcckst\u00e4nden und Fetten auf Werkzeugen, Blechen, Werkst\u00fccken im Tauchverfahren, Materialw\u00e4scher und zur manuellen Reinigung. &#8220;ALK1353 LK&#8221;\u00a0ist extrem schaumarm und kann leicht abgesp\u00fclt werden. &#8220;ALK1353 LK&#8221;\u00a0ist geeignet f\u00fcr alle Eisen- und Stahlarten. Verarbeitung &#8220;ALK1353 LK&#8221;\u00a0wird bei der\u00a0angewendet: manuellen&#8230;<\/p>\n","protected":false},"featured_media":4063,"template":"","meta":[],"product_brand":[319],"product_cat":[420,417,414],"product_tag":[],"class_list":{"0":"post-4062","1":"product","2":"type-product","3":"status-publish","4":"has-post-thumbnail","6":"product_brand-chemie-spezial","7":"product_cat-tirisana-un-attaukosana","8":"product_cat-industrija","9":"product_cat-chemie-spezial-produkti","11":"first","12":"instock","13":"shipping-taxable","14":"purchasable","15":"product-type-variable","16":"has-default-attributes"},"_links":{"self":[{"href":"https:\/\/e-flore.store\/lv\/wp-json\/wp\/v2\/product\/4062","targetHints":{"allow":["GET"]}}],"collection":[{"href":"https:\/\/e-flore.store\/lv\/wp-json\/wp\/v2\/product"}],"about":[{"href":"https:\/\/e-flore.store\/lv\/wp-json\/wp\/v2\/types\/product"}],"wp:featuredmedia":[{"embeddable":true,"href":"https:\/\/e-flore.store\/lv\/wp-json\/wp\/v2\/media\/4063"}],"wp:attachment":[{"href":"https:\/\/e-flore.store\/lv\/wp-json\/wp\/v2\/media?parent=4062"}],"wp:term":[{"taxonomy":"product_brand","embeddable":true,"href":"https:\/\/e-flore.store\/lv\/wp-json\/wp\/v2\/product_brand?post=4062"},{"taxonomy":"product_cat","embeddable":true,"href":"https:\/\/e-flore.store\/lv\/wp-json\/wp\/v2\/product_cat?post=4062"},{"taxonomy":"product_tag","embeddable":true,"href":"https:\/\/e-flore.store\/lv\/wp-json\/wp\/v2\/product_tag?post=4062"}],"curies":[{"name":"wp","href":"https:\/\/api.w.org\/{rel}","templated":true}]}}