{"id":4067,"date":"2026-02-03T16:02:50","date_gmt":"2026-02-03T14:02:50","guid":{"rendered":"https:\/\/demo8.izveide.id.lv\/?post_type=product&#038;p=4067"},"modified":"2026-03-26T15:05:47","modified_gmt":"2026-03-26T13:05:47","slug":"alk1477-lk","status":"publish","type":"product","link":"https:\/\/e-flore.store\/lv\/produkts\/alk1477-lk\/","title":{"rendered":"ALK1477 LK"},"content":{"rendered":"<p><img decoding=\"async\" src=\"\/wp-content\/uploads\/2026\/01\/ALK1477-LK-PARENT_desc.jpg\"\/ style=\"width: 100%; height: auto; display: block;\"><\/p>\n<p><p><\/p>\n<p><b>ALKALISCHER BREITBANDREINIGER F\u00dcR TAUCHB\u00c4DER UND DIE MANUELLE REINIGUNG<\/b><\/p>\n<p><b>Anwendungsgebiete:<br \/><\/b><\/p>\n<p style=\"text-align: justify; \">&#8220;ALK1477 LK&#8221; ist ein universeller Reiniger f\u00fcr die Entfernung von \u00d6len, Reste von K\u00fchlschmierstoffe und Fetten auf Werkzeugen, Blechen, Werkst\u00fccken im Tauchverfahren und zur manuellen Reinigung. <\/p>\n<p style=\"text-align: justify; \"><span style=\"letter-spacing: normal;\">&#8220;ALK1477 LK&#8221;<\/span> ist extrem schaumarm und kann leicht abgesp\u00fclt werden. <\/p>\n<p style=\"text-align: justify; \"><span style=\"letter-spacing: normal;\">&#8220;ALK1477 LK&#8221;<\/span> ist geeignet f\u00fcr alle Eisen- und Stahlarten. Nicht geeignet f\u00fcr Buntmetalle. Ein tempor\u00e4rer Korrosionsschutz verhindert eine Flugrostbildung auf den Werkst\u00fccken.<\/p>\n<p style=\"\"><b>Verarbeitung:<\/b><\/p>\n<p style=\"\"><span style=\"letter-spacing: normal; text-align: justify;\">&#8220;ALK1477 LK&#8221;<\/span> wird bei der Tauch- und manuellen Reinigung 1 \u2013 5% ig angewendet.<\/p>\n<p style=\"\"><b>pH:<\/b> 13,2 (Konz.) <\/p><\/p>\n","protected":false},"excerpt":{"rendered":"<p>ALKALISCHER BREITBANDREINIGER F\u00dcR TAUCHB\u00c4DER UND DIE MANUELLE REINIGUNG Anwendungsgebiete: &#8220;ALK1477 LK&#8221; ist ein universeller Reiniger f\u00fcr die Entfernung von \u00d6len, Reste von K\u00fchlschmierstoffe und Fetten auf Werkzeugen, Blechen, Werkst\u00fccken im Tauchverfahren und zur manuellen Reinigung. &#8220;ALK1477 LK&#8221; ist extrem schaumarm und kann leicht abgesp\u00fclt werden. &#8220;ALK1477 LK&#8221; ist geeignet f\u00fcr alle Eisen- und Stahlarten. Nicht&#8230;<\/p>\n","protected":false},"featured_media":4068,"template":"","meta":[],"product_brand":[319],"product_cat":[420,417,414],"product_tag":[],"class_list":{"0":"post-4067","1":"product","2":"type-product","3":"status-publish","4":"has-post-thumbnail","6":"product_brand-chemie-spezial","7":"product_cat-tirisana-un-attaukosana","8":"product_cat-industrija","9":"product_cat-chemie-spezial-produkti","11":"first","12":"instock","13":"shipping-taxable","14":"purchasable","15":"product-type-variable","16":"has-default-attributes"},"_links":{"self":[{"href":"https:\/\/e-flore.store\/lv\/wp-json\/wp\/v2\/product\/4067","targetHints":{"allow":["GET"]}}],"collection":[{"href":"https:\/\/e-flore.store\/lv\/wp-json\/wp\/v2\/product"}],"about":[{"href":"https:\/\/e-flore.store\/lv\/wp-json\/wp\/v2\/types\/product"}],"wp:featuredmedia":[{"embeddable":true,"href":"https:\/\/e-flore.store\/lv\/wp-json\/wp\/v2\/media\/4068"}],"wp:attachment":[{"href":"https:\/\/e-flore.store\/lv\/wp-json\/wp\/v2\/media?parent=4067"}],"wp:term":[{"taxonomy":"product_brand","embeddable":true,"href":"https:\/\/e-flore.store\/lv\/wp-json\/wp\/v2\/product_brand?post=4067"},{"taxonomy":"product_cat","embeddable":true,"href":"https:\/\/e-flore.store\/lv\/wp-json\/wp\/v2\/product_cat?post=4067"},{"taxonomy":"product_tag","embeddable":true,"href":"https:\/\/e-flore.store\/lv\/wp-json\/wp\/v2\/product_tag?post=4067"}],"curies":[{"name":"wp","href":"https:\/\/api.w.org\/{rel}","templated":true}]}}