{"id":4077,"date":"2026-02-03T16:02:51","date_gmt":"2026-02-03T14:02:51","guid":{"rendered":"https:\/\/demo8.izveide.id.lv\/?post_type=product&#038;p=4077"},"modified":"2026-03-26T15:05:44","modified_gmt":"2026-03-26T13:05:44","slug":"alk055-lk","status":"publish","type":"product","link":"https:\/\/e-flore.store\/lv\/produkts\/alk055-lk\/","title":{"rendered":"ALK055 LK"},"content":{"rendered":"<p><img decoding=\"async\" src=\"\/wp-content\/uploads\/2026\/01\/ALK055-LK-PARENT_desc.jpg\"\/ style=\"width: 100%; height: auto; display: block;\"><\/p>\n<p><p><\/p>\n<p><b>HOCHDRUCKREINIGER &#8211; VIELZWECKREINIGER &#8211; FETTL<\/b><b>\u00d6<\/b><b>SER<\/b><\/p>\n<p style=\"text-align: justify; \"><b>Anwendungsgebiete<\/b> <\/p>\n<p style=\"text-align: justify; \">&#8220;ALK055 LK&#8221; besitzt noch in gro\u00dfer Verd\u00fcnnung eine hervorragende Reinigungsleistung und Emulgierwirkung f\u00fcr \u00d6le, Fette und starke Schmutzablagerungen aller Art. Die Anwendung von <span style=\"letter-spacing: normal;\">&#8220;ALK055 LK&#8221;<\/span> als Universal-reiniger erstreckt sich auch auf den Lebensmittelbereich. <span style=\"letter-spacing: normal;\">&#8220;ALK055 LK&#8221;<\/span> trocknet klar auf. Das Erzeugnis netzt gut und hat deshalb die F\u00e4higkeit, in verschmutzte Poren und Ritzen einzudringen und den Schmutz herauszul\u00f6sen. <\/p>\n<p style=\"text-align: justify; \">Beispiele f\u00fcr Einsatzgebiete sind: <\/p>\n<p style=\"text-align: justify; \">In der Industrie: Hallen- und Werkstattb\u00f6den, verschmutzte W\u00e4nde, Tr\u00e4ger und Decken. Entfettung von Teilen und Blechen. <\/p>\n<p style=\"text-align: justify; \">Im Speditionsbereich: Nutzfahrzeug- und Planenreinigung. <\/p>\n<p style=\"text-align: justify; \">In Gro\u00dfk\u00fcchen, Grillstuben, R\u00e4uchereien und K\u00fchlhallen allgemeine Entfernung von Fetten. Die Verwendung von hei\u00dfem Wasser unterst\u00fctzt meist den Reinigungsvorgang. <span style=\"letter-spacing: normal;\">&#8220;ALK055 LK&#8221;<\/span> kann manuell, in Reinigungsmaschinen oder Hochdruckger\u00e4ten verwendet werden. In Maschinen werden Dichtungen und Schl\u00e4uche nicht angegriffen.<\/p>\n<p style=\"text-align: justify; \"><b>Verarbeitung<\/b> <\/p>\n<p style=\"text-align: justify; \">Zur Reinigung von Hand oder mit Reinigungsmaschinen <span style=\"letter-spacing: normal;\">&#8220;ALK055 LK&#8221;<\/span> in einer Verd\u00fcnnung von 1:5 bis 1:30 verarbeiten. Die aufgetragene L\u00f6sung einwirken lassen, aufnehmen und eventuell mit klarem Wasser nachwaschen. Im Hochdruckverfahren ebenfalls wie vorstehend beschrieben verd\u00fcnnen und aufspr\u00fchen, einwirken lassen und anschlie\u00dfend mit scharfem Strahl abspr\u00fchen.<\/p>\n<p style=\"text-align: justify; \"><b>Hinweise<\/b> <\/p>\n<p style=\"text-align: justify; \">Dieser Reiniger ist l\u00f6sungsmittelfrei und erf\u00fcllt die Anforderungen des deutschen Waschmittelgesetzes.<\/p>\n<p style=\"text-align: justify; \"><b>pH<\/b>: 11,2 (Konz.)<\/p><\/p>\n","protected":false},"excerpt":{"rendered":"<p>HOCHDRUCKREINIGER &#8211; VIELZWECKREINIGER &#8211; FETTL\u00d6SER Anwendungsgebiete &#8220;ALK055 LK&#8221; besitzt noch in gro\u00dfer Verd\u00fcnnung eine hervorragende Reinigungsleistung und Emulgierwirkung f\u00fcr \u00d6le, Fette und starke Schmutzablagerungen aller Art. Die Anwendung von &#8220;ALK055 LK&#8221; als Universal-reiniger erstreckt sich auch auf den Lebensmittelbereich. &#8220;ALK055 LK&#8221; trocknet klar auf. Das Erzeugnis netzt gut und hat deshalb die F\u00e4higkeit, in verschmutzte&#8230;<\/p>\n","protected":false},"featured_media":4078,"template":"","meta":[],"product_brand":[319],"product_cat":[417,420,414],"product_tag":[],"class_list":{"0":"post-4077","1":"product","2":"type-product","3":"status-publish","4":"has-post-thumbnail","6":"product_brand-chemie-spezial","7":"product_cat-industrija","8":"product_cat-tirisana-un-attaukosana","9":"product_cat-chemie-spezial-produkti","11":"first","12":"instock","13":"shipping-taxable","14":"purchasable","15":"product-type-variable","16":"has-default-attributes"},"_links":{"self":[{"href":"https:\/\/e-flore.store\/lv\/wp-json\/wp\/v2\/product\/4077","targetHints":{"allow":["GET"]}}],"collection":[{"href":"https:\/\/e-flore.store\/lv\/wp-json\/wp\/v2\/product"}],"about":[{"href":"https:\/\/e-flore.store\/lv\/wp-json\/wp\/v2\/types\/product"}],"wp:featuredmedia":[{"embeddable":true,"href":"https:\/\/e-flore.store\/lv\/wp-json\/wp\/v2\/media\/4078"}],"wp:attachment":[{"href":"https:\/\/e-flore.store\/lv\/wp-json\/wp\/v2\/media?parent=4077"}],"wp:term":[{"taxonomy":"product_brand","embeddable":true,"href":"https:\/\/e-flore.store\/lv\/wp-json\/wp\/v2\/product_brand?post=4077"},{"taxonomy":"product_cat","embeddable":true,"href":"https:\/\/e-flore.store\/lv\/wp-json\/wp\/v2\/product_cat?post=4077"},{"taxonomy":"product_tag","embeddable":true,"href":"https:\/\/e-flore.store\/lv\/wp-json\/wp\/v2\/product_tag?post=4077"}],"curies":[{"name":"wp","href":"https:\/\/api.w.org\/{rel}","templated":true}]}}