{"id":4082,"date":"2026-02-03T14:02:51","date_gmt":"2026-02-03T14:02:51","guid":{"rendered":"https:\/\/demo8.izveide.id.lv\/?post_type=product&#038;p=4082"},"modified":"2026-02-03T15:28:02","modified_gmt":"2026-02-03T15:28:02","slug":"druckspruher-15-l-saurefest-code-0065","status":"publish","type":"product","link":"https:\/\/e-flore.store\/lv\/produkts\/druckspruher-15-l-saurefest-code-0065\/","title":{"rendered":"Druckspr\u00fcher 1,5 l, s\u00e4urefest (kods 0065)"},"content":{"rendered":"<p><b>SMIDZIN\u0100\u0160ANAS IEK\u0100RTA<\/b><\/p>\n","protected":false},"excerpt":{"rendered":"<p>SMIDZIN\u0100\u0160ANAS IEK\u0100RTA<\/p>\n","protected":false},"featured_media":4083,"template":"","meta":[],"product_brand":[337],"product_cat":[353,404],"product_tag":[],"class_list":{"0":"post-4082","1":"product","2":"type-product","3":"status-publish","4":"has-post-thumbnail","6":"product_brand-flore-chemie","7":"product_cat-flore-chemie-produkti","8":"product_cat-iekartas-paliglidzekli","10":"first","11":"instock","12":"shipping-taxable","13":"purchasable","14":"product-type-simple"},"_links":{"self":[{"href":"https:\/\/e-flore.store\/lv\/wp-json\/wp\/v2\/product\/4082","targetHints":{"allow":["GET"]}}],"collection":[{"href":"https:\/\/e-flore.store\/lv\/wp-json\/wp\/v2\/product"}],"about":[{"href":"https:\/\/e-flore.store\/lv\/wp-json\/wp\/v2\/types\/product"}],"wp:featuredmedia":[{"embeddable":true,"href":"https:\/\/e-flore.store\/lv\/wp-json\/wp\/v2\/media\/4083"}],"wp:attachment":[{"href":"https:\/\/e-flore.store\/lv\/wp-json\/wp\/v2\/media?parent=4082"}],"wp:term":[{"taxonomy":"product_brand","embeddable":true,"href":"https:\/\/e-flore.store\/lv\/wp-json\/wp\/v2\/product_brand?post=4082"},{"taxonomy":"product_cat","embeddable":true,"href":"https:\/\/e-flore.store\/lv\/wp-json\/wp\/v2\/product_cat?post=4082"},{"taxonomy":"product_tag","embeddable":true,"href":"https:\/\/e-flore.store\/lv\/wp-json\/wp\/v2\/product_tag?post=4082"}],"curies":[{"name":"wp","href":"https:\/\/api.w.org\/{rel}","templated":true}]}}