{"id":4084,"date":"2026-02-03T14:02:52","date_gmt":"2026-02-03T14:02:52","guid":{"rendered":"https:\/\/demo8.izveide.id.lv\/?post_type=product&#038;p=4084"},"modified":"2026-02-19T18:41:28","modified_gmt":"2026-02-19T16:41:28","slug":"schaumkanone-v-8-kod-0540","status":"publish","type":"product","link":"https:\/\/e-flore.store\/lv\/produkts\/schaumkanone-v-8-kod-0540\/","title":{"rendered":"Schaumkanone V 8 (kods 0540)"},"content":{"rendered":"<div id=\"eflore-spacer-v55\" style=\"height: 0px; clear: both; width: 100%; display: block;\"><\/div>\n<p style=\"margin-bottom: 10px; margin-top: 30px;\"><strong>Putu pistole V 8<\/strong><\/p>\n<p style=\"margin-bottom: 8px; margin-top: 0px; line-height: 1.6;\">\u2022 Putu pistole V 8 piesl\u0113dzama pie jebkur\u0101m standarta \u016bdens \u0161\u013c\u016bten\u0113m<\/p>\n<p style=\"margin-bottom: 8px; margin-top: 0px; line-height: 1.6;\">\u2022 Pieejama ar 1L vai 2L tilpumu<\/p>\n<p style=\"margin-bottom: 8px; margin-top: 0px; line-height: 1.6;\">\u2022 Iesp\u0113jam\u0101 doz\u0101cija ar \u016bdeni proporcij\u0101s 1:259 l\u012bdz 1:3<\/p>\n","protected":false},"excerpt":{"rendered":"<p>Putu pistole V 8 \u2022 Putu pistole V 8 piesl\u0113dzama pie jebkur\u0101m standarta \u016bdens \u0161\u013c\u016bten\u0113m \u2022 Pieejama ar 1L vai 2L tilpumu \u2022 Iesp\u0113jam\u0101 doz\u0101cija ar \u016bdeni proporcij\u0101s 1:259 l\u012bdz 1:3<\/p>\n","protected":false},"featured_media":4085,"template":"","meta":[],"product_brand":[337],"product_cat":[353,404],"product_tag":[],"class_list":{"0":"post-4084","1":"product","2":"type-product","3":"status-publish","4":"has-post-thumbnail","6":"product_brand-flore-chemie","7":"product_cat-flore-chemie-produkti","8":"product_cat-iekartas-paliglidzekli","10":"first","11":"instock","12":"shipping-taxable","13":"purchasable","14":"product-type-simple"},"_links":{"self":[{"href":"https:\/\/e-flore.store\/lv\/wp-json\/wp\/v2\/product\/4084","targetHints":{"allow":["GET"]}}],"collection":[{"href":"https:\/\/e-flore.store\/lv\/wp-json\/wp\/v2\/product"}],"about":[{"href":"https:\/\/e-flore.store\/lv\/wp-json\/wp\/v2\/types\/product"}],"wp:featuredmedia":[{"embeddable":true,"href":"https:\/\/e-flore.store\/lv\/wp-json\/wp\/v2\/media\/4085"}],"wp:attachment":[{"href":"https:\/\/e-flore.store\/lv\/wp-json\/wp\/v2\/media?parent=4084"}],"wp:term":[{"taxonomy":"product_brand","embeddable":true,"href":"https:\/\/e-flore.store\/lv\/wp-json\/wp\/v2\/product_brand?post=4084"},{"taxonomy":"product_cat","embeddable":true,"href":"https:\/\/e-flore.store\/lv\/wp-json\/wp\/v2\/product_cat?post=4084"},{"taxonomy":"product_tag","embeddable":true,"href":"https:\/\/e-flore.store\/lv\/wp-json\/wp\/v2\/product_tag?post=4084"}],"curies":[{"name":"wp","href":"https:\/\/api.w.org\/{rel}","templated":true}]}}