{"id":4088,"date":"2026-02-03T14:02:52","date_gmt":"2026-02-03T14:02:52","guid":{"rendered":"https:\/\/demo8.izveide.id.lv\/?post_type=product&#038;p=4088"},"modified":"2026-02-03T15:28:04","modified_gmt":"2026-02-03T15:28:04","slug":"dosierpumpe-fur-5-und-10-l-kunststoffkanister-kod-0081","status":"publish","type":"product","link":"https:\/\/e-flore.store\/lv\/produkts\/dosierpumpe-fur-5-und-10-l-kunststoffkanister-kod-0081\/","title":{"rendered":"Dosierpumpe f\u00fcr 5 und 10 L kunststoffkanister (kods 0081)"},"content":{"rendered":"<p><p><b>Doz\u0113\u0161anas s\u016bknis 5L un 10L plastmasas kann\u0101m<\/b><\/p><\/p>\n","protected":false},"excerpt":{"rendered":"<p>Doz\u0113\u0161anas s\u016bknis 5L un 10L plastmasas kann\u0101m<\/p>\n","protected":false},"featured_media":4089,"template":"","meta":[],"product_brand":[],"product_cat":[353,404],"product_tag":[],"class_list":{"0":"post-4088","1":"product","2":"type-product","3":"status-publish","4":"has-post-thumbnail","6":"product_cat-flore-chemie-produkti","7":"product_cat-iekartas-paliglidzekli","9":"first","10":"instock","11":"shipping-taxable","12":"purchasable","13":"product-type-simple"},"_links":{"self":[{"href":"https:\/\/e-flore.store\/lv\/wp-json\/wp\/v2\/product\/4088","targetHints":{"allow":["GET"]}}],"collection":[{"href":"https:\/\/e-flore.store\/lv\/wp-json\/wp\/v2\/product"}],"about":[{"href":"https:\/\/e-flore.store\/lv\/wp-json\/wp\/v2\/types\/product"}],"wp:featuredmedia":[{"embeddable":true,"href":"https:\/\/e-flore.store\/lv\/wp-json\/wp\/v2\/media\/4089"}],"wp:attachment":[{"href":"https:\/\/e-flore.store\/lv\/wp-json\/wp\/v2\/media?parent=4088"}],"wp:term":[{"taxonomy":"product_brand","embeddable":true,"href":"https:\/\/e-flore.store\/lv\/wp-json\/wp\/v2\/product_brand?post=4088"},{"taxonomy":"product_cat","embeddable":true,"href":"https:\/\/e-flore.store\/lv\/wp-json\/wp\/v2\/product_cat?post=4088"},{"taxonomy":"product_tag","embeddable":true,"href":"https:\/\/e-flore.store\/lv\/wp-json\/wp\/v2\/product_tag?post=4088"}],"curies":[{"name":"wp","href":"https:\/\/api.w.org\/{rel}","templated":true}]}}