{"id":4092,"date":"2026-02-03T14:02:52","date_gmt":"2026-02-03T14:02:52","guid":{"rendered":"https:\/\/demo8.izveide.id.lv\/?post_type=product&#038;p=4092"},"modified":"2026-02-03T15:28:05","modified_gmt":"2026-02-03T15:28:05","slug":"spruhkopf-kunststoff-fur-05-und-1-l-flasche-kod-0079","status":"publish","type":"product","link":"https:\/\/e-flore.store\/lv\/produkts\/spruhkopf-kunststoff-fur-05-und-1-l-flasche-kod-0079\/","title":{"rendered":"Spr\u00fchkopf kunststoff f\u00fcr 0,5 und 1 L flasche (kods 0079)"},"content":{"rendered":"<ul>\n<li><b>Plastmasas smidzin\u0101\u0161anas iek\u0101rta 0,5L un 1L pudel\u0113m<\/b><\/li>\n<\/ul>\n","protected":false},"excerpt":{"rendered":"<p>Plastmasas smidzin\u0101\u0161anas iek\u0101rta 0,5L un 1L pudel\u0113m<\/p>\n","protected":false},"featured_media":4093,"template":"","meta":[],"product_brand":[337],"product_cat":[353,404],"product_tag":[],"class_list":{"0":"post-4092","1":"product","2":"type-product","3":"status-publish","4":"has-post-thumbnail","6":"product_brand-flore-chemie","7":"product_cat-flore-chemie-produkti","8":"product_cat-iekartas-paliglidzekli","10":"first","11":"instock","12":"shipping-taxable","13":"purchasable","14":"product-type-simple"},"_links":{"self":[{"href":"https:\/\/e-flore.store\/lv\/wp-json\/wp\/v2\/product\/4092","targetHints":{"allow":["GET"]}}],"collection":[{"href":"https:\/\/e-flore.store\/lv\/wp-json\/wp\/v2\/product"}],"about":[{"href":"https:\/\/e-flore.store\/lv\/wp-json\/wp\/v2\/types\/product"}],"wp:featuredmedia":[{"embeddable":true,"href":"https:\/\/e-flore.store\/lv\/wp-json\/wp\/v2\/media\/4093"}],"wp:attachment":[{"href":"https:\/\/e-flore.store\/lv\/wp-json\/wp\/v2\/media?parent=4092"}],"wp:term":[{"taxonomy":"product_brand","embeddable":true,"href":"https:\/\/e-flore.store\/lv\/wp-json\/wp\/v2\/product_brand?post=4092"},{"taxonomy":"product_cat","embeddable":true,"href":"https:\/\/e-flore.store\/lv\/wp-json\/wp\/v2\/product_cat?post=4092"},{"taxonomy":"product_tag","embeddable":true,"href":"https:\/\/e-flore.store\/lv\/wp-json\/wp\/v2\/product_tag?post=4092"}],"curies":[{"name":"wp","href":"https:\/\/api.w.org\/{rel}","templated":true}]}}