{"id":4094,"date":"2026-02-03T14:02:52","date_gmt":"2026-02-03T14:02:52","guid":{"rendered":"https:\/\/demo8.izveide.id.lv\/?post_type=product&#038;p=4094"},"modified":"2026-02-03T15:28:05","modified_gmt":"2026-02-03T15:28:05","slug":"auslaufhahn-fur-5-und-10-l-kunststoffkanister-kod-0083","status":"publish","type":"product","link":"https:\/\/e-flore.store\/lv\/produkts\/auslaufhahn-fur-5-und-10-l-kunststoffkanister-kod-0083\/","title":{"rendered":"Auslaufhahn f\u00fcr 5 und 10 L kunststoffkanister (kods 0083)"},"content":{"rendered":"<p><p><b>Kr\u0101ns 5L un 10L plastmasas kann\u0101m produkta izlie\u0161anai<\/b><\/p><\/p>\n","protected":false},"excerpt":{"rendered":"<p>Kr\u0101ns 5L un 10L plastmasas kann\u0101m produkta izlie\u0161anai<\/p>\n","protected":false},"featured_media":4095,"template":"","meta":[],"product_brand":[337],"product_cat":[353,404],"product_tag":[],"class_list":{"0":"post-4094","1":"product","2":"type-product","3":"status-publish","4":"has-post-thumbnail","6":"product_brand-flore-chemie","7":"product_cat-flore-chemie-produkti","8":"product_cat-iekartas-paliglidzekli","10":"first","11":"instock","12":"shipping-taxable","13":"purchasable","14":"product-type-simple"},"_links":{"self":[{"href":"https:\/\/e-flore.store\/lv\/wp-json\/wp\/v2\/product\/4094","targetHints":{"allow":["GET"]}}],"collection":[{"href":"https:\/\/e-flore.store\/lv\/wp-json\/wp\/v2\/product"}],"about":[{"href":"https:\/\/e-flore.store\/lv\/wp-json\/wp\/v2\/types\/product"}],"wp:featuredmedia":[{"embeddable":true,"href":"https:\/\/e-flore.store\/lv\/wp-json\/wp\/v2\/media\/4095"}],"wp:attachment":[{"href":"https:\/\/e-flore.store\/lv\/wp-json\/wp\/v2\/media?parent=4094"}],"wp:term":[{"taxonomy":"product_brand","embeddable":true,"href":"https:\/\/e-flore.store\/lv\/wp-json\/wp\/v2\/product_brand?post=4094"},{"taxonomy":"product_cat","embeddable":true,"href":"https:\/\/e-flore.store\/lv\/wp-json\/wp\/v2\/product_cat?post=4094"},{"taxonomy":"product_tag","embeddable":true,"href":"https:\/\/e-flore.store\/lv\/wp-json\/wp\/v2\/product_tag?post=4094"}],"curies":[{"name":"wp","href":"https:\/\/api.w.org\/{rel}","templated":true}]}}