{"id":4098,"date":"2026-02-03T14:02:53","date_gmt":"2026-02-03T14:02:53","guid":{"rendered":"https:\/\/demo8.izveide.id.lv\/?post_type=product&#038;p=4098"},"modified":"2026-02-03T15:28:06","modified_gmt":"2026-02-03T15:28:06","slug":"tm-4-kod-1001","status":"publish","type":"product","link":"https:\/\/e-flore.store\/lv\/produkts\/tm-4-kod-1001\/","title":{"rendered":"TM 4 (kods 1001)"},"content":{"rendered":"<p><p><b>M\u012aKSTO GR\u012aDAS SEGUMU SAUS\u0100S \u0136\u012aMISK\u0100S T\u012aR\u012a\u0160ANAS MA\u0160\u012aNA<\/b><\/p><\/p>\n","protected":false},"excerpt":{"rendered":"<p>M\u012aKSTO GR\u012aDAS SEGUMU SAUS\u0100S \u0136\u012aMISK\u0100S T\u012aR\u012a\u0160ANAS MA\u0160\u012aNA<\/p>\n","protected":false},"featured_media":4099,"template":"","meta":[],"product_brand":[337],"product_cat":[353,404],"product_tag":[],"class_list":{"0":"post-4098","1":"product","2":"type-product","3":"status-publish","4":"has-post-thumbnail","6":"product_brand-flore-chemie","7":"product_cat-flore-chemie-produkti","8":"product_cat-iekartas-paliglidzekli","10":"first","11":"instock","12":"shipping-taxable","13":"purchasable","14":"product-type-simple"},"_links":{"self":[{"href":"https:\/\/e-flore.store\/lv\/wp-json\/wp\/v2\/product\/4098","targetHints":{"allow":["GET"]}}],"collection":[{"href":"https:\/\/e-flore.store\/lv\/wp-json\/wp\/v2\/product"}],"about":[{"href":"https:\/\/e-flore.store\/lv\/wp-json\/wp\/v2\/types\/product"}],"wp:featuredmedia":[{"embeddable":true,"href":"https:\/\/e-flore.store\/lv\/wp-json\/wp\/v2\/media\/4099"}],"wp:attachment":[{"href":"https:\/\/e-flore.store\/lv\/wp-json\/wp\/v2\/media?parent=4098"}],"wp:term":[{"taxonomy":"product_brand","embeddable":true,"href":"https:\/\/e-flore.store\/lv\/wp-json\/wp\/v2\/product_brand?post=4098"},{"taxonomy":"product_cat","embeddable":true,"href":"https:\/\/e-flore.store\/lv\/wp-json\/wp\/v2\/product_cat?post=4098"},{"taxonomy":"product_tag","embeddable":true,"href":"https:\/\/e-flore.store\/lv\/wp-json\/wp\/v2\/product_tag?post=4098"}],"curies":[{"name":"wp","href":"https:\/\/api.w.org\/{rel}","templated":true}]}}