{"id":4102,"date":"2026-02-03T16:02:53","date_gmt":"2026-02-03T14:02:53","guid":{"rendered":"https:\/\/demo8.izveide.id.lv\/?post_type=product&#038;p=4102"},"modified":"2026-03-26T15:05:40","modified_gmt":"2026-03-26T13:05:40","slug":"florin-algen-ex-bt-code-1144","status":"publish","type":"product","link":"https:\/\/e-flore.store\/lv\/produkts\/florin-algen-ex-bt-code-1144\/","title":{"rendered":"Florin Algen Ex BT (kods 1144)"},"content":{"rendered":"<p><img decoding=\"async\" style=\"width: 100%; height: auto; display: block;\" src=\"\/wp-content\/uploads\/2026\/01\/1144-PARENT_desc.jpg\" \/><\/p>\n<div id=\"eflore-spacer-v55\" style=\"height: 0px; clear: both; width: 100%; display: block;\"><\/div>\n<p style=\"margin-bottom: 10px; margin-top: 30px;\"><strong>PIEDEVA \u016aDENSTILPN\u0112M PRET A\u013b\u0122\u0112M UN BAKT\u0112RIJ\u0100M<\/strong><\/p>\n<p style=\"margin-bottom: 10px; margin-top: 30px;\"><strong>\u012apa\u0161\u012bbas<\/strong>:<\/p>\n<p style=\"margin-bottom: 8px; margin-top: 0px; line-height: 1.6;\">*Biolo\u0123iski sadal\u0101s dab\u0101.<\/p>\n<p style=\"margin-bottom: 8px; margin-top: 0px; line-height: 1.6;\">*Neveido putas, nav toksisks.<\/p>\n<p style=\"margin-bottom: 8px; margin-top: 0px; line-height: 1.6;\">*Piln\u012bgi nekait\u012bgs cilv\u0113kiem, kuri atrodas \u016bden\u012b.<\/p>\n<p style=\"margin-bottom: 8px; margin-top: 0px; line-height: 1.6;\">*Basein\u0101 nav j\u016btama ne smar\u017ea, ne gar\u0161a.<\/p>\n<p style=\"margin-bottom: 8px; margin-top: 0px; line-height: 1.6;\">*Piln\u012bgi nov\u0113r\u0161 bakt\u0113riju vairo\u0161anos pat proporcij\u0101 1:500 000.<\/p>\n<p style=\"margin-bottom: 10px; margin-top: 30px;\"><strong>Pielieto\u0161anas iesp\u0113jas<\/strong>:<\/p>\n<p style=\"margin-bottom: 8px; margin-top: 0px; line-height: 1.6;\">*Sald\u0113\u0161anas iek\u0101rt\u0101s.<\/p>\n<p style=\"margin-bottom: 8px; margin-top: 0px; line-height: 1.6;\">*Str\u016bklak\u0101s.<\/p>\n<p style=\"margin-bottom: 8px; margin-top: 0px; line-height: 1.6;\">*Baseinos.<\/p>\n<p style=\"margin-bottom: 8px; margin-top: 0px; line-height: 1.6;\">*Piem\u0101jas \u016bdenstilpn\u0113s.<\/p>\n<p style=\"margin-bottom: 10px; margin-top: 30px;\"><strong>Pielieto\u0161anas veidi un uzglab\u0101\u0161ana<\/strong>:<\/p>\n<p style=\"margin-bottom: 8px; margin-top: 0px; line-height: 1.6;\">*L\u012bdzeklis pielietojams \u016bdenstilpn\u0113s proporcij\u0101 1 litrs uz 10 \u2013 50 m\u00b3, turpm\u0101k pievienojot prepar\u0101tu 1 reizi ned\u0113\u013c\u0101, 10% apjom\u0101 no pirmreiz\u0113j\u0101 pielietojuma daudzuma.<\/p>\n<p style=\"margin-bottom: 8px; margin-top: 0px; line-height: 1.6;\">*Sald\u0113\u0161anas sist\u0113m\u0101s izmantot 1:5000 l\u012bdz 1:30000.<\/p>\n<p style=\"margin-bottom: 8px; margin-top: 0px; line-height: 1.6;\">Uzglab\u0101t sl\u0113gt\u0101 trauk\u0101! Sarg\u0101t no b\u0113rniem! Nok\u013c\u016bstot ac\u012bs, skalot ar lielu \u016bdens daudzumu! B\u012bstam\u012bbas kategorija \u201cXi\u201d.<\/p>\n<p style=\"margin-bottom: 8px; margin-top: 0px; line-height: 1.6;\">Uzman\u012bbu! Koncentr\u0101ts kairina acis un \u0101du! Neizmantot, ja \u016bdenstilpn\u0113 dz\u012bvo zivis!<\/p>\n<p style=\"margin-bottom: 10px; margin-top: 30px;\"><strong>Tehniskais raksturojums<\/strong>:<\/p>\n<p style=\"margin-bottom: 8px; margin-top: 0px; line-height: 1.6;\">*<strong>Fizisk\u0101 forma<\/strong>: \u0161\u0137idrums<\/p>\n<p style=\"margin-bottom: 8px; margin-top: 0px; line-height: 1.6;\">*<strong>Bl\u012bvums (20 \u00baC)<\/strong>: 1.00 g \/ ml<\/p>\n<p style=\"margin-bottom: 8px; margin-top: 0px; line-height: 1.6;\">*<strong>PH l\u012bmenis<\/strong>: 8.5<\/p>\n<p style=\"margin-bottom: 8px; margin-top: 0px; line-height: 1.6;\">*<strong>Uzliesmo\u0161anas temperat\u016bra<\/strong>: +45 \u00baC<\/p>\n<p style=\"margin-bottom: 8px; margin-top: 0px; line-height: 1.6;\">*<strong>Produkta kods<\/strong>: 1144<\/p>\n","protected":false},"excerpt":{"rendered":"<p>PIEDEVA \u016aDENSTILPN\u0112M PRET A\u013b\u0122\u0112M UN BAKT\u0112RIJ\u0100M \u012apa\u0161\u012bbas: *Biolo\u0123iski sadal\u0101s dab\u0101. *Neveido putas, nav toksisks. *Piln\u012bgi nekait\u012bgs cilv\u0113kiem, kuri atrodas \u016bden\u012b. *Basein\u0101 nav j\u016btama ne smar\u017ea, ne gar\u0161a. *Piln\u012bgi nov\u0113r\u0161 bakt\u0113riju vairo\u0161anos pat proporcij\u0101 1:500 000. Pielieto\u0161anas iesp\u0113jas: *Sald\u0113\u0161anas iek\u0101rt\u0101s. *Str\u016bklak\u0101s. *Baseinos. *Piem\u0101jas \u016bdenstilpn\u0113s. Pielieto\u0161anas veidi un uzglab\u0101\u0161ana: *L\u012bdzeklis pielietojams \u016bdenstilpn\u0113s proporcij\u0101 1 litrs uz 10&#8230;<\/p>\n","protected":false},"featured_media":4103,"template":"","meta":[],"product_brand":[],"product_cat":[353,401],"product_tag":[],"class_list":{"0":"post-4102","1":"product","2":"type-product","3":"status-publish","4":"has-post-thumbnail","6":"product_cat-flore-chemie-produkti","7":"product_cat-paligvielas-piedevas","9":"first","10":"instock","11":"shipping-taxable","12":"purchasable","13":"product-type-variable","14":"has-default-attributes"},"_links":{"self":[{"href":"https:\/\/e-flore.store\/lv\/wp-json\/wp\/v2\/product\/4102","targetHints":{"allow":["GET"]}}],"collection":[{"href":"https:\/\/e-flore.store\/lv\/wp-json\/wp\/v2\/product"}],"about":[{"href":"https:\/\/e-flore.store\/lv\/wp-json\/wp\/v2\/types\/product"}],"wp:featuredmedia":[{"embeddable":true,"href":"https:\/\/e-flore.store\/lv\/wp-json\/wp\/v2\/media\/4103"}],"wp:attachment":[{"href":"https:\/\/e-flore.store\/lv\/wp-json\/wp\/v2\/media?parent=4102"}],"wp:term":[{"taxonomy":"product_brand","embeddable":true,"href":"https:\/\/e-flore.store\/lv\/wp-json\/wp\/v2\/product_brand?post=4102"},{"taxonomy":"product_cat","embeddable":true,"href":"https:\/\/e-flore.store\/lv\/wp-json\/wp\/v2\/product_cat?post=4102"},{"taxonomy":"product_tag","embeddable":true,"href":"https:\/\/e-flore.store\/lv\/wp-json\/wp\/v2\/product_tag?post=4102"}],"curies":[{"name":"wp","href":"https:\/\/api.w.org\/{rel}","templated":true}]}}