{"id":4112,"date":"2026-02-03T16:02:56","date_gmt":"2026-02-03T14:02:56","guid":{"rendered":"https:\/\/demo8.izveide.id.lv\/?post_type=product&#038;p=4112"},"modified":"2026-03-26T15:05:35","modified_gmt":"2026-03-26T13:05:35","slug":"florin-algen-ex-code-0016","status":"publish","type":"product","link":"https:\/\/e-flore.store\/lv\/produkts\/florin-algen-ex-code-0016\/","title":{"rendered":"Florin Algen Ex (kods 0016)"},"content":{"rendered":"<p><img decoding=\"async\" src=\"\/wp-content\/uploads\/2026\/01\/0016-PARENT_desc.jpg\"\/ style=\"width: 100%; height: auto; display: block;\"><\/p>\n<p><p><\/p>\n<p><b>GR<\/b><strong style=\"font-family: Arial, Helvetica, sans-serif; letter-spacing: normal; text-align: justify; background-color: rgba(255, 255, 255, 0.8);\">\u00dc<\/strong><b>NBELAGENTFERNER<\/b><\/p>\n<p style=\"text-align: justify; \"><b>FLORIN\u00ae ALGEN EX<\/b> <\/p>\n<p style=\"text-align: justify; \">Entfernt gr\u00fcndlich und lang anhaltend Umweltablagerungen und Gr\u00fcnbelag von allen Oberfl\u00e4chen. FLORIN\u00ae ALGEN EX wirkt effektiv nicht nur gegen Rot-, Braun- und Gr\u00fcnalgen, sondern auch gegen Moose und kleinere Pflanzen. Nach einer Einwirkzeit von mindestens 20 Minuten kann der Gr\u00fcnbelag mit hartem Wasserstrahl oder B\u00fcrste entfernt werden. <\/p>\n<p style=\"text-align: justify; \">Bei schwerem Befall oder um eine Langzeitwirkung zu gew\u00e4hrleisten, kann die Einwirkzeit bis auf 24 Stunden ausgedehnt werden. Metall, Gestein, Holz, Kunststoffe, Textilien und Farbanstriche werde nicht angegriffen. Je nach Art und Beschaffenheit der Oberfl\u00e4che reicht 1 l Produkt f\u00fcr die Behandlung von etwa 10 m\u00b2 aus. <\/p>\n<p style=\"text-align: justify; \">\n<p><b>ANWENDUNGSBEREICHE<\/b> <\/p>\n<p style=\"text-align: justify; \">Hausfassaden, Z\u00e4une, Gehwege, Terrassen, Gartenm\u00f6bel, Holzplanken, Planen <\/p>\n<p style=\"text-align: justify; \">\n<p><b>VERARBEITUNGSHINWEISE<\/b> <\/p>\n<p style=\"text-align: justify; \">Zur Entfernung von Algenbewuchs auf Fl\u00e4chen wird das Produkt auf der m\u00f6glichst trockenen Fl\u00e4che in einer Verd\u00fcnnung von 1:5 bis 1:10 mittels Druckspr\u00fcher oder Gartenspritze aufgebracht. <\/p>\n<p style=\"text-align: justify; \">\n<p><b>WEITERER HINWEIS<\/b> <\/p>\n<p style=\"text-align: justify; \">Zum Erhalt der Produkteigenschaften FLORIN\u00ae ALGEN EX frostfrei lagern. <\/p>\n<p style=\"text-align: justify; \">Ab einer Anwendungskonzentration von 1:20 ist FLORIN\u00ae ALGEN EX nicht mehr kennzeichnungspflichtig. <\/p>\n<p style=\"text-align: justify; \">\n<p><b>TECHNISCHE DATEN<\/b> <\/p>\n<p style=\"text-align: justify; \">\n<p><b>Form<\/b>: fl\u00fcssig <\/p>\n<p style=\"text-align: justify; \"><b>Dichte (20 \u00b0C)<\/b>: 0,89 g\/ml <\/p>\n<p style=\"text-align: justify; \"><b>pH-Wert (Konz.)<\/b>: 7 &#8211; 8 <\/p>\n<p style=\"text-align: justify; \">\n<p><b>Flammpunkt<\/b>: 45 \u00b0C (DIN 51758) <\/p>\n<p style=\"text-align: justify; \">\n<p><b>INHALTSSTOFFE<\/b>: kationische und nichtionische Tenside, Alkohole, Hilfsstoffe<\/p><\/p>\n","protected":false},"excerpt":{"rendered":"<p>GR\u00dcNBELAGENTFERNER FLORIN\u00ae ALGEN EX Entfernt gr\u00fcndlich und lang anhaltend Umweltablagerungen und Gr\u00fcnbelag von allen Oberfl\u00e4chen. FLORIN\u00ae ALGEN EX wirkt effektiv nicht nur gegen Rot-, Braun- und Gr\u00fcnalgen, sondern auch gegen Moose und kleinere Pflanzen. Nach einer Einwirkzeit von mindestens 20 Minuten kann der Gr\u00fcnbelag mit hartem Wasserstrahl oder B\u00fcrste entfernt werden. Bei schwerem Befall oder&#8230;<\/p>\n","protected":false},"featured_media":4113,"template":"","meta":[],"product_brand":[],"product_cat":[353,401],"product_tag":[],"class_list":{"0":"post-4112","1":"product","2":"type-product","3":"status-publish","4":"has-post-thumbnail","6":"product_cat-flore-chemie-produkti","7":"product_cat-paligvielas-piedevas","9":"first","10":"instock","11":"shipping-taxable","12":"purchasable","13":"product-type-variable","14":"has-default-attributes"},"_links":{"self":[{"href":"https:\/\/e-flore.store\/lv\/wp-json\/wp\/v2\/product\/4112","targetHints":{"allow":["GET"]}}],"collection":[{"href":"https:\/\/e-flore.store\/lv\/wp-json\/wp\/v2\/product"}],"about":[{"href":"https:\/\/e-flore.store\/lv\/wp-json\/wp\/v2\/types\/product"}],"wp:featuredmedia":[{"embeddable":true,"href":"https:\/\/e-flore.store\/lv\/wp-json\/wp\/v2\/media\/4113"}],"wp:attachment":[{"href":"https:\/\/e-flore.store\/lv\/wp-json\/wp\/v2\/media?parent=4112"}],"wp:term":[{"taxonomy":"product_brand","embeddable":true,"href":"https:\/\/e-flore.store\/lv\/wp-json\/wp\/v2\/product_brand?post=4112"},{"taxonomy":"product_cat","embeddable":true,"href":"https:\/\/e-flore.store\/lv\/wp-json\/wp\/v2\/product_cat?post=4112"},{"taxonomy":"product_tag","embeddable":true,"href":"https:\/\/e-flore.store\/lv\/wp-json\/wp\/v2\/product_tag?post=4112"}],"curies":[{"name":"wp","href":"https:\/\/api.w.org\/{rel}","templated":true}]}}