{"id":4118,"date":"2026-02-03T16:02:57","date_gmt":"2026-02-03T14:02:57","guid":{"rendered":"https:\/\/demo8.izveide.id.lv\/?post_type=product&#038;p=4118"},"modified":"2026-03-26T15:05:26","modified_gmt":"2026-03-26T13:05:26","slug":"rutschbremse-code-0114","status":"publish","type":"product","link":"https:\/\/e-flore.store\/lv\/produkts\/rutschbremse-code-0114\/","title":{"rendered":"Rutschbremse (kods 0114)"},"content":{"rendered":"<p><img decoding=\"async\" style=\"width: 100%; height: auto; display: block;\" src=\"\/wp-content\/uploads\/2026\/01\/0114-PARENT_desc.jpg\" \/><\/p>\n<div id=\"eflore-spacer-v55\" style=\"height: 0px; clear: both; width: 100%; display: block;\"><\/div>\n<p style=\"margin-bottom: 10px; margin-top: 30px;\"><strong>PRETSL\u012aD\u0112\u0160ANAS L\u012aDZEKLIS GR\u012aD\u0100M<\/strong><\/p>\n<p style=\"margin-bottom: 8px; margin-top: 0px; line-height: 1.6;\">Sadal\u0101s dab\u0101 vair\u0101k par 90%<\/p>\n<p style=\"margin-bottom: 10px; margin-top: 30px;\"><strong>\u012apa\u0161\u012bbas<\/strong>:<\/p>\n<p style=\"margin-bottom: 8px; margin-top: 0px; line-height: 1.6;\">*Nov\u0113r\u0161 sl\u012bd\u0113\u0161anu uz visiem pla\u0161i pielietojamajiem cieti gludajiem gr\u012bdu segumiem.<\/p>\n<p style=\"margin-bottom: 8px; margin-top: 0px; line-height: 1.6;\">*Apstr\u0101d\u0101tie gr\u012bdu segumi ieg\u016bst sp\u012bdumu, augstu net\u012brumu atgr\u016b\u0161anas sp\u0113ju, augstu notur\u012bbu pret sl\u012bd\u0113\u0161anu un t\u0101d\u0113j\u0101di dro\u0161\u012bbu.<\/p>\n<p style=\"margin-bottom: 10px; margin-top: 30px;\"><strong>Pielieto\u0161anas iesp\u0113jas<\/strong>:<\/p>\n<p style=\"margin-bottom: 8px; margin-top: 0px; line-height: 1.6;\">*Sporta z\u0101les<\/p>\n<p style=\"margin-bottom: 8px; margin-top: 0px; line-height: 1.6;\">*Skolas, b\u0113rnud\u0101rzi<\/p>\n<p style=\"margin-bottom: 8px; margin-top: 0px; line-height: 1.6;\">*Soci\u0101l\u0101s apr\u016bpes centri<\/p>\n<p style=\"margin-bottom: 8px; margin-top: 0px; line-height: 1.6;\">*Veikali<\/p>\n<p style=\"margin-bottom: 8px; margin-top: 0px; line-height: 1.6;\">*Sabiedrisk\u0101s iest\u0101des u.c.<\/p>\n<p style=\"margin-bottom: 10px; margin-top: 30px;\"><strong>Pielieto\u0161ana<\/strong>:<\/p>\n<p style=\"margin-bottom: 8px; margin-top: 0px; line-height: 1.6;\">*L\u012bdzekli at\u0161\u0137aid\u012bt ar \u016bdeni proporcij\u0101 1:100 \u2013 1:500 un uzkl\u0101t pl\u0101n\u0101 k\u0101rt\u0101 apstr\u0101d\u0101jamajai virsmai. Pa gr\u012bdu var staig\u0101t uzreiz p\u0113c t\u0101s no\u017e\u016b\u0161anas.<\/p>\n<p style=\"margin-bottom: 8px; margin-top: 0px; line-height: 1.6;\">*L\u012bdzekli at\u0161\u0137aid\u012btu proporcij\u0101, apm\u0113\u0157am, 1:10 pievienot lieto\u0161anai gatavam jebkuram FLORE-CHEMIE gr\u012bdu mazg\u0101\u0161anas l\u012bdzeklim un mazg\u0101t gr\u012bdu ierast\u0101 veid\u0101 &#8211; l\u012bdzeklis autom\u0101tiski izpild\u012bs sev paredz\u0113t\u0101s funkcijas.<\/p>\n<p style=\"margin-bottom: 8px; margin-top: 0px; line-height: 1.6;\">*PH l\u012bmenim darba \u0161\u0137\u012bdum\u0101 ieteicams b\u016bt 7 \u2013 8 robe\u017e\u0101s. Gad\u012bjum\u0101, ja PH l\u012bmenis ir zem\u0101ks, var s\u0101kties mazg\u0101\u0161anas l\u012bdzek\u013ca koagul\u0101cija (sarec\u0113\u0161ana).<\/p>\n<p style=\"margin-bottom: 10px; margin-top: 30px;\"><strong>Tehniskais raksturojums<\/strong>:<\/p>\n<p style=\"margin-bottom: 8px; margin-top: 0px; line-height: 1.6;\">*<strong>Fizisk\u0101 forma<\/strong>: \u00a0 \u00a0 \u0161\u0137idrums<\/p>\n<p style=\"margin-bottom: 8px; margin-top: 0px; line-height: 1.6;\">*<strong>Bl\u012bvums (20 \u00ba\u0421)<\/strong>: \u00a00.98 g \/ ml<\/p>\n<p style=\"margin-bottom: 8px; margin-top: 0px; line-height: 1.6;\">*<strong>Sast\u0101vs<\/strong>: \u00a0 \u00a0 \u00a0 \u00a0 \u00a0 \u00a0 \u016bden\u012b \u0161\u0137\u012bsto\u0161u polim\u0113ru formula ar pal\u012bgviel\u0101m<\/p>\n<p style=\"margin-bottom: 8px; margin-top: 0px; line-height: 1.6;\">*<strong>Produkta kods<\/strong>: \u00a0 114<\/p>\n","protected":false},"excerpt":{"rendered":"<p>PRETSL\u012aD\u0112\u0160ANAS L\u012aDZEKLIS GR\u012aD\u0100M Sadal\u0101s dab\u0101 vair\u0101k par 90% \u012apa\u0161\u012bbas: *Nov\u0113r\u0161 sl\u012bd\u0113\u0161anu uz visiem pla\u0161i pielietojamajiem cieti gludajiem gr\u012bdu segumiem. *Apstr\u0101d\u0101tie gr\u012bdu segumi ieg\u016bst sp\u012bdumu, augstu net\u012brumu atgr\u016b\u0161anas sp\u0113ju, augstu notur\u012bbu pret sl\u012bd\u0113\u0161anu un t\u0101d\u0113j\u0101di dro\u0161\u012bbu. Pielieto\u0161anas iesp\u0113jas: *Sporta z\u0101les *Skolas, b\u0113rnud\u0101rzi *Soci\u0101l\u0101s apr\u016bpes centri *Veikali *Sabiedrisk\u0101s iest\u0101des u.c. Pielieto\u0161ana: *L\u012bdzekli at\u0161\u0137aid\u012bt ar \u016bdeni proporcij\u0101 1:100&#8230;<\/p>\n","protected":false},"featured_media":4119,"template":"","meta":[],"product_brand":[337],"product_cat":[353,401],"product_tag":[],"class_list":{"0":"post-4118","1":"product","2":"type-product","3":"status-publish","4":"has-post-thumbnail","6":"product_brand-flore-chemie","7":"product_cat-flore-chemie-produkti","8":"product_cat-paligvielas-piedevas","10":"first","11":"instock","12":"shipping-taxable","13":"purchasable","14":"product-type-variable","15":"has-default-attributes"},"_links":{"self":[{"href":"https:\/\/e-flore.store\/lv\/wp-json\/wp\/v2\/product\/4118","targetHints":{"allow":["GET"]}}],"collection":[{"href":"https:\/\/e-flore.store\/lv\/wp-json\/wp\/v2\/product"}],"about":[{"href":"https:\/\/e-flore.store\/lv\/wp-json\/wp\/v2\/types\/product"}],"wp:featuredmedia":[{"embeddable":true,"href":"https:\/\/e-flore.store\/lv\/wp-json\/wp\/v2\/media\/4119"}],"wp:attachment":[{"href":"https:\/\/e-flore.store\/lv\/wp-json\/wp\/v2\/media?parent=4118"}],"wp:term":[{"taxonomy":"product_brand","embeddable":true,"href":"https:\/\/e-flore.store\/lv\/wp-json\/wp\/v2\/product_brand?post=4118"},{"taxonomy":"product_cat","embeddable":true,"href":"https:\/\/e-flore.store\/lv\/wp-json\/wp\/v2\/product_cat?post=4118"},{"taxonomy":"product_tag","embeddable":true,"href":"https:\/\/e-flore.store\/lv\/wp-json\/wp\/v2\/product_tag?post=4118"}],"curies":[{"name":"wp","href":"https:\/\/api.w.org\/{rel}","templated":true}]}}