{"id":4123,"date":"2026-02-03T16:02:58","date_gmt":"2026-02-03T14:02:58","guid":{"rendered":"https:\/\/demo8.izveide.id.lv\/?post_type=product&#038;p=4123"},"modified":"2026-02-19T17:14:01","modified_gmt":"2026-02-19T15:14:01","slug":"florin-walzlagerfett-code-0252","status":"publish","type":"product","link":"https:\/\/e-flore.store\/lv\/produkts\/florin-walzlagerfett-code-0252\/","title":{"rendered":"Florin W\u00e4lzlagerfett (kods 0252)"},"content":{"rendered":"<p><img decoding=\"async\" class=\"alignnone size-full wp-image-2142\" style=\"width: 100%; height: auto; display: block;\" src=\"\/wp-content\/uploads\/2026\/01\/0252-PARENT_desc.jpg\" alt=\"0252-PARENT\" width=\"100%\" srcset=\"https:\/\/e-flore.store\/wp-content\/uploads\/2026\/01\/0252-PARENT_desc.jpg 1984w, https:\/\/e-flore.store\/wp-content\/uploads\/2026\/01\/0252-PARENT_desc-600x450.jpg 600w, https:\/\/e-flore.store\/wp-content\/uploads\/2026\/01\/0252-PARENT_desc-300x225.jpg 300w, https:\/\/e-flore.store\/wp-content\/uploads\/2026\/01\/0252-PARENT_desc-1024x768.jpg 1024w\" sizes=\"(max-width: 1984px) 100vw, 1984px\" \/><\/p>\n<div id=\"eflore-spacer-v55\" style=\"height: 0px; clear: both; width: 100%; display: block;\"><\/div>\n<p style=\"margin-bottom: 10px; margin-top: 30px;\"><strong>KARSTUMIZTUR\u012aGA GULT\u0145U SM\u0112RVIELA<\/strong><\/p>\n<p style=\"margin-bottom: 10px; margin-top: 30px;\"><strong>\u012apa\u0161\u012bbas<\/strong>:<\/p>\n<p style=\"margin-bottom: 8px; margin-top: 0px; line-height: 1.6;\">*Karstumiztur\u012bga gult\u0146u sm\u0113rviela ar \u012bpa\u0161i ilgu iedarb\u012bbas efektu, ar m\u012bkstu konsistenci, pilieniztur\u012bga, ar pla\u0161u pielietojuma spektru.<\/p>\n<p style=\"margin-bottom: 8px; margin-top: 0px; line-height: 1.6;\">*Iztur\u012bga pret \u016bdens iedarb\u012bbu.<\/p>\n<p style=\"margin-bottom: 8px; margin-top: 0px; line-height: 1.6;\">*Izcila pretkorozijas aizsardz\u012bba.<\/p>\n<p style=\"margin-bottom: 10px; margin-top: 30px;\"><strong>Pielieto\u0161anas iesp\u0113jas<\/strong>:<\/p>\n<p style=\"margin-bottom: 8px; margin-top: 0px; line-height: 1.6;\">*Met\u0101lapstr\u0101des cehos, \u017e\u0101v\u0113\u0161anas kr\u0101sn\u012bs, bituma mais\u012b\u0161anas iek\u0101rt\u0101s, met\u0101llie\u0161anas cehos, karst\u0101 gaisa kompresoros, transmisijas gult\u0146iem dzelzce\u013c\u0101 un liftos. *Jaunu elektroiek\u0101rtu profilaksei.<\/p>\n<p style=\"margin-bottom: 10px; margin-top: 30px;\"><strong>Pielieto\u0161anas veidi un uzglab\u0101\u0161ana<\/strong>:<\/p>\n<p style=\"margin-bottom: 8px; margin-top: 0px; line-height: 1.6;\">*L\u012bdzeklis pielietojams \u0161arn\u012bra un valcgult\u0146os, kuri pak\u013cauti lielai slodzei un temperat\u016brai.<\/p>\n<p style=\"margin-bottom: 8px; margin-top: 0px; line-height: 1.6;\">*Pielietojams gan vid\u0113jos gan lielajos gult\u0146os, kuriem j\u0101iztur liela slodze un vibr\u0101cija.<\/p>\n<p style=\"margin-bottom: 8px; margin-top: 0px; line-height: 1.6;\">*Izmantojot l\u012bdzekli gult\u0146os, kuri ir vienlaic\u012bgi pak\u013cauti augstai temperat\u016brai un lielam apgriezienu skaitam, nepiecie\u0161ams regul\u0101ri atjaunot aizsargsl\u0101ni.<\/p>\n<p style=\"margin-bottom: 10px; margin-top: 30px;\"><strong>Tehniskais raksturojums<\/strong>:<\/p>\n<p style=\"margin-bottom: 8px; margin-top: 0px; line-height: 1.6;\">*<strong>Fizisk\u0101 forma<\/strong>: pasta<\/p>\n<p style=\"margin-bottom: 8px; margin-top: 0px; line-height: 1.6;\">*<strong>Bl\u012bvums (20 \u00baC)<\/strong>: 0.92 g \/ ml<\/p>\n<p style=\"margin-bottom: 8px; margin-top: 0px; line-height: 1.6;\">*<strong>PH l\u012bmenis<\/strong>: 8.5<\/p>\n<p style=\"margin-bottom: 8px; margin-top: 0px; line-height: 1.6;\">*<strong>Produkta kods<\/strong>: 252<\/p>\n","protected":false},"excerpt":{"rendered":"<p>KARSTUMIZTUR\u012aGA GULT\u0145U SM\u0112RVIELA \u012apa\u0161\u012bbas: *Karstumiztur\u012bga gult\u0146u sm\u0113rviela ar \u012bpa\u0161i ilgu iedarb\u012bbas efektu, ar m\u012bkstu konsistenci, pilieniztur\u012bga, ar pla\u0161u pielietojuma spektru. *Iztur\u012bga pret \u016bdens iedarb\u012bbu. *Izcila pretkorozijas aizsardz\u012bba. Pielieto\u0161anas iesp\u0113jas: *Met\u0101lapstr\u0101des cehos, \u017e\u0101v\u0113\u0161anas kr\u0101sn\u012bs, bituma mais\u012b\u0161anas iek\u0101rt\u0101s, met\u0101llie\u0161anas cehos, karst\u0101 gaisa kompresoros, transmisijas gult\u0146iem dzelzce\u013c\u0101 un liftos. *Jaunu elektroiek\u0101rtu profilaksei. Pielieto\u0161anas veidi un uzglab\u0101\u0161ana: *L\u012bdzeklis pielietojams&#8230;<\/p>\n","protected":false},"featured_media":4124,"template":"","meta":[],"product_brand":[337],"product_cat":[353,398,392],"product_tag":[],"class_list":{"0":"post-4123","1":"product","2":"type-product","3":"status-publish","4":"has-post-thumbnail","6":"product_brand-flore-chemie","7":"product_cat-flore-chemie-produkti","8":"product_cat-smervielas-montazu-pastas","9":"product_cat-specigas-iedarbibas-tirisanas-un-ellosanas-lidzekli","11":"first","12":"instock","13":"shipping-taxable","14":"purchasable","15":"product-type-simple"},"_links":{"self":[{"href":"https:\/\/e-flore.store\/lv\/wp-json\/wp\/v2\/product\/4123","targetHints":{"allow":["GET"]}}],"collection":[{"href":"https:\/\/e-flore.store\/lv\/wp-json\/wp\/v2\/product"}],"about":[{"href":"https:\/\/e-flore.store\/lv\/wp-json\/wp\/v2\/types\/product"}],"wp:featuredmedia":[{"embeddable":true,"href":"https:\/\/e-flore.store\/lv\/wp-json\/wp\/v2\/media\/4124"}],"wp:attachment":[{"href":"https:\/\/e-flore.store\/lv\/wp-json\/wp\/v2\/media?parent=4123"}],"wp:term":[{"taxonomy":"product_brand","embeddable":true,"href":"https:\/\/e-flore.store\/lv\/wp-json\/wp\/v2\/product_brand?post=4123"},{"taxonomy":"product_cat","embeddable":true,"href":"https:\/\/e-flore.store\/lv\/wp-json\/wp\/v2\/product_cat?post=4123"},{"taxonomy":"product_tag","embeddable":true,"href":"https:\/\/e-flore.store\/lv\/wp-json\/wp\/v2\/product_tag?post=4123"}],"curies":[{"name":"wp","href":"https:\/\/api.w.org\/{rel}","templated":true}]}}