{"id":4133,"date":"2026-02-03T16:02:59","date_gmt":"2026-02-03T14:02:59","guid":{"rendered":"https:\/\/demo8.izveide.id.lv\/?post_type=product&#038;p=4133"},"modified":"2026-02-19T17:30:54","modified_gmt":"2026-02-19T15:30:54","slug":"flor-plus-super-grease-1000-spray-gleitmetall-as-1000-extra-fest-code-0056-0177","status":"publish","type":"product","link":"https:\/\/e-flore.store\/lv\/produkts\/flor-plus-super-grease-1000-spray-gleitmetall-as-1000-extra-fest-code-0056-0177\/","title":{"rendered":"Flor Plus Super Grease 1000 spray \/ Gleitmetall AS 1000 extra fest (kods 0056 \/ 0177)"},"content":{"rendered":"<p><img decoding=\"async\" style=\"width: 100%; height: auto; display: block;\" src=\"\/wp-content\/uploads\/2026\/01\/0056-PARENT_desc.jpg\" \/><\/p>\n<div id=\"eflore-spacer-v55\" style=\"height: 0px; clear: both; width: 100%; display: block;\"><\/div>\n<p style=\"margin-bottom: 10px; margin-top: 30px;\"><strong>SPECI\u0100LA SM\u0112RVIELA UZ ALUM\u012aNIJA B\u0100ZES SABOJ\u0100TU V\u012aT\u0145U ATSKR\u016aV\u0112\u0160ANAI<\/strong><\/p>\n<p style=\"margin-bottom: 10px; margin-top: 30px;\"><strong>\u012apa\u0161\u012bbas<\/strong>:<\/p>\n<p style=\"margin-bottom: 8px; margin-top: 0px; line-height: 1.6;\">*Atdalo\u0161a sm\u0113rviela pie zem\u0101m un augst\u0101m temperat\u016br\u0101m no -180 \u00baC l\u012bdz +1000 \u00baC.<\/p>\n<p style=\"margin-bottom: 8px; margin-top: 0px; line-height: 1.6;\">*\u013boti liela iztur\u012bba uz spiedienu &#8211; l\u012bdz 2300 \u043ag \/ \u0441\u043c2. Pie augst\u0101k\u0101m temperat\u016br\u0101m &#8211; iztur\u012bba \u012bslaic\u012bg\u0101ka.<\/p>\n<p style=\"margin-bottom: 8px; margin-top: 0px; line-height: 1.6;\">*Nov\u0113r\u0161 v\u012bt\u0146u ie\u0137\u012bl\u0113\u0161anos (auksto metin\u0101jumu) pat pie lielas slodzes.<\/p>\n<p style=\"margin-bottom: 8px; margin-top: 0px; line-height: 1.6;\">*\u013bauj atskr\u016bv\u0113t pat saboj\u0101tas v\u012btnes un \u201epa\u0161sametin\u0101ju\u0161\u0101s\u201d v\u012btnes (v\u0113lams pielietot kop\u0101 ar r\u016bsas \u0161\u0137\u012bdin\u0101t\u0101ju Flor Plus SRP Super).<\/p>\n<p style=\"margin-bottom: 8px; margin-top: 0px; line-height: 1.6;\">*Nesatur smagos met\u0101lus, t\u0101d\u0113\u013c der p\u0101rtikas r\u016bpniec\u012bb\u0101.<\/p>\n<p style=\"margin-bottom: 8px; margin-top: 0px; line-height: 1.6;\">*Notur\u012bga pret sk\u0101b\u0113m, agres\u012bvu vidi, mitrumu, \u016bdeni.<\/p>\n<p style=\"margin-bottom: 8px; margin-top: 0px; line-height: 1.6;\">*Nekait\u0113 gumijai un citiem materi\u0101liem.<\/p>\n<p style=\"margin-bottom: 8px; margin-top: 0px; line-height: 1.6;\">*Satur piedevas, kas uzlabo meh\u0101nismu darb\u012bbu izl\u012bdzinot mikroplaisas un poras aizpildot ar met\u0101lisk\u0101m mikroda\u013ci\u0146\u0101m t\u0101d\u0113j\u0101di samazinot nodilumu.<\/p>\n<p style=\"margin-bottom: 8px; margin-top: 0px; line-height: 1.6;\">*Piem\u0113rots elektrokontaktu e\u013c\u013co\u0161anai.<\/p>\n<p style=\"margin-bottom: 10px; margin-top: 30px;\"><strong>Pielieto\u0161anas iesp\u0113jas<\/strong>:<\/p>\n<p style=\"margin-bottom: 8px; margin-top: 0px; line-height: 1.6;\">*Piem\u0113rots iek\u0101rtu e\u013c\u013co\u0161anai, kas str\u0101d\u0101 zem spiediena, pneimatiskiem \u0101muriem, apkures katlu armat\u016brai, elektrodzin\u0113jos, \u0137\u0113d\u0113s, zobratos, flan\u010du savienojumos, lie\u0161anas vai presform\u0101s un citur.<\/p>\n<p style=\"margin-bottom: 8px; margin-top: 0px; line-height: 1.6;\">*Laivu un ku\u0123u dzin\u0113ji, s\u016bk\u0146i, deg\u0161anas kameras, venti\u013cu \u0161toki.<\/p>\n<p style=\"margin-bottom: 8px; margin-top: 0px; line-height: 1.6;\">*V\u012bt\u0146u grie\u0161anai.<\/p>\n<p style=\"margin-bottom: 10px; margin-top: 30px;\"><strong>Pielieto\u0161ana<\/strong>:<\/p>\n<p style=\"margin-bottom: 8px; margin-top: 0px; line-height: 1.6;\">*Pirms mont\u0101\u017eas vai demont\u0101\u017eas deta\u013cas apstr\u0101d\u0101t ar l\u012bdzekli un \u013caut iedarboties da\u017eas min\u016btes. Pirms lieto\u0161anas deta\u013cas att\u012br\u012bt no kr\u0101sas un bl\u012bv\u0113jo\u0161\u0101 materi\u0101la.<\/p>\n<p style=\"margin-bottom: 10px; margin-top: 30px;\"><strong>Tehniskais raksturojums<\/strong>:<\/p>\n<p style=\"margin-bottom: 8px; margin-top: 0px; line-height: 1.6;\">*<strong>Fizisk\u0101 forma<\/strong>: \u00a0aerosols \/ sm\u0113rviela<\/p>\n<p style=\"margin-bottom: 8px; margin-top: 0px; line-height: 1.6;\">*<strong>Produkta kods<\/strong>: 056 \/ 177<\/p>\n<p style=\"margin-bottom: 8px; margin-top: 0px; line-height: 1.6;\">Ietilpst ASV milit\u0101raj\u0101 specifik\u0101cij\u0101 &#8220;MIL-A-907D&#8221;<\/p>\n","protected":false},"excerpt":{"rendered":"<p>SPECI\u0100LA SM\u0112RVIELA UZ ALUM\u012aNIJA B\u0100ZES SABOJ\u0100TU V\u012aT\u0145U ATSKR\u016aV\u0112\u0160ANAI \u012apa\u0161\u012bbas: *Atdalo\u0161a sm\u0113rviela pie zem\u0101m un augst\u0101m temperat\u016br\u0101m no -180 \u00baC l\u012bdz +1000 \u00baC. *\u013boti liela iztur\u012bba uz spiedienu &#8211; l\u012bdz 2300 \u043ag \/ \u0441\u043c2. Pie augst\u0101k\u0101m temperat\u016br\u0101m &#8211; iztur\u012bba \u012bslaic\u012bg\u0101ka. *Nov\u0113r\u0161 v\u012bt\u0146u ie\u0137\u012bl\u0113\u0161anos (auksto metin\u0101jumu) pat pie lielas slodzes. *\u013bauj atskr\u016bv\u0113t pat saboj\u0101tas v\u012btnes un \u201epa\u0161sametin\u0101ju\u0161\u0101s\u201d&#8230;<\/p>\n","protected":false},"featured_media":4134,"template":"","meta":[],"product_brand":[337],"product_cat":[353,398,392],"product_tag":[],"class_list":{"0":"post-4133","1":"product","2":"type-product","3":"status-publish","4":"has-post-thumbnail","6":"product_brand-flore-chemie","7":"product_cat-flore-chemie-produkti","8":"product_cat-smervielas-montazu-pastas","9":"product_cat-specigas-iedarbibas-tirisanas-un-ellosanas-lidzekli","11":"first","12":"instock","13":"shipping-taxable","14":"purchasable","15":"product-type-variable","16":"has-default-attributes"},"_links":{"self":[{"href":"https:\/\/e-flore.store\/lv\/wp-json\/wp\/v2\/product\/4133","targetHints":{"allow":["GET"]}}],"collection":[{"href":"https:\/\/e-flore.store\/lv\/wp-json\/wp\/v2\/product"}],"about":[{"href":"https:\/\/e-flore.store\/lv\/wp-json\/wp\/v2\/types\/product"}],"wp:featuredmedia":[{"embeddable":true,"href":"https:\/\/e-flore.store\/lv\/wp-json\/wp\/v2\/media\/4134"}],"wp:attachment":[{"href":"https:\/\/e-flore.store\/lv\/wp-json\/wp\/v2\/media?parent=4133"}],"wp:term":[{"taxonomy":"product_brand","embeddable":true,"href":"https:\/\/e-flore.store\/lv\/wp-json\/wp\/v2\/product_brand?post=4133"},{"taxonomy":"product_cat","embeddable":true,"href":"https:\/\/e-flore.store\/lv\/wp-json\/wp\/v2\/product_cat?post=4133"},{"taxonomy":"product_tag","embeddable":true,"href":"https:\/\/e-flore.store\/lv\/wp-json\/wp\/v2\/product_tag?post=4133"}],"curies":[{"name":"wp","href":"https:\/\/api.w.org\/{rel}","templated":true}]}}