{"id":4143,"date":"2026-02-03T16:03:00","date_gmt":"2026-02-03T14:03:00","guid":{"rendered":"https:\/\/demo8.izveide.id.lv\/?post_type=product&#038;p=4143"},"modified":"2026-04-01T17:59:07","modified_gmt":"2026-04-01T14:59:07","slug":"florin-sl-spray-florin-sl-flussig-code-0035-0034","status":"publish","type":"product","link":"https:\/\/e-flore.store\/lv\/produkts\/florin-sl-spray-florin-sl-flussig-code-0035-0034\/","title":{"rendered":"Florin SL Spray \/ Florin SL fl\u00fcssig (kods 0035 \/ 0034)"},"content":{"rendered":"<p><img decoding=\"async\" src=\"\/wp-content\/uploads\/2026\/01\/0035-PARENT_desc.jpg\" style=\"width: 100%; height: auto; display: block;\"><\/p>\n<div id=\"eflore-spacer-v55\" style=\"height: 0px; clear: both; width: 100%; display: block;\"><\/div>\n<p style=\"margin-bottom: 10px; margin-top: 30px;\"><strong>LUBRIKANTS UN ATBR\u012aVO\u0160ANAS L\u012aDZEKLIS\u00a0<\/strong>UZ SILIKONA B\u0100ZES<\/p>\n<p style=\"margin-bottom: 10px; margin-top: 30px;\"><strong>FLORIN\u00ae SL<\/strong><\/p>\n<p style=\"margin-bottom: 8px; margin-top: 0px; line-height: 1.6;\">ir beztauku, augstas veiktsp\u0113jas atbr\u012bvo\u0161anas l\u012bdzeklis un sm\u0113rviela ar daudzfunkcion\u0101l\u0101m \u012bpa\u0161\u012bb\u0101m. T\u0101 ir fiziolo\u0123iski dro\u0161a, videi draudz\u012bga un ar maigu smar\u017eu. Elektrostatiku nevado\u0161a un antistatiska (t\u0101 nov\u0113r\u0161, piem\u0113ram, pap\u012bra, plastmasas un stikla uzl\u0101d\u0113\u0161anos berzes d\u0113\u013c). FLORIN\u00ae SL pagarina e\u013c\u013co\u0161anas interv\u0101lus \u010detras l\u012bdz se\u0161as reizes, padarot to \u013coti ekonomisku lieto\u0161an\u0101, aizsarg\u0101jot un e\u013c\u013cojot da\u017e\u0101das deta\u013cas, uzlabojot to sl\u012bd\u0113\u0161anas \u012bpa\u0161\u012bbas, atvieglojot t\u012br\u012b\u0161anu, nov\u0113r\u0161ot pies\u0101r\u0146ojumu un pielip\u0161anu, k\u0101 ar\u012b aizsarg\u0101jot t\u0101s no karstuma, mitruma un sala bez sve\u0137u veido\u0161an\u0101s. FLORIN\u00ae SL ir \u0101rk\u0101rt\u012bgi iztur\u012bgs pret temperat\u016bru; p\u0113c \u0161\u0137\u012bdin\u0101t\u0101ja iztvaiko\u0161anas ir iesp\u0113jama past\u0101v\u012bga temperat\u016bras iedarb\u012bba no -40 \u00b0C l\u012bdz +210 \u00b0C (\u012bslaic\u012bgi l\u012bdz +300 \u00b0C). FLORIN\u00ae SL ir \u013coti akt\u012bvs: pateicoties t\u0101 konsistencei, tas var sasniegt pat gr\u016bti sasniedzamas vietas un tam ir lieliskas atdal\u012b\u0161anas \u012bpa\u0161\u012bbas ra\u017eo\u0161anas veidn\u0113m (piem\u0113ram, gumijas un plastmasas ra\u017eo\u0161an\u0101), t\u0101p\u0113c to bie\u017ei izmanto \u0161\u0101d\u0101s jom\u0101s: tipogr\u0101fij\u0101s, ra\u017eo\u0161anas un p\u0101rstr\u0101des r\u016bpniec\u012bb\u0101, automobi\u013cos, plastmasas tehnolo\u0123ij\u0101s, ku\u0123u b\u016bv\u0113, ma\u0161\u012bnb\u016bv\u0113, logu konstrukcij\u0101s, prec\u012bzaj\u0101 meh\u0101nik\u0101 un elektrotehnik\u0101; birojos, pasta s\u016bt\u012bjumu apstr\u0101d\u0113.<\/p>\n<p style=\"margin-bottom: 10px; margin-top: 30px;\"><strong>PIELIETOJUMA JOMAS<\/strong><\/p>\n<p style=\"margin-bottom: 8px; margin-top: 0px; line-height: 1.6;\">Prec\u012bzas meh\u0101nisk\u0101s deta\u013cas, met\u0101la, koka un plastmasas meh\u0101nismi,\u00a0kr\u0101saino met\u0101lu\u00a0ma\u0161\u012bnas un instrumenti, koka, gumijas, pap\u012bra, ap\u0123\u0113rba, \u0101das un tekstilizstr\u0101d\u0101jumu apstr\u0101dei; atvilktnes, b\u012bd\u0101m\u0101s durvis, durvju sl\u0113dzenes, materi\u0101lu vadotnes z\u0101\u0123\u0113\u0161anas, grie\u0161anas, perfor\u0113\u0161anas, fr\u0113z\u0113\u0161anas un \u0113vel\u0113\u0161anas ma\u0161\u012bn\u0101m; folijas un pap\u012brs visu veidu drukai, \u0161\u0137iro\u0161anas, aploks\u0146u iesai\u0146o\u0161anas, kop\u0113\u0161anas, loc\u012b\u0161anas un iepako\u0161anas ma\u0161\u012bn\u0101m; sint\u0113tisk\u0101s dzijas ma\u0161\u012bn\u0161\u016b\u0161anai; plastmasa, transportl\u012bdzek\u013cu brezenti un polster\u0113jums, gumijas un plastmasas bl\u012bves, hroma deta\u013cas un apdare, radio un radaru iek\u0101rtas, akumulatoru spailes, aizdedzes sist\u0113mas.<\/p>\n<p style=\"margin-bottom: 10px; margin-top: 30px;\"><strong>LIETO\u0160ANAS INSTRUKCIJA<\/strong><\/p>\n<p style=\"margin-bottom: 8px; margin-top: 0px; line-height: 1.6;\">Uzkl\u0101jiet FLORIN\u00ae SL \u013coti pl\u0101n\u0101 k\u0101rt\u0101 vai izsmidziniet apstr\u0101d\u0101jamajai virsmai. Izvair\u012bties no p\u0101rm\u0113r\u012bgas uzkl\u0101\u0161anas.<\/p>\n<p style=\"margin-bottom: 10px; margin-top: 30px;\"><strong>PAPILDUS PIEZ\u012aME<\/strong><\/p>\n<p style=\"margin-bottom: 8px; margin-top: 0px; line-height: 1.6;\">Lai saglab\u0101tu produkta \u012bpa\u0161\u012bbas, uzglab\u0101jiet FLORIN\u00ae SL viet\u0101, kas pasarg\u0101ta no sala.<\/p>\n<p style=\"margin-bottom: 10px; margin-top: 30px;\"><strong>TEHNISKAIS RAKSTUROJUMS<\/strong><\/p>\n<p style=\"margin-bottom: 8px; margin-top: 0px; line-height: 1.6;\"><strong>Fizisk\u0101 forma<\/strong>: \u0161\u0137idrs aerosols, \u0161\u0137idrums<\/p>\n<p style=\"margin-bottom: 8px; margin-top: 0px; line-height: 1.6;\"><strong>Bl\u012bvums (15 \u00b0C)<\/strong>: 0,72 g\/ml 0,654 g\/cm\u00b3<\/p>\n<p style=\"margin-bottom: 8px; margin-top: 0px; line-height: 1.6;\"><strong>Uzliesmo\u0161anas temperat\u016bra<\/strong>: aptuveni -25\u00b0C nav piem\u0113rojams<\/p>\n<p style=\"margin-bottom: 8px; margin-top: 0px; line-height: 1.6;\"><strong>Propelenta g\u0101ze<\/strong>: nav piem\u0113rojams prop\u0101ns\/but\u0101ns<\/p>\n<p style=\"margin-bottom: 8px; margin-top: 0px; line-height: 1.6;\"><strong>SAST\u0100VDA\u013bAS<\/strong>: silikona e\u013c\u013ca, dearomatiz\u0113ti alif\u0101tiskie og\u013c\u016bde\u0146ra\u017ei<\/p>\n","protected":false},"excerpt":{"rendered":"<p>LUBRIKANTS UN ATBR\u012aVO\u0160ANAS L\u012aDZEKLIS\u00a0UZ SILIKONA B\u0100ZES FLORIN\u00ae SL ir beztauku, augstas veiktsp\u0113jas atbr\u012bvo\u0161anas l\u012bdzeklis un sm\u0113rviela ar daudzfunkcion\u0101l\u0101m \u012bpa\u0161\u012bb\u0101m. T\u0101 ir fiziolo\u0123iski dro\u0161a, videi draudz\u012bga un ar maigu smar\u017eu. Elektrostatiku nevado\u0161a un antistatiska (t\u0101 nov\u0113r\u0161, piem\u0113ram, pap\u012bra, plastmasas un stikla uzl\u0101d\u0113\u0161anos berzes d\u0113\u013c). FLORIN\u00ae SL pagarina e\u013c\u013co\u0161anas interv\u0101lus \u010detras l\u012bdz se\u0161as reizes, padarot to \u013coti&#8230;<\/p>\n","protected":false},"featured_media":8320,"template":"","meta":[],"product_brand":[],"product_cat":[353,395,392],"product_tag":[],"class_list":{"0":"post-4143","1":"product","2":"type-product","3":"status-publish","4":"has-post-thumbnail","6":"product_cat-flore-chemie-produkti","7":"product_cat-ellojosas-attirosas-ellas-un-paligvielas","8":"product_cat-specigas-iedarbibas-tirisanas-un-ellosanas-lidzekli","10":"first","11":"instock","12":"shipping-taxable","13":"purchasable","14":"product-type-variable","15":"has-default-attributes"},"_links":{"self":[{"href":"https:\/\/e-flore.store\/lv\/wp-json\/wp\/v2\/product\/4143","targetHints":{"allow":["GET"]}}],"collection":[{"href":"https:\/\/e-flore.store\/lv\/wp-json\/wp\/v2\/product"}],"about":[{"href":"https:\/\/e-flore.store\/lv\/wp-json\/wp\/v2\/types\/product"}],"wp:featuredmedia":[{"embeddable":true,"href":"https:\/\/e-flore.store\/lv\/wp-json\/wp\/v2\/media\/8320"}],"wp:attachment":[{"href":"https:\/\/e-flore.store\/lv\/wp-json\/wp\/v2\/media?parent=4143"}],"wp:term":[{"taxonomy":"product_brand","embeddable":true,"href":"https:\/\/e-flore.store\/lv\/wp-json\/wp\/v2\/product_brand?post=4143"},{"taxonomy":"product_cat","embeddable":true,"href":"https:\/\/e-flore.store\/lv\/wp-json\/wp\/v2\/product_cat?post=4143"},{"taxonomy":"product_tag","embeddable":true,"href":"https:\/\/e-flore.store\/lv\/wp-json\/wp\/v2\/product_tag?post=4143"}],"curies":[{"name":"wp","href":"https:\/\/api.w.org\/{rel}","templated":true}]}}