{"id":4147,"date":"2026-02-03T16:03:01","date_gmt":"2026-02-03T14:03:01","guid":{"rendered":"https:\/\/demo8.izveide.id.lv\/?post_type=product&#038;p=4147"},"modified":"2026-02-19T17:31:28","modified_gmt":"2026-02-19T15:31:28","slug":"florin-ks-spray-florin-ks-flussig-code-0031-0030","status":"publish","type":"product","link":"https:\/\/e-flore.store\/lv\/produkts\/florin-ks-spray-florin-ks-flussig-code-0031-0030\/","title":{"rendered":"Florin KS Spray \/ Florin KS fl\u00fcssig (kods 0031 \/ 0030)"},"content":{"rendered":"<p><img decoding=\"async\" style=\"width: 100%; height: auto; display: block;\" src=\"\/wp-content\/uploads\/2026\/01\/0031-PARENT_desc.jpg\" \/><\/p>\n<div id=\"eflore-spacer-v55\" style=\"height: 0px; clear: both; width: 100%; display: block;\"><\/div>\n<p style=\"margin-bottom: 10px; margin-top: 30px;\"><strong>SPECI\u0100L\u0100 ANTIKOROZIJAS SM\u0112RVIELA<\/strong><\/p>\n<p style=\"margin-bottom: 10px; margin-top: 30px;\"><strong>\u012apa\u0161\u012bbas<\/strong>:<\/p>\n<p style=\"margin-bottom: 8px; margin-top: 0px; line-height: 1.6;\">*Antikorozijas sm\u0113rviela \u0137\u0113d\u0113m, tros\u0113m, zobratiem, rite\u0146iem, \u0161arn\u012briem, kabe\u013ciem un citiem met\u0101la izstr\u0101d\u0101jumiem.<\/p>\n<p style=\"margin-bottom: 8px; margin-top: 0px; line-height: 1.6;\">*Videi draudz\u012bgs, bez toksiskiem savienojumiem un smak\u0101m.<\/p>\n<p style=\"margin-bottom: 8px; margin-top: 0px; line-height: 1.6;\">*Pateicoties augstai piek\u013c\u016b\u0161anas sp\u0113jai iek\u013c\u016bst aizsarg\u0101jamo deta\u013cu iek\u0161\u0113j\u0101 strukt\u016br\u0101 (troses).<\/p>\n<p style=\"margin-bottom: 8px; margin-top: 0px; line-height: 1.6;\">*Pateicoties \u012bpa\u0161aj\u0101m aizsargsp\u0113j\u0101m pret mitrumu un \u016bdeni, paildzina \u0137\u0113\u017eu un tro\u0161u kalpo\u0161anas laiku l\u012bdz pat 10 reiz\u0113m.<\/p>\n<p style=\"margin-bottom: 8px; margin-top: 0px; line-height: 1.6;\">*Apstr\u0101d\u0101t\u0101s virsmas k\u013c\u016bst gludas, pie t\u0101m nel\u012bp putek\u013ci, t\u0101s nesm\u0113r\u0113 rokas, vienlaic\u012bgi saglab\u0101jot elast\u012bgu konsistenci. Iztur\u012bgs pret sk\u0101b\u0113m, s\u0101rmiem un s\u0101\u013ciem.<\/p>\n<p style=\"margin-bottom: 10px; margin-top: 30px;\"><strong>Pielieto\u0161anas iesp\u0113jas<\/strong>:<\/p>\n<p style=\"margin-bottom: 8px; margin-top: 0px; line-height: 1.6;\">*Aizsargsm\u0113rviela izmantojama kalnr\u016bpniec\u012bbas iek\u0101rtu, zemes rokamo ma\u0161\u012bnu, ce\u013camkr\u0101nu, liftu, tr\u012b\u0161u, un ce\u013cu remonta ma\u0161\u012bnu apkopei.<\/p>\n<p style=\"margin-bottom: 8px; margin-top: 0px; line-height: 1.6;\">*Sezonas darbu ma\u0161\u012bnu konserv\u0113\u0161anai, k\u0101 ar\u012b automa\u0161\u012bnu hrom\u0113to un ni\u0137el\u0113to deta\u013cu aizsardz\u012bbai.<\/p>\n<p style=\"margin-bottom: 10px; margin-top: 30px;\"><strong>Pielieto\u0161anas veidi un uzglab\u0101\u0161ana<\/strong>:<\/p>\n<p style=\"margin-bottom: 8px; margin-top: 0px; line-height: 1.6;\">*Apstr\u0101d\u0101jam\u0101s virsmas nokl\u0101t ar pl\u0101nu, viendab\u012bgu sl\u0101ni.<\/p>\n<p style=\"margin-bottom: 10px; margin-top: 30px;\"><strong>Tehniskais raksturojums<\/strong>:<\/p>\n<p style=\"margin-bottom: 8px; margin-top: 0px; line-height: 1.6;\">*<strong>Fizisk\u0101 forma<\/strong>: aerosols \/ \u0161\u0137idrums<\/p>\n<p style=\"margin-bottom: 8px; margin-top: 0px; line-height: 1.6;\">*<strong>Bl\u012bvums (20 \u00baC)<\/strong>: 0.83 g \/ ml<\/p>\n<p style=\"margin-bottom: 8px; margin-top: 0px; line-height: 1.6;\">*<strong>Uzliesmo\u0161anas temperat\u016bra<\/strong>: +30 \u00baC<\/p>\n<p style=\"margin-bottom: 8px; margin-top: 0px; line-height: 1.6;\">*<strong>Produkta kods<\/strong>: 030 \/ 031<\/p>\n","protected":false},"excerpt":{"rendered":"<p>SPECI\u0100L\u0100 ANTIKOROZIJAS SM\u0112RVIELA \u012apa\u0161\u012bbas: *Antikorozijas sm\u0113rviela \u0137\u0113d\u0113m, tros\u0113m, zobratiem, rite\u0146iem, \u0161arn\u012briem, kabe\u013ciem un citiem met\u0101la izstr\u0101d\u0101jumiem. *Videi draudz\u012bgs, bez toksiskiem savienojumiem un smak\u0101m. *Pateicoties augstai piek\u013c\u016b\u0161anas sp\u0113jai iek\u013c\u016bst aizsarg\u0101jamo deta\u013cu iek\u0161\u0113j\u0101 strukt\u016br\u0101 (troses). *Pateicoties \u012bpa\u0161aj\u0101m aizsargsp\u0113j\u0101m pret mitrumu un \u016bdeni, paildzina \u0137\u0113\u017eu un tro\u0161u kalpo\u0161anas laiku l\u012bdz pat 10 reiz\u0113m. *Apstr\u0101d\u0101t\u0101s virsmas k\u013c\u016bst gludas, pie&#8230;<\/p>\n","protected":false},"featured_media":4148,"template":"","meta":[],"product_brand":[337],"product_cat":[353,398,392],"product_tag":[],"class_list":{"0":"post-4147","1":"product","2":"type-product","3":"status-publish","4":"has-post-thumbnail","6":"product_brand-flore-chemie","7":"product_cat-flore-chemie-produkti","8":"product_cat-smervielas-montazu-pastas","9":"product_cat-specigas-iedarbibas-tirisanas-un-ellosanas-lidzekli","11":"first","12":"instock","13":"shipping-taxable","14":"purchasable","15":"product-type-variable","16":"has-default-attributes"},"_links":{"self":[{"href":"https:\/\/e-flore.store\/lv\/wp-json\/wp\/v2\/product\/4147","targetHints":{"allow":["GET"]}}],"collection":[{"href":"https:\/\/e-flore.store\/lv\/wp-json\/wp\/v2\/product"}],"about":[{"href":"https:\/\/e-flore.store\/lv\/wp-json\/wp\/v2\/types\/product"}],"wp:featuredmedia":[{"embeddable":true,"href":"https:\/\/e-flore.store\/lv\/wp-json\/wp\/v2\/media\/4148"}],"wp:attachment":[{"href":"https:\/\/e-flore.store\/lv\/wp-json\/wp\/v2\/media?parent=4147"}],"wp:term":[{"taxonomy":"product_brand","embeddable":true,"href":"https:\/\/e-flore.store\/lv\/wp-json\/wp\/v2\/product_brand?post=4147"},{"taxonomy":"product_cat","embeddable":true,"href":"https:\/\/e-flore.store\/lv\/wp-json\/wp\/v2\/product_cat?post=4147"},{"taxonomy":"product_tag","embeddable":true,"href":"https:\/\/e-flore.store\/lv\/wp-json\/wp\/v2\/product_tag?post=4147"}],"curies":[{"name":"wp","href":"https:\/\/api.w.org\/{rel}","templated":true}]}}