{"id":4154,"date":"2026-02-03T16:03:07","date_gmt":"2026-02-03T14:03:07","guid":{"rendered":"https:\/\/demo8.izveide.id.lv\/?post_type=product&#038;p=4154"},"modified":"2026-04-01T17:56:58","modified_gmt":"2026-04-01T14:56:58","slug":"florin-ik-spray-florin-ik-flussig-code-0086-0087","status":"publish","type":"product","link":"https:\/\/e-flore.store\/lv\/produkts\/florin-ik-spray-florin-ik-flussig-code-0086-0087\/","title":{"rendered":"Florin IK Spray \/ Florin IK fl\u00fcssig (kods 0086 \/ 0087)"},"content":{"rendered":"<p><img decoding=\"async\" src=\"\/wp-content\/uploads\/2026\/01\/0086-PARENT_desc.jpg\" style=\"width: 100%; height: auto; display: block;\"><\/p>\n<div id=\"eflore-spacer-v55\" style=\"height: 0px; clear: both; width: 100%; display: block;\"><\/div>\n<p style=\"margin-bottom: 10px; margin-top: 30px;\"><strong>SM\u0112RVIELA GULT\u0145IEM, \u0160ARN\u012aRIEM, IERO\u010cU KOP\u0160ANAI<\/strong><\/p>\n<p style=\"margin-bottom: 10px; margin-top: 30px;\"><strong>\u012apa\u0161\u012bbas<\/strong><\/p>\n<p style=\"margin-bottom: 8px; margin-top: 0px; line-height: 1.6;\">&#8211; Efekt\u012bvs l\u012bdzeklis, kas vienlaic\u012bgi t\u012bra un iee\u013c\u013co.<\/p>\n<p style=\"margin-bottom: 8px; margin-top: 0px; line-height: 1.6;\">&#8211; \u0160\u0137\u012bdina un att\u012bra no veco sm\u0113rvielu sl\u0101\u0146a.<\/p>\n<p style=\"margin-bottom: 8px; margin-top: 0px; line-height: 1.6;\">&#8211; Izpilda aizsargfunkcijas attiec\u012bb\u0101 uz vis\u0101m kust\u012bg\u0101m da\u013c\u0101m un deta\u013c\u0101m.<\/p>\n<p style=\"margin-bottom: 8px; margin-top: 0px; line-height: 1.6;\">&#8211; Pateicoties lieliskai penetr\u0113\u0161anas sp\u0113jai, piek\u013c\u016bst ar\u012b gr\u016bti sasniedzam\u0101s viet\u0101s.<\/p>\n<p style=\"margin-bottom: 8px; margin-top: 0px; line-height: 1.6;\">&#8211; Samazina berzi un nodilumu, ietaupa ener\u0123iju.<\/p>\n<p style=\"margin-bottom: 8px; margin-top: 0px; line-height: 1.6;\">&#8211; Pateicoties lielajai iztur\u012bbai pret spiedienu, samazina trieciensp\u0113ku iero\u010du meh\u0101nismos.<\/p>\n<p style=\"margin-bottom: 8px; margin-top: 0px; line-height: 1.6;\">&#8211; L\u012bdzeklis neiz\u017e\u016bst, tam piem\u012bt \u016bdens atgr\u016b\u0161anas sp\u0113ja.<\/p>\n<p style=\"margin-bottom: 8px; margin-top: 0px; line-height: 1.6;\">&#8211; Antioksid\u0101cijas piedevas nov\u0113r\u0161 korozijas iesp\u0113jam\u012bbu, un nodro\u0161ina sm\u0113rvielai ilgu ekspluat\u0101cijas laiku.<\/p>\n<p style=\"margin-bottom: 10px; margin-top: 30px;\"><strong>Pielieto\u0161anas iesp\u0113jas<\/strong><\/p>\n<p style=\"margin-bottom: 8px; margin-top: 0px; line-height: 1.6;\">&#8211; L\u012bdzeklis izmantojams \u0101tras darb\u012bbas gult\u0146iem, as\u012bm, savienojumiem.<\/p>\n<p style=\"margin-bottom: 8px; margin-top: 0px; line-height: 1.6;\">&#8211; Iero\u010du apkopei.<\/p>\n<p style=\"margin-bottom: 8px; margin-top: 0px; line-height: 1.6;\">&#8211; Transportieri, pievad\u0137\u0113des, troses u.c.<\/p>\n<p style=\"margin-bottom: 10px; margin-top: 30px;\"><strong>Pielieto\u0161anas veidi un uzglab\u0101\u0161ana<\/strong><\/p>\n<p style=\"margin-bottom: 8px; margin-top: 0px; line-height: 1.6;\">Uzkl\u0101t uz apstr\u0101d\u0101jam\u0101s virsmas ar otas, uzsmidzin\u0101t ar aerosola pal\u012bdz\u012bbu vai iegremd\u0113t deta\u013cu \u0161\u0137\u012bdum\u0101.<\/p>\n<p style=\"margin-bottom: 10px; margin-top: 30px;\"><strong>Tehniskais raksturojums<\/strong><\/p>\n<p style=\"margin-bottom: 8px; margin-top: 0px; line-height: 1.6;\"><strong>Fizisk\u0101 forma<\/strong>: aerosols \/ \u0161\u0137idrums<\/p>\n<p style=\"margin-bottom: 8px; margin-top: 0px; line-height: 1.6;\"><strong>Bl\u012bvums (20 \u00baC)<\/strong>: 0.9 g \/ ml<\/p>\n<p style=\"margin-bottom: 8px; margin-top: 0px; line-height: 1.6;\"><strong>Viskozit\u0101te<\/strong>: 2.0 CSt &#8211; 7.3 CSt<\/p>\n","protected":false},"excerpt":{"rendered":"<p>SM\u0112RVIELA GULT\u0145IEM, \u0160ARN\u012aRIEM, IERO\u010cU KOP\u0160ANAI \u012apa\u0161\u012bbas &#8211; Efekt\u012bvs l\u012bdzeklis, kas vienlaic\u012bgi t\u012bra un iee\u013c\u013co. &#8211; \u0160\u0137\u012bdina un att\u012bra no veco sm\u0113rvielu sl\u0101\u0146a. &#8211; Izpilda aizsargfunkcijas attiec\u012bb\u0101 uz vis\u0101m kust\u012bg\u0101m da\u013c\u0101m un deta\u013c\u0101m. &#8211; Pateicoties lieliskai penetr\u0113\u0161anas sp\u0113jai, piek\u013c\u016bst ar\u012b gr\u016bti sasniedzam\u0101s viet\u0101s. &#8211; Samazina berzi un nodilumu, ietaupa ener\u0123iju. &#8211; Pateicoties lielajai iztur\u012bbai pret spiedienu,&#8230;<\/p>\n","protected":false},"featured_media":8316,"template":"","meta":[],"product_brand":[],"product_cat":[353,395,392],"product_tag":[],"class_list":{"0":"post-4154","1":"product","2":"type-product","3":"status-publish","4":"has-post-thumbnail","6":"product_cat-flore-chemie-produkti","7":"product_cat-ellojosas-attirosas-ellas-un-paligvielas","8":"product_cat-specigas-iedarbibas-tirisanas-un-ellosanas-lidzekli","10":"first","11":"instock","12":"shipping-taxable","13":"purchasable","14":"product-type-variable","15":"has-default-attributes"},"_links":{"self":[{"href":"https:\/\/e-flore.store\/lv\/wp-json\/wp\/v2\/product\/4154","targetHints":{"allow":["GET"]}}],"collection":[{"href":"https:\/\/e-flore.store\/lv\/wp-json\/wp\/v2\/product"}],"about":[{"href":"https:\/\/e-flore.store\/lv\/wp-json\/wp\/v2\/types\/product"}],"wp:featuredmedia":[{"embeddable":true,"href":"https:\/\/e-flore.store\/lv\/wp-json\/wp\/v2\/media\/8316"}],"wp:attachment":[{"href":"https:\/\/e-flore.store\/lv\/wp-json\/wp\/v2\/media?parent=4154"}],"wp:term":[{"taxonomy":"product_brand","embeddable":true,"href":"https:\/\/e-flore.store\/lv\/wp-json\/wp\/v2\/product_brand?post=4154"},{"taxonomy":"product_cat","embeddable":true,"href":"https:\/\/e-flore.store\/lv\/wp-json\/wp\/v2\/product_cat?post=4154"},{"taxonomy":"product_tag","embeddable":true,"href":"https:\/\/e-flore.store\/lv\/wp-json\/wp\/v2\/product_tag?post=4154"}],"curies":[{"name":"wp","href":"https:\/\/api.w.org\/{rel}","templated":true}]}}