{"id":4166,"date":"2026-02-03T16:03:08","date_gmt":"2026-02-03T14:03:08","guid":{"rendered":"https:\/\/demo8.izveide.id.lv\/?post_type=product&#038;p=4166"},"modified":"2026-03-26T15:04:56","modified_gmt":"2026-03-26T13:04:56","slug":"flore-lub-code-0408","status":"publish","type":"product","link":"https:\/\/e-flore.store\/lv\/produkts\/flore-lub-code-0408\/","title":{"rendered":"Flore Lub (kods 0408)"},"content":{"rendered":"<p><img decoding=\"async\" src=\"\/wp-content\/uploads\/2026\/01\/0408-PARENT_desc.jpg\" style=\"width: 100%; height: auto; display: block;\"><\/p>\n<div id=\"eflore-spacer-v55\" style=\"height: 0px; clear: both; width: 100%; display: block;\"><\/div>\n<p style=\"margin-bottom: 10px; margin-top: 30px;\"><strong>P\u0100RTIKAS R\u016aPNIEC\u012aB\u0100 PIELIETOJAM\u0100 SM\u0112RVIELA<\/strong><\/p>\n<p style=\"margin-bottom: 10px; margin-top: 30px;\"><strong>\u012apa\u0161\u012bbas<\/strong><\/p>\n<p style=\"margin-bottom: 8px; margin-top: 0px; line-height: 1.6;\">&#8211; Iek\u0101rtu mezglu e\u013c\u013co\u0161ana da\u013c\u0101m, kuras tie\u0161\u0101 kontakt\u0101 saskaras ar p\u0101rtiku.<\/p>\n<p style=\"margin-bottom: 8px; margin-top: 0px; line-height: 1.6;\">&#8211; Atbilst ES un V\u0101cijas LMBG un DAB 10 pras\u012bb\u0101m.\u00a0Biolo\u0123iski sadal\u0101s dab\u0101.<\/p>\n<p style=\"margin-bottom: 8px; margin-top: 0px; line-height: 1.6;\">&#8211; Temperat\u016bra sm\u0113rvielas pielietojumam: \u201340 \u00baC l\u012bdz +60 \u00b0C.<\/p>\n<p style=\"margin-bottom: 10px; margin-top: 30px;\"><strong>Tehniskais raksturojums<\/strong><\/p>\n<p style=\"margin-bottom: 8px; margin-top: 0px; line-height: 1.6;\"><strong>Fizisk\u0101 forma<\/strong>: \u0161\u0137idrums<\/p>\n<p style=\"margin-bottom: 8px; margin-top: 0px; line-height: 1.6;\"><strong>Bl\u012bvums (+15 \u00b0C)<\/strong>: 0.85 g \/ ml<\/p>\n<p style=\"margin-bottom: 8px; margin-top: 0px; line-height: 1.6;\"><strong>Sasal\u0161anas temperat\u016bra<\/strong>: -18 \u00b0C<\/p>\n<p style=\"margin-bottom: 8px; margin-top: 0px; line-height: 1.6;\"><strong>Uzliesmo\u0161anas temperat\u016bra<\/strong>: +185 \u00b0C<\/p>\n<p style=\"margin-bottom: 8px; margin-top: 0px; line-height: 1.6;\"><strong>Kin\u0113tisk\u0101 viskozit\u0101te (+40 \u00b0C)<\/strong>: 15.5 cSt<\/p>\n<p style=\"margin-bottom: 8px; margin-top: 0px; line-height: 1.6;\"><strong>Tvaika spiediena iztur\u012bba<\/strong>: 0,001 hPa<\/p>\n<p style=\"margin-bottom: 8px; margin-top: 0px; line-height: 1.6;\"><strong>Sast\u0101vs<\/strong>: balt\u0101 e\u013c\u013ca DAB 10<\/p>\n","protected":false},"excerpt":{"rendered":"<p>P\u0100RTIKAS R\u016aPNIEC\u012aB\u0100 PIELIETOJAM\u0100 SM\u0112RVIELA \u012apa\u0161\u012bbas &#8211; Iek\u0101rtu mezglu e\u013c\u013co\u0161ana da\u013c\u0101m, kuras tie\u0161\u0101 kontakt\u0101 saskaras ar p\u0101rtiku. &#8211; Atbilst ES un V\u0101cijas LMBG un DAB 10 pras\u012bb\u0101m.\u00a0Biolo\u0123iski sadal\u0101s dab\u0101. &#8211; Temperat\u016bra sm\u0113rvielas pielietojumam: \u201340 \u00baC l\u012bdz +60 \u00b0C. Tehniskais raksturojums Fizisk\u0101 forma: \u0161\u0137idrums Bl\u012bvums (+15 \u00b0C): 0.85 g \/ ml Sasal\u0161anas temperat\u016bra: -18 \u00b0C Uzliesmo\u0161anas temperat\u016bra:&#8230;<\/p>\n","protected":false},"featured_media":4167,"template":"","meta":[],"product_brand":[337],"product_cat":[353,395,392],"product_tag":[],"class_list":{"0":"post-4166","1":"product","2":"type-product","3":"status-publish","4":"has-post-thumbnail","6":"product_brand-flore-chemie","7":"product_cat-flore-chemie-produkti","8":"product_cat-ellojosas-attirosas-ellas-un-paligvielas","9":"product_cat-specigas-iedarbibas-tirisanas-un-ellosanas-lidzekli","11":"first","12":"instock","13":"shipping-taxable","14":"purchasable","15":"product-type-variable","16":"has-default-attributes"},"_links":{"self":[{"href":"https:\/\/e-flore.store\/lv\/wp-json\/wp\/v2\/product\/4166","targetHints":{"allow":["GET"]}}],"collection":[{"href":"https:\/\/e-flore.store\/lv\/wp-json\/wp\/v2\/product"}],"about":[{"href":"https:\/\/e-flore.store\/lv\/wp-json\/wp\/v2\/types\/product"}],"wp:featuredmedia":[{"embeddable":true,"href":"https:\/\/e-flore.store\/lv\/wp-json\/wp\/v2\/media\/4167"}],"wp:attachment":[{"href":"https:\/\/e-flore.store\/lv\/wp-json\/wp\/v2\/media?parent=4166"}],"wp:term":[{"taxonomy":"product_brand","embeddable":true,"href":"https:\/\/e-flore.store\/lv\/wp-json\/wp\/v2\/product_brand?post=4166"},{"taxonomy":"product_cat","embeddable":true,"href":"https:\/\/e-flore.store\/lv\/wp-json\/wp\/v2\/product_cat?post=4166"},{"taxonomy":"product_tag","embeddable":true,"href":"https:\/\/e-flore.store\/lv\/wp-json\/wp\/v2\/product_tag?post=4166"}],"curies":[{"name":"wp","href":"https:\/\/api.w.org\/{rel}","templated":true}]}}