{"id":4171,"date":"2026-02-03T16:03:09","date_gmt":"2026-02-03T14:03:09","guid":{"rendered":"https:\/\/demo8.izveide.id.lv\/?post_type=product&#038;p=4171"},"modified":"2026-04-01T18:00:45","modified_gmt":"2026-04-01T15:00:45","slug":"florin-so-spray-florin-so-flussig-code-0305-0306","status":"publish","type":"product","link":"https:\/\/e-flore.store\/lv\/produkts\/florin-so-spray-florin-so-flussig-code-0305-0306\/","title":{"rendered":"Florin SO Spray \/ Florin SO fl\u00fcssig (kods 0305 \/ 0306)"},"content":{"rendered":"<p><img decoding=\"async\" src=\"\/wp-content\/uploads\/2026\/01\/0305-PARENT_desc.jpg\" style=\"width: 100%; height: auto; display: block;\"><\/p>\n<div id=\"eflore-spacer-v55\" style=\"height: 0px; clear: both; width: 100%; display: block;\"><\/div>\n<p style=\"margin-bottom: 10px; margin-top: 30px;\"><strong>V\u012aT\u0145U GRIE\u0160ANAS E\u013b\u013bA, \u0160UJMA\u0160\u012aNU SM\u0112RVIELA<\/strong><\/p>\n<p style=\"margin-bottom: 10px; margin-top: 30px;\"><strong>\u012apa\u0161\u012bbas<\/strong><\/p>\n<p style=\"margin-bottom: 8px; margin-top: 0px; line-height: 1.6;\">&#8211; Augstas produktivit\u0101tes v\u012bt\u0146u grie\u0161anas e\u013c\u013ca, piem\u0113rota ner\u016bs\u0113jo\u0161am t\u0113raudam V2A un V4A, oglek\u013ca t\u0113raudam, \u010dugunam, cinkam, alum\u012bnijam.<\/p>\n<p style=\"margin-bottom: 8px; margin-top: 0px; line-height: 1.6;\">&#8211; B\u016btiski palielina griez\u0113jinstrumentu kalpo\u0161anas laiku.<\/p>\n<p style=\"margin-bottom: 8px; margin-top: 0px; line-height: 1.6;\">&#8211; Padara jebkuru met\u0101lu apstr\u0101di viegl\u0101ku.<\/p>\n<p style=\"margin-bottom: 8px; margin-top: 0px; line-height: 1.6;\">&#8211; Pateicoties EP komponentiem l\u012bdzek\u013ca sast\u0101v\u0101, Florin SO piem\u012bt lieliskas e\u013c\u013co\u0161anas \u012bpa\u0161\u012bbas.<\/p>\n<p style=\"margin-bottom: 8px; margin-top: 0px; line-height: 1.6;\">&#8211; L\u012bdzeklis nesatur hloru un silikonu.<\/p>\n<p style=\"margin-bottom: 10px; margin-top: 30px;\"><strong>Pielieto\u0161anas iesp\u0113jas<\/strong><\/p>\n<p style=\"margin-bottom: 8px; margin-top: 0px; line-height: 1.6;\">&#8211; L\u012bdzeklis izmantojams met\u0101lapstr\u0101d\u0113 veicot urb\u0161anu, fr\u0113z\u0113\u0161anu, v\u012btnes grie\u0161anu, papla\u0161in\u0101\u0161anu.<\/p>\n<p style=\"margin-bottom: 8px; margin-top: 0px; line-height: 1.6;\">&#8211; L\u012bdzeklis tiek pla\u0161i pielietots praks\u0113 k\u0101 \u0161ujma\u0161\u012bnu sm\u0113rviela.<\/p>\n<p style=\"margin-bottom: 10px; margin-top: 30px;\"><strong>Pielieto\u0161anas veidi un uzglab\u0101\u0161ana<\/strong><\/p>\n<p style=\"margin-bottom: 8px; margin-top: 0px; line-height: 1.6;\">&#8211; L\u012bdzekli uzkl\u0101t uz apstr\u0101d\u0101jam\u0101s virsmas ar aerosola jeb dozatora pal\u012bdz\u012bbu &#8211;\u00a0piem\u0113rots visiem met\u0101lapstr\u0101des darbiem.<\/p>\n<p style=\"margin-bottom: 8px; margin-top: 0px; line-height: 1.6;\">&#8211; Uzman\u012bbu! Izvair\u012bties no l\u012bdzek\u013ca izmanto\u0161anas proces\u0101 radu\u0161os tvaiku ieelpo\u0161anas!<\/p>\n<p style=\"margin-bottom: 10px; margin-top: 30px;\"><strong>Tehniskais raksturojums<\/strong><\/p>\n<p style=\"margin-bottom: 8px; margin-top: 0px; line-height: 1.6;\"><strong>Fizisk\u0101 forma<\/strong>: aerosols \/ \u0161\u0137idrums<\/p>\n<p style=\"margin-bottom: 8px; margin-top: 0px; line-height: 1.6;\"><strong>Bl\u012bvums (20 \u00baC)<\/strong>: 0.9 g \/ ml<\/p>\n<p style=\"margin-bottom: 8px; margin-top: 0px; line-height: 1.6;\"><strong>Uzliesmo\u0161anas temperat\u016bra<\/strong>: +42 \u00baC l\u012bdz +160 \u00baC<\/p>\n<p style=\"margin-bottom: 8px; margin-top: 0px; line-height: 1.6;\"><strong>Sast\u0101vs<\/strong>: EP komponenti, miner\u0101le\u013c\u013ca<\/p>\n","protected":false},"excerpt":{"rendered":"<p>V\u012aT\u0145U GRIE\u0160ANAS E\u013b\u013bA, \u0160UJMA\u0160\u012aNU SM\u0112RVIELA \u012apa\u0161\u012bbas &#8211; Augstas produktivit\u0101tes v\u012bt\u0146u grie\u0161anas e\u013c\u013ca, piem\u0113rota ner\u016bs\u0113jo\u0161am t\u0113raudam V2A un V4A, oglek\u013ca t\u0113raudam, \u010dugunam, cinkam, alum\u012bnijam. &#8211; B\u016btiski palielina griez\u0113jinstrumentu kalpo\u0161anas laiku. &#8211; Padara jebkuru met\u0101lu apstr\u0101di viegl\u0101ku. &#8211; Pateicoties EP komponentiem l\u012bdzek\u013ca sast\u0101v\u0101, Florin SO piem\u012bt lieliskas e\u013c\u013co\u0161anas \u012bpa\u0161\u012bbas. &#8211; L\u012bdzeklis nesatur hloru un silikonu. Pielieto\u0161anas iesp\u0113jas&#8230;<\/p>\n","protected":false},"featured_media":8320,"template":"","meta":[],"product_brand":[],"product_cat":[353,395,392],"product_tag":[],"class_list":{"0":"post-4171","1":"product","2":"type-product","3":"status-publish","4":"has-post-thumbnail","6":"product_cat-flore-chemie-produkti","7":"product_cat-ellojosas-attirosas-ellas-un-paligvielas","8":"product_cat-specigas-iedarbibas-tirisanas-un-ellosanas-lidzekli","10":"first","11":"instock","12":"shipping-taxable","13":"purchasable","14":"product-type-variable","15":"has-default-attributes"},"_links":{"self":[{"href":"https:\/\/e-flore.store\/lv\/wp-json\/wp\/v2\/product\/4171","targetHints":{"allow":["GET"]}}],"collection":[{"href":"https:\/\/e-flore.store\/lv\/wp-json\/wp\/v2\/product"}],"about":[{"href":"https:\/\/e-flore.store\/lv\/wp-json\/wp\/v2\/types\/product"}],"wp:featuredmedia":[{"embeddable":true,"href":"https:\/\/e-flore.store\/lv\/wp-json\/wp\/v2\/media\/8320"}],"wp:attachment":[{"href":"https:\/\/e-flore.store\/lv\/wp-json\/wp\/v2\/media?parent=4171"}],"wp:term":[{"taxonomy":"product_brand","embeddable":true,"href":"https:\/\/e-flore.store\/lv\/wp-json\/wp\/v2\/product_brand?post=4171"},{"taxonomy":"product_cat","embeddable":true,"href":"https:\/\/e-flore.store\/lv\/wp-json\/wp\/v2\/product_cat?post=4171"},{"taxonomy":"product_tag","embeddable":true,"href":"https:\/\/e-flore.store\/lv\/wp-json\/wp\/v2\/product_tag?post=4171"}],"curies":[{"name":"wp","href":"https:\/\/api.w.org\/{rel}","templated":true}]}}