{"id":4178,"date":"2026-02-03T16:03:10","date_gmt":"2026-02-03T14:03:10","guid":{"rendered":"https:\/\/demo8.izveide.id.lv\/?post_type=product&#038;p=4178"},"modified":"2026-03-26T15:04:47","modified_gmt":"2026-03-26T13:04:47","slug":"floral-54-code-0167","status":"publish","type":"product","link":"https:\/\/e-flore.store\/lv\/produkts\/floral-54-code-0167\/","title":{"rendered":"Floral 54 (kods 0167)"},"content":{"rendered":"<p><img decoding=\"async\" src=\"\/wp-content\/uploads\/2026\/01\/0167-PARENT_desc.jpg\" style=\"width: 100%; height: auto; display: block;\"><\/p>\n<div id=\"eflore-spacer-v55\" style=\"height: 0px; clear: both; width: 100%; display: block;\"><\/div>\n<p style=\"margin-bottom: 10px; margin-top: 30px;\"><strong>L\u012aDZEKLIS ATTAUKO\u0160ANAI, FOSFAT\u0112\u0160ANAI<\/strong><\/p>\n<p style=\"margin-bottom: 10px; margin-top: 30px;\"><strong>\u012apa\u0161\u012bbas<\/strong><\/p>\n<p style=\"margin-bottom: 8px; margin-top: 0px; line-height: 1.6;\">&#8211; Stipri koncentr\u0113ts l\u012bdzeklis v\u0101ji sk\u0101bai t\u0113rauda attauko\u0161anai un fosfat\u0113\u0161anai.<\/p>\n<p style=\"margin-bottom: 8px; margin-top: 0px; line-height: 1.6;\">&#8211; Neboj\u0101 met\u0101lus, speci\u0101lie inhibitori pasarg\u0101 no p\u0101rliekas vielas iedarb\u012bbas.<\/p>\n<p style=\"margin-bottom: 8px; margin-top: 0px; line-height: 1.6;\">&#8211; Pateicoties speci\u0101lu sast\u0101vda\u013cu iedarb\u012bbai vienlaic\u012bgi kop\u0101 ar fosfat\u0113\u0161anu tiek pan\u0101kta augstv\u0113rt\u012bga t\u0113rauda t\u012br\u012bba.<\/p>\n<p style=\"margin-bottom: 8px; margin-top: 0px; line-height: 1.6;\">&#8211; Lielisks met\u0101lu att\u012br\u012b\u0161anas efekts &#8211; rada fosfatiz\u0113tu virsmu no zila to\u0146a l\u012bdz pel\u0113kam.<\/p>\n<p style=\"margin-bottom: 8px; margin-top: 0px; line-height: 1.6;\">&#8211; Apstr\u0101d\u0101t\u0101s virsmas var kr\u0101sot vai lakot p\u0113c nepiecie\u0161am\u012bbas.<\/p>\n<p style=\"margin-bottom: 10px; margin-top: 30px;\"><strong>Pielieto\u0161ana<\/strong><\/p>\n<p style=\"margin-bottom: 8px; margin-top: 0px; line-height: 1.6;\">&#8211; Tvaic\u0113\u0161anas iek\u0101rtas vai ar\u012b augstspiediena agreg\u0101ti: 0.6 &#8211; 1% \u0161\u0137\u012bdums.<\/p>\n<p style=\"margin-bottom: 8px; margin-top: 0px; line-height: 1.6;\">&#8211; Iegremd\u0113\u0161anas metode: 2.5 &#8211; 20% \u0161\u0137\u012bdums.<\/p>\n<p style=\"margin-bottom: 8px; margin-top: 0px; line-height: 1.6;\">&#8211; Nepiecie\u0161am\u0101 produkta koncentr\u0101cija ir atkar\u012bga no materi\u0101lu st\u0101vok\u013ca (10 &#8211; 20%).<\/p>\n<p style=\"margin-bottom: 8px; margin-top: 0px; line-height: 1.6;\">&#8211; V\u0113lam\u0101 darba temperat\u016bra: +40 \u00baC l\u012bdz +60 \u00b0C.<\/p>\n<p style=\"margin-bottom: 8px; margin-top: 0px; line-height: 1.6;\">&#8211; Apstr\u0101des laiks ir atkar\u012bgs no apstr\u0101d\u0101jam\u0101 materi\u0101la un apstr\u0101des metodes.<\/p>\n<p style=\"margin-bottom: 8px; margin-top: 0px; line-height: 1.6;\">&#8211; 2 &#8211; 3 stundas fosfatiz\u0113\u0161anas pasarg\u0101 no r\u016bsas par\u0101d\u012b\u0161an\u0101s 2 &#8211; 3 dienas.<\/p>\n<p style=\"margin-bottom: 8px; margin-top: 0px; line-height: 1.6;\">&#8211; Maksim\u0101lam rezult\u0101tam nepiecie\u0161ams 24 stundu fosfatiz\u0113\u0161anas periods.<\/p>\n<p style=\"margin-bottom: 8px; margin-top: 0px; line-height: 1.6;\">&#8211; Pilns fosfatiz\u0113\u0161anas cikls pasarg\u0101 apstr\u0101d\u0101to materi\u0101lu no r\u016bsas par\u0101d\u012b\u0161an\u0101s veselu m\u0113nesi.<\/p>\n<p style=\"margin-bottom: 8px; margin-top: 0px; line-height: 1.6;\">&#8211; \u0160\u0137\u012bduma neitralizators &#8211; n\u0101trija hidroks\u012bds.<\/p>\n<p style=\"margin-bottom: 8px; margin-top: 0px; line-height: 1.6;\">&#8211; R\u016bsas par\u0101d\u012b\u0161an\u0101s p\u0113c no\u017e\u016b\u0161anas liecina par p\u0101r\u0101k lielu produkta koncentr\u0101ciju \u0161\u0137\u012bdum\u0101.<\/p>\n<p style=\"margin-bottom: 10px; margin-top: 30px;\"><strong>Tehniskais raksturojums<\/strong><\/p>\n<p style=\"margin-bottom: 8px; margin-top: 0px; line-height: 1.6;\"><strong>Fizisk\u0101 forma<\/strong>: \u0161\u0137idrums<\/p>\n<p style=\"margin-bottom: 8px; margin-top: 0px; line-height: 1.6;\"><strong>Bl\u012bvums (20 \u00b0\u0421)<\/strong>: ca. 1.16 &#8211; 1.19 g \/ cm\u00b3<\/p>\n<p style=\"margin-bottom: 8px; margin-top: 0px; line-height: 1.6;\"><strong>p\u041d l\u012bmenis (1% koncentr\u0101tam)<\/strong>: ca. 2.8 &#8211; 3.6<\/p>\n<p style=\"margin-bottom: 8px; margin-top: 0px; line-height: 1.6;\"><strong>Sast\u0101vs<\/strong>: fosforsk\u0101be, fosf\u0101ti, pa\u0101trin\u0101t\u0101ji, nejonu virsmakt\u012bv\u0101s vielas, fosforsk\u0101bes esteris<\/p>\n","protected":false},"excerpt":{"rendered":"<p>L\u012aDZEKLIS ATTAUKO\u0160ANAI, FOSFAT\u0112\u0160ANAI \u012apa\u0161\u012bbas &#8211; Stipri koncentr\u0113ts l\u012bdzeklis v\u0101ji sk\u0101bai t\u0113rauda attauko\u0161anai un fosfat\u0113\u0161anai. &#8211; Neboj\u0101 met\u0101lus, speci\u0101lie inhibitori pasarg\u0101 no p\u0101rliekas vielas iedarb\u012bbas. &#8211; Pateicoties speci\u0101lu sast\u0101vda\u013cu iedarb\u012bbai vienlaic\u012bgi kop\u0101 ar fosfat\u0113\u0161anu tiek pan\u0101kta augstv\u0113rt\u012bga t\u0113rauda t\u012br\u012bba. &#8211; Lielisks met\u0101lu att\u012br\u012b\u0161anas efekts &#8211; rada fosfatiz\u0113tu virsmu no zila to\u0146a l\u012bdz pel\u0113kam. &#8211; Apstr\u0101d\u0101t\u0101s virsmas&#8230;<\/p>\n","protected":false},"featured_media":4179,"template":"","meta":[],"product_brand":[337],"product_cat":[353,377,389],"product_tag":[],"class_list":{"0":"post-4178","1":"product","2":"type-product","3":"status-publish","4":"has-post-thumbnail","6":"product_brand-flore-chemie","7":"product_cat-flore-chemie-produkti","8":"product_cat-industrija-rupnieciba-masinbuve-elektroiekartas","9":"product_cat-ipasie-tehnikas-aizsardzibas-un-kopsanas-lidzekli-rusas-skidinataji-izolatori-elektroiekartu-un-elektronikas-tiritaji-u-c","11":"first","12":"instock","13":"shipping-taxable","14":"purchasable","15":"product-type-variable","16":"has-default-attributes"},"_links":{"self":[{"href":"https:\/\/e-flore.store\/lv\/wp-json\/wp\/v2\/product\/4178","targetHints":{"allow":["GET"]}}],"collection":[{"href":"https:\/\/e-flore.store\/lv\/wp-json\/wp\/v2\/product"}],"about":[{"href":"https:\/\/e-flore.store\/lv\/wp-json\/wp\/v2\/types\/product"}],"wp:featuredmedia":[{"embeddable":true,"href":"https:\/\/e-flore.store\/lv\/wp-json\/wp\/v2\/media\/4179"}],"wp:attachment":[{"href":"https:\/\/e-flore.store\/lv\/wp-json\/wp\/v2\/media?parent=4178"}],"wp:term":[{"taxonomy":"product_brand","embeddable":true,"href":"https:\/\/e-flore.store\/lv\/wp-json\/wp\/v2\/product_brand?post=4178"},{"taxonomy":"product_cat","embeddable":true,"href":"https:\/\/e-flore.store\/lv\/wp-json\/wp\/v2\/product_cat?post=4178"},{"taxonomy":"product_tag","embeddable":true,"href":"https:\/\/e-flore.store\/lv\/wp-json\/wp\/v2\/product_tag?post=4178"}],"curies":[{"name":"wp","href":"https:\/\/api.w.org\/{rel}","templated":true}]}}