{"id":4182,"date":"2026-02-03T16:03:11","date_gmt":"2026-02-03T14:03:11","guid":{"rendered":"https:\/\/demo8.izveide.id.lv\/?post_type=product&#038;p=4182"},"modified":"2026-03-26T15:04:44","modified_gmt":"2026-03-26T13:04:44","slug":"florin-2000-code-0020","status":"publish","type":"product","link":"https:\/\/e-flore.store\/lv\/produkts\/florin-2000-code-0020\/","title":{"rendered":"Florin 2000 (kods 0020)"},"content":{"rendered":"<p><img decoding=\"async\" src=\"\/wp-content\/uploads\/2026\/01\/0020-PARENT_desc.jpg\" style=\"width: 100%; height: auto; display: block;\"><\/p>\n<div id=\"eflore-spacer-v55\" style=\"height: 0px; clear: both; width: 100%; display: block;\"><\/div>\n<p style=\"margin-bottom: 10px; margin-top: 30px;\"><strong>\u0160\u0136\u012aDIN\u0100T\u0100JS ELEKTRISK\u0100S UN MEH\u0100NISK\u0100S APARAT\u016aRAS T\u012aR\u012a\u0160ANAI<\/strong><\/p>\n<p style=\"margin-bottom: 10px; margin-top: 30px;\"><strong>\u012apa\u0161\u012bbas<\/strong><\/p>\n<p style=\"margin-bottom: 8px; margin-top: 0px; line-height: 1.6;\">&#8211; Atbilsto\u0161i visiem dro\u0161\u012bbas standartiem not\u012bra putek\u013cus, taukus, kv\u0113pus un citus gr\u016bti atdal\u0101mus net\u012brumus.<\/p>\n<p style=\"margin-bottom: 8px; margin-top: 0px; line-height: 1.6;\">&#8211; Nesatur elektrol\u012btus un ir bez \u016bdens sast\u0101v\u0101.<\/p>\n<p style=\"margin-bottom: 8px; margin-top: 0px; line-height: 1.6;\">&#8211; Nevada elektr\u012bbu.<\/p>\n<p style=\"margin-bottom: 8px; margin-top: 0px; line-height: 1.6;\">&#8211; Nekait\u012bgs plastmasai, gumijai un izol\u0113jo\u0161\u0101m lak\u0101m, keramikai un met\u0101liem.<\/p>\n<p style=\"margin-bottom: 8px; margin-top: 0px; line-height: 1.6;\">&#8211; L\u012bdzeklis ir fiziolo\u0123iski nekait\u012bgs, nekairina \u0101du, tam ir pat\u012bkama smar\u017ea un to var izmantot telp\u0101s ar v\u0101ju ventil\u0101ciju.<\/p>\n<p style=\"margin-bottom: 8px; margin-top: 0px; line-height: 1.6;\">&#8211; Izmantojot l\u012bdzekli aparat\u016bra nav j\u0101izjauc pa sast\u0101vda\u013c\u0101m, kas \u013cauj ieekonom\u0113t daudz laika.<\/p>\n<p style=\"margin-bottom: 8px; margin-top: 0px; line-height: 1.6;\">&#8211; Pateicoties l\u012bdzek\u013ca l\u0113najai iztvaiko\u0161anai paaugstin\u0101s t\u012br\u012b\u0161anas efekts l\u012bdz ar to tas var tikt pielietots \u012bpa\u0161i j\u016bt\u012bgai aparat\u016brai, kura rea\u0123\u0113 uz \u0101tras iztvaiko\u0161anas iespaid\u0101 rad\u012bto atdzi\u0161anu.<\/p>\n<p style=\"margin-bottom: 10px; margin-top: 30px;\"><strong>Pielieto\u0161anas iesp\u0113jas<\/strong><\/p>\n<p style=\"margin-bottom: 8px; margin-top: 0px; line-height: 1.6;\">&#8211; Elektrodzin\u0113ju apkope, sadales elektroskapju apkope, \u0123eneratoru, sprieguma \u0123eneratoru, dro\u0161in\u0101t\u0101ju apkope.<\/p>\n<p style=\"margin-bottom: 8px; margin-top: 0px; line-height: 1.6;\">&#8211; Kondensatoru un tinumu t\u012br\u012b\u0161ana, prec\u012bzo instrumentu un pulkste\u0146meh\u0101nismu t\u012br\u012b\u0161ana, tro\u0161u t\u012br\u012b\u0161ana, \u0137\u0113\u017eu t\u012br\u012b\u0161ana.<\/p>\n<p style=\"margin-bottom: 8px; margin-top: 0px; line-height: 1.6;\">&#8211; Apgaismes un signaliz\u0101cijas tehnikas apkope.<\/p>\n<p style=\"margin-bottom: 8px; margin-top: 0px; line-height: 1.6;\">&#8211; Poligr\u0101fijas iek\u0101rtu un matricu t\u012br\u012b\u0161ana.<\/p>\n<p style=\"margin-bottom: 8px; margin-top: 0px; line-height: 1.6;\">&#8211; Radio, telefona un faksa apar\u0101tu kop\u0161ana, gaisa kondicion\u0113t\u0101ju un m\u0113rinstrumentu t\u012br\u012b\u0161ana un apkope.<\/p>\n<p style=\"margin-bottom: 10px; margin-top: 30px;\"><strong>Pielieto\u0161anas veidi un uzglab\u0101\u0161ana<\/strong><\/p>\n<p style=\"margin-bottom: 8px; margin-top: 0px; line-height: 1.6;\">&#8211; L\u012bdzekli uzkl\u0101t uzsmidzinot, ar dr\u0101nas pal\u012bdz\u012bbu, k\u0101 ar\u012b iesp\u0113jams apstr\u0101d\u0101jamo deta\u013cu iem\u0113rkt \u0161\u0137idrum\u0101.<\/p>\n<p style=\"margin-bottom: 8px; margin-top: 0px; line-height: 1.6;\">&#8211; Uzman\u012bbu! Sarg\u0101t no b\u0113rniem. Ugunsnedro\u0161s.<\/p>\n<p style=\"margin-bottom: 10px; margin-top: 30px;\"><strong>Tehniskais raksturojums<\/strong><\/p>\n<p style=\"margin-bottom: 8px; margin-top: 0px; line-height: 1.6;\"><strong>Fizisk\u0101 forma<\/strong>: \u0161\u0137idrums<\/p>\n<p style=\"margin-bottom: 8px; margin-top: 0px; line-height: 1.6;\"><strong>V\u0101r\u012b\u0161an\u0101s diapazons<\/strong>: +190 \u00baC<\/p>\n<p style=\"margin-bottom: 8px; margin-top: 0px; line-height: 1.6;\"><strong>Uzliesmo\u0161anas temperat\u016bra<\/strong>: +66 \u00baC<\/p>\n<p style=\"margin-bottom: 8px; margin-top: 0px; line-height: 1.6;\"><strong>Aizdeg\u0161an\u0101s temperat\u016bra<\/strong>: +200 \u00baC<\/p>\n<p style=\"margin-bottom: 8px; margin-top: 0px; line-height: 1.6;\"><strong>Eksplozijas robe\u017ea<\/strong>: 0,6 VOL-% 7 p\u0113c tilpuma%<\/p>\n<p style=\"margin-bottom: 8px; margin-top: 0px; line-height: 1.6;\"><strong>Sast\u0101vs<\/strong>: izoparaf\u012bna og\u013c\u016bde\u0146ra\u017ei<\/p>\n","protected":false},"excerpt":{"rendered":"<p>\u0160\u0136\u012aDIN\u0100T\u0100JS ELEKTRISK\u0100S UN MEH\u0100NISK\u0100S APARAT\u016aRAS T\u012aR\u012a\u0160ANAI \u012apa\u0161\u012bbas &#8211; Atbilsto\u0161i visiem dro\u0161\u012bbas standartiem not\u012bra putek\u013cus, taukus, kv\u0113pus un citus gr\u016bti atdal\u0101mus net\u012brumus. &#8211; Nesatur elektrol\u012btus un ir bez \u016bdens sast\u0101v\u0101. &#8211; Nevada elektr\u012bbu. &#8211; Nekait\u012bgs plastmasai, gumijai un izol\u0113jo\u0161\u0101m lak\u0101m, keramikai un met\u0101liem. &#8211; L\u012bdzeklis ir fiziolo\u0123iski nekait\u012bgs, nekairina \u0101du, tam ir pat\u012bkama smar\u017ea un to&#8230;<\/p>\n","protected":false},"featured_media":4183,"template":"","meta":[],"product_brand":[337],"product_cat":[353,377,389],"product_tag":[],"class_list":{"0":"post-4182","1":"product","2":"type-product","3":"status-publish","4":"has-post-thumbnail","6":"product_brand-flore-chemie","7":"product_cat-flore-chemie-produkti","8":"product_cat-industrija-rupnieciba-masinbuve-elektroiekartas","9":"product_cat-ipasie-tehnikas-aizsardzibas-un-kopsanas-lidzekli-rusas-skidinataji-izolatori-elektroiekartu-un-elektronikas-tiritaji-u-c","11":"first","12":"instock","13":"shipping-taxable","14":"purchasable","15":"product-type-variable","16":"has-default-attributes"},"_links":{"self":[{"href":"https:\/\/e-flore.store\/lv\/wp-json\/wp\/v2\/product\/4182","targetHints":{"allow":["GET"]}}],"collection":[{"href":"https:\/\/e-flore.store\/lv\/wp-json\/wp\/v2\/product"}],"about":[{"href":"https:\/\/e-flore.store\/lv\/wp-json\/wp\/v2\/types\/product"}],"wp:featuredmedia":[{"embeddable":true,"href":"https:\/\/e-flore.store\/lv\/wp-json\/wp\/v2\/media\/4183"}],"wp:attachment":[{"href":"https:\/\/e-flore.store\/lv\/wp-json\/wp\/v2\/media?parent=4182"}],"wp:term":[{"taxonomy":"product_brand","embeddable":true,"href":"https:\/\/e-flore.store\/lv\/wp-json\/wp\/v2\/product_brand?post=4182"},{"taxonomy":"product_cat","embeddable":true,"href":"https:\/\/e-flore.store\/lv\/wp-json\/wp\/v2\/product_cat?post=4182"},{"taxonomy":"product_tag","embeddable":true,"href":"https:\/\/e-flore.store\/lv\/wp-json\/wp\/v2\/product_tag?post=4182"}],"curies":[{"name":"wp","href":"https:\/\/api.w.org\/{rel}","templated":true}]}}