{"id":4188,"date":"2026-02-03T16:03:12","date_gmt":"2026-02-03T14:03:12","guid":{"rendered":"https:\/\/demo8.izveide.id.lv\/?post_type=product&#038;p=4188"},"modified":"2026-03-26T15:04:40","modified_gmt":"2026-03-26T13:04:40","slug":"florin-ar-code-0019","status":"publish","type":"product","link":"https:\/\/e-flore.store\/lv\/produkts\/florin-ar-code-0019\/","title":{"rendered":"Florin AR (kods 0019)"},"content":{"rendered":"<p><img decoding=\"async\" src=\"\/wp-content\/uploads\/2026\/01\/0019-PARENT_desc.jpg\" style=\"width: 100%; height: auto; display: block;\"><\/p>\n<div id=\"eflore-spacer-v55\" style=\"height: 0px; clear: both; width: 100%; display: block;\"><\/div>\n<p style=\"margin-bottom: 10px; margin-top: 30px;\"><strong>L\u012aDZEKLIS ALUM\u012aNIJA ATT\u012aR\u012a\u0160ANAI<\/strong><\/p>\n<p style=\"margin-bottom: 10px; margin-top: 30px;\"><strong>\u012apa\u0161\u012bbas<\/strong><\/p>\n<p style=\"margin-bottom: 8px; margin-top: 0px; line-height: 1.6;\">&#8211; Piln\u012bgi dro\u0161s apk\u0101rt\u0113jai videi, sadal\u0101s dab\u0101 vair\u0101k k\u0101 90%.<\/p>\n<p style=\"margin-bottom: 8px; margin-top: 0px; line-height: 1.6;\">&#8211; Atjauno sp\u012bdumu korod\u0113t\u0101m virsm\u0101m.<\/p>\n<p style=\"margin-bottom: 8px; margin-top: 0px; line-height: 1.6;\">&#8211; Nospodrina un atjauno aps\u016bb\u0113ju\u0161as virsmas.<\/p>\n<p style=\"margin-bottom: 8px; margin-top: 0px; line-height: 1.6;\">&#8211; Speci\u0101lie konservanti veic virsmas kop\u0161anas funkcijas.<\/p>\n<p style=\"margin-bottom: 8px; margin-top: 0px; line-height: 1.6;\">&#8211; Nekorod\u0113 met\u0101lus un lakas.<\/p>\n<p style=\"margin-bottom: 10px; margin-top: 30px;\"><strong>Pielieto\u0161anas iesp\u0113jas<\/strong><\/p>\n<p style=\"margin-bottom: 8px; margin-top: 0px; line-height: 1.6;\">&#8211; Autotransporta alum\u012bnija virsb\u016bves da\u013cas.<\/p>\n<p style=\"margin-bottom: 8px; margin-top: 0px; line-height: 1.6;\">&#8211; Konteineri &#8211; atkritumu tvertnes.<\/p>\n<p style=\"margin-bottom: 8px; margin-top: 0px; line-height: 1.6;\">&#8211; \u0112ku alum\u012bnija ap\u0161uvums \u2013 v\u0101rti, alum\u012bnija durvis.<\/p>\n<p style=\"margin-bottom: 8px; margin-top: 0px; line-height: 1.6;\">&#8211; Alum\u012bnija sastat\u0146u t\u012br\u012b\u0161anai.<\/p>\n<p style=\"margin-bottom: 10px; margin-top: 30px;\"><strong>Pielieto\u0161ana un uzglab\u0101\u0161ana<\/strong><\/p>\n<p style=\"margin-bottom: 8px; margin-top: 0px; line-height: 1.6;\">&#8211; Atkar\u012bb\u0101 no pies\u0101r\u0146ot\u012bbas pak\u0101pes, at\u0161\u0137aid\u012bt ar \u016bdeni attiec\u012bb\u0101s 1:1 &#8211; 1:3. Regul\u0101ra kop\u0161ana &#8211; 1:25.<\/p>\n<p style=\"margin-bottom: 8px; margin-top: 0px; line-height: 1.6;\">&#8211; Uzkl\u0101t uz virsmas uzsmidzinot vai ar s\u016bkli, maz\u0101kas deta\u013cas iem\u0113rkt \u0161\u0137\u012bdum\u0101.<\/p>\n<p style=\"margin-bottom: 8px; margin-top: 0px; line-height: 1.6;\">&#8211; Patur\u0113t uzkl\u0101tu k\u0101du laiku.<\/p>\n<p style=\"margin-bottom: 8px; margin-top: 0px; line-height: 1.6;\">&#8211; Noskalot ar \u016bdeni.<\/p>\n<p style=\"margin-bottom: 8px; margin-top: 0px; line-height: 1.6;\">&#8211; Anod\u0113t\u0101 alum\u012bnija att\u012br\u012b\u0161anas gad\u012bjum\u0101\u00a0vispirms l\u012bdzekli izm\u0113\u0123in\u0101t neuzkr\u012bto\u0161\u0101 viet\u0101.<\/p>\n<p style=\"margin-bottom: 10px; margin-top: 30px;\"><strong>Tehniskais raksturojums<\/strong><\/p>\n<p style=\"margin-bottom: 8px; margin-top: 0px; line-height: 1.6;\"><strong>Fizisk\u0101 forma<\/strong>: \u0161\u0137idrums<\/p>\n<p style=\"margin-bottom: 8px; margin-top: 0px; line-height: 1.6;\"><strong>Bl\u012bvums (20 \u00b0\u0421)<\/strong>: 1.134<\/p>\n<p style=\"margin-bottom: 8px; margin-top: 0px; line-height: 1.6;\"><strong>p\u041d l\u012bmenis<\/strong>: 1.7<\/p>\n<p style=\"margin-bottom: 8px; margin-top: 0px; line-height: 1.6;\"><strong>Sast\u0101vs<\/strong>: vair\u0101ku sk\u0101bju mais\u012bjums ar mazg\u0101jo\u0161o komponentu biolo\u0123iski akt\u012bv\u0101m viel\u0101m un antikorozijas piedev\u0101m<\/p>\n","protected":false},"excerpt":{"rendered":"<p>L\u012aDZEKLIS ALUM\u012aNIJA ATT\u012aR\u012a\u0160ANAI \u012apa\u0161\u012bbas &#8211; Piln\u012bgi dro\u0161s apk\u0101rt\u0113jai videi, sadal\u0101s dab\u0101 vair\u0101k k\u0101 90%. &#8211; Atjauno sp\u012bdumu korod\u0113t\u0101m virsm\u0101m. &#8211; Nospodrina un atjauno aps\u016bb\u0113ju\u0161as virsmas. &#8211; Speci\u0101lie konservanti veic virsmas kop\u0161anas funkcijas. &#8211; Nekorod\u0113 met\u0101lus un lakas. Pielieto\u0161anas iesp\u0113jas &#8211; Autotransporta alum\u012bnija virsb\u016bves da\u013cas. &#8211; Konteineri &#8211; atkritumu tvertnes. &#8211; \u0112ku alum\u012bnija ap\u0161uvums \u2013 v\u0101rti,&#8230;<\/p>\n","protected":false},"featured_media":4189,"template":"","meta":[],"product_brand":[337],"product_cat":[353,377,389],"product_tag":[],"class_list":{"0":"post-4188","1":"product","2":"type-product","3":"status-publish","4":"has-post-thumbnail","6":"product_brand-flore-chemie","7":"product_cat-flore-chemie-produkti","8":"product_cat-industrija-rupnieciba-masinbuve-elektroiekartas","9":"product_cat-ipasie-tehnikas-aizsardzibas-un-kopsanas-lidzekli-rusas-skidinataji-izolatori-elektroiekartu-un-elektronikas-tiritaji-u-c","11":"first","12":"instock","13":"shipping-taxable","14":"purchasable","15":"product-type-variable","16":"has-default-attributes"},"_links":{"self":[{"href":"https:\/\/e-flore.store\/lv\/wp-json\/wp\/v2\/product\/4188","targetHints":{"allow":["GET"]}}],"collection":[{"href":"https:\/\/e-flore.store\/lv\/wp-json\/wp\/v2\/product"}],"about":[{"href":"https:\/\/e-flore.store\/lv\/wp-json\/wp\/v2\/types\/product"}],"wp:featuredmedia":[{"embeddable":true,"href":"https:\/\/e-flore.store\/lv\/wp-json\/wp\/v2\/media\/4189"}],"wp:attachment":[{"href":"https:\/\/e-flore.store\/lv\/wp-json\/wp\/v2\/media?parent=4188"}],"wp:term":[{"taxonomy":"product_brand","embeddable":true,"href":"https:\/\/e-flore.store\/lv\/wp-json\/wp\/v2\/product_brand?post=4188"},{"taxonomy":"product_cat","embeddable":true,"href":"https:\/\/e-flore.store\/lv\/wp-json\/wp\/v2\/product_cat?post=4188"},{"taxonomy":"product_tag","embeddable":true,"href":"https:\/\/e-flore.store\/lv\/wp-json\/wp\/v2\/product_tag?post=4188"}],"curies":[{"name":"wp","href":"https:\/\/api.w.org\/{rel}","templated":true}]}}