{"id":4194,"date":"2026-02-03T16:03:14","date_gmt":"2026-02-03T14:03:14","guid":{"rendered":"https:\/\/demo8.izveide.id.lv\/?post_type=product&#038;p=4194"},"modified":"2026-03-26T15:04:35","modified_gmt":"2026-03-26T13:04:35","slug":"florin-rs-code-0041","status":"publish","type":"product","link":"https:\/\/e-flore.store\/lv\/produkts\/florin-rs-code-0041\/","title":{"rendered":"Florin RS (kods 0041)"},"content":{"rendered":"<p><img decoding=\"async\" src=\"\/wp-content\/uploads\/2026\/01\/0041-PARENT_desc.jpg\" style=\"width: 100%; height: auto; display: block;\"><\/p>\n<div id=\"eflore-spacer-v55\" style=\"height: 0px; clear: both; width: 100%; display: block;\"><\/div>\n<p style=\"margin-bottom: 10px; margin-top: 30px;\"><strong>R\u016aSAS P\u0100RVEIDOT\u0100JS<\/strong><\/p>\n<p style=\"margin-bottom: 10px; margin-top: 30px;\"><strong>\u012apa\u0161\u012bbas<\/strong><\/p>\n<p style=\"margin-bottom: 8px; margin-top: 0px; line-height: 1.6;\">&#8211; P\u0101rv\u0113r\u0161 dzelzs r\u016bsas \u0137\u012bmiskos savienojumus stabilos ferot\u0101na elementos.<\/p>\n<p style=\"margin-bottom: 8px; margin-top: 0px; line-height: 1.6;\">&#8211; Piem\u0113rots bieza r\u016bsas sl\u0101\u0146a nokl\u0101\u0161anai, k\u0101 ar\u012b gludas met\u0101la virsmas apstr\u0101dei.<\/p>\n<p style=\"margin-bottom: 8px; margin-top: 0px; line-height: 1.6;\">&#8211; Met\u0101la virsmu apstr\u0101dei nav nepiecie\u0161ama sl\u012bp\u0113\u0161ana, tai pa\u0161\u0101 laik\u0101 l\u012bdzeklis neboj\u0101 lakas un kr\u0101sas sl\u0101ni.<\/p>\n<p style=\"margin-bottom: 8px; margin-top: 0px; line-height: 1.6;\">&#8211; \u012apa\u0161i piem\u0113rots mitru met\u0101la virsmu apstr\u0101dei.<\/p>\n<p style=\"margin-bottom: 8px; margin-top: 0px; line-height: 1.6;\">&#8211; Nekait\u012bgs videi &#8211; l\u012bdzek\u013ca sast\u0101vs nesatur svinu un hromu.<\/p>\n<p style=\"margin-bottom: 8px; margin-top: 0px; line-height: 1.6;\">&#8211; Apstr\u0101d\u0101t\u0101s virsmas var palikt bez kr\u0101sojuma l\u012bdz pat 6 m\u0113ne\u0161iem.<\/p>\n<p style=\"margin-bottom: 10px; margin-top: 30px;\"><strong>Pielieto\u0161anas iesp\u0113jas<\/strong><\/p>\n<p style=\"margin-bottom: 8px; margin-top: 0px; line-height: 1.6;\">&#8211; Kravas un vieglo automob\u012b\u013cu pretkorozijas apstr\u0101de.<\/p>\n<p style=\"margin-bottom: 8px; margin-top: 0px; line-height: 1.6;\">&#8211; Atjaunojo\u0161\u0101 remonta veik\u0161ana katlum\u0101j\u0101s, cauru\u013cvados.<\/p>\n<p style=\"margin-bottom: 8px; margin-top: 0px; line-height: 1.6;\">&#8211; Kr\u0101nu, transportieru un citas tehnikas pirmskr\u0101so\u0161anas apstr\u0101de.<\/p>\n<p style=\"margin-bottom: 8px; margin-top: 0px; line-height: 1.6;\">&#8211; Lielu met\u0101la virsmu pretkorozijas un pirmskr\u0101so\u0161anas apstr\u0101de.<\/p>\n<p style=\"margin-bottom: 10px; margin-top: 30px;\"><strong>Pielieto\u0161anas veidi un uzglab\u0101\u0161ana<\/strong><\/p>\n<p style=\"margin-bottom: 8px; margin-top: 0px; line-height: 1.6;\">&#8211; Pirms l\u012bdzek\u013ca izmanto\u0161anas meh\u0101niski att\u012br\u012bt virsmu no atkl\u0101tas r\u016bsas un atdal\u012bju\u0161\u0101s lakas vai kr\u0101sas paliek\u0101m.<\/p>\n<p style=\"margin-bottom: 8px; margin-top: 0px; line-height: 1.6;\">&#8211; Attaukot virsmu.<\/p>\n<p style=\"margin-bottom: 8px; margin-top: 0px; line-height: 1.6;\">&#8211; Uzkl\u0101t l\u012bdzekli ar otas jeb izsmidzin\u0101\u0161anas iek\u0101rtas pal\u012bdz\u012bbu, p\u0113c nepiecie\u0161am\u012bbas, 1 jeb 2 reizes.<\/p>\n<p style=\"margin-bottom: 8px; margin-top: 0px; line-height: 1.6;\">&#8211; Pirms kr\u0101so\u0161anas \u013caut virsmai no\u017e\u016bt 16 \u2013 24 stundas.<\/p>\n<p style=\"margin-bottom: 8px; margin-top: 0px; line-height: 1.6;\">&#8211; Uzman\u012bbu! Darba instrumentiem un virsmai ir j\u0101b\u016bt piln\u012bgi attaukotiem! Sarg\u0101t acis!<\/p>\n<p style=\"margin-bottom: 10px; margin-top: 30px;\"><strong>Tehniskais raksturojums<\/strong><\/p>\n<p style=\"margin-bottom: 8px; margin-top: 0px; line-height: 1.6;\"><strong>Fizisk\u0101 forma<\/strong>: \t \u0161\u0137idrums<\/p>\n<p style=\"margin-bottom: 8px; margin-top: 0px; line-height: 1.6;\"><strong>pH l\u012bmenis<\/strong>: 7.3<\/p>\n<p style=\"margin-bottom: 8px; margin-top: 0px; line-height: 1.6;\"><strong>Bl\u012bvums (20 \u00baC)<\/strong>: \t 0.98 g \/ cm\u00b3<\/p>\n","protected":false},"excerpt":{"rendered":"<p>R\u016aSAS P\u0100RVEIDOT\u0100JS \u012apa\u0161\u012bbas &#8211; P\u0101rv\u0113r\u0161 dzelzs r\u016bsas \u0137\u012bmiskos savienojumus stabilos ferot\u0101na elementos. &#8211; Piem\u0113rots bieza r\u016bsas sl\u0101\u0146a nokl\u0101\u0161anai, k\u0101 ar\u012b gludas met\u0101la virsmas apstr\u0101dei. &#8211; Met\u0101la virsmu apstr\u0101dei nav nepiecie\u0161ama sl\u012bp\u0113\u0161ana, tai pa\u0161\u0101 laik\u0101 l\u012bdzeklis neboj\u0101 lakas un kr\u0101sas sl\u0101ni. &#8211; \u012apa\u0161i piem\u0113rots mitru met\u0101la virsmu apstr\u0101dei. &#8211; Nekait\u012bgs videi &#8211; l\u012bdzek\u013ca sast\u0101vs nesatur svinu&#8230;<\/p>\n","protected":false},"featured_media":4195,"template":"","meta":[],"product_brand":[337],"product_cat":[353,377,389],"product_tag":[],"class_list":{"0":"post-4194","1":"product","2":"type-product","3":"status-publish","4":"has-post-thumbnail","6":"product_brand-flore-chemie","7":"product_cat-flore-chemie-produkti","8":"product_cat-industrija-rupnieciba-masinbuve-elektroiekartas","9":"product_cat-ipasie-tehnikas-aizsardzibas-un-kopsanas-lidzekli-rusas-skidinataji-izolatori-elektroiekartu-un-elektronikas-tiritaji-u-c","11":"first","12":"instock","13":"shipping-taxable","14":"purchasable","15":"product-type-variable","16":"has-default-attributes"},"_links":{"self":[{"href":"https:\/\/e-flore.store\/lv\/wp-json\/wp\/v2\/product\/4194","targetHints":{"allow":["GET"]}}],"collection":[{"href":"https:\/\/e-flore.store\/lv\/wp-json\/wp\/v2\/product"}],"about":[{"href":"https:\/\/e-flore.store\/lv\/wp-json\/wp\/v2\/types\/product"}],"wp:featuredmedia":[{"embeddable":true,"href":"https:\/\/e-flore.store\/lv\/wp-json\/wp\/v2\/media\/4195"}],"wp:attachment":[{"href":"https:\/\/e-flore.store\/lv\/wp-json\/wp\/v2\/media?parent=4194"}],"wp:term":[{"taxonomy":"product_brand","embeddable":true,"href":"https:\/\/e-flore.store\/lv\/wp-json\/wp\/v2\/product_brand?post=4194"},{"taxonomy":"product_cat","embeddable":true,"href":"https:\/\/e-flore.store\/lv\/wp-json\/wp\/v2\/product_cat?post=4194"},{"taxonomy":"product_tag","embeddable":true,"href":"https:\/\/e-flore.store\/lv\/wp-json\/wp\/v2\/product_tag?post=4194"}],"curies":[{"name":"wp","href":"https:\/\/api.w.org\/{rel}","templated":true}]}}