{"id":4200,"date":"2026-02-03T16:03:15","date_gmt":"2026-02-03T14:03:15","guid":{"rendered":"https:\/\/demo8.izveide.id.lv\/?post_type=product&#038;p=4200"},"modified":"2026-03-26T15:04:31","modified_gmt":"2026-03-26T13:04:31","slug":"floranin-c-code-0158","status":"publish","type":"product","link":"https:\/\/e-flore.store\/lv\/produkts\/floranin-c-code-0158\/","title":{"rendered":"Floranin C (kods 0158)"},"content":{"rendered":"<p><img decoding=\"async\" src=\"\/wp-content\/uploads\/2026\/01\/0158-PARENT_desc.jpg\" style=\"width: 100%; height: auto; display: block;\"><\/p>\n<div id=\"eflore-spacer-v55\" style=\"height: 0px; clear: both; width: 100%; display: block;\"><\/div>\n<p style=\"margin-bottom: 10px; margin-top: 30px;\"><strong>SPECI\u0100LA \u016aDEN\u012a \u0160\u0136\u012aSTO\u0160A DZES\u0112JO\u0160\u0100 SM\u0112RVIELA<\/strong><\/p>\n<p style=\"margin-bottom: 10px; margin-top: 30px;\"><strong>\u012apa\u0161\u012bbas<\/strong><\/p>\n<p style=\"margin-bottom: 8px; margin-top: 0px; line-height: 1.6;\">&#8211; Sint\u0113tisks dzes\u0113\u0161anas \u0161\u0137idrums &#8211; nesatur miner\u0101le\u013c\u013cas, konservantus un nitr\u012btus.<\/p>\n<p style=\"margin-bottom: 8px; margin-top: 0px; line-height: 1.6;\">&#8211; \u0160\u0137\u012bst \u016bden\u012b, \u013coti ekonomisks izmanto\u0161an\u0101.<\/p>\n<p style=\"margin-bottom: 8px; margin-top: 0px; line-height: 1.6;\">&#8211; \u0160\u0137idrums ir caursp\u012bd\u012bgs, t\u0101d\u0113\u013c izmantojams prec\u012bzai met\u0101la apstr\u0101dei.<\/p>\n<p style=\"margin-bottom: 8px; margin-top: 0px; line-height: 1.6;\">&#8211; Nov\u0113r\u0161 r\u016bsas veido\u0161anos, saudz\u0113 met\u0101lapstr\u0101des instrumentus.<\/p>\n<p style=\"margin-bottom: 8px; margin-top: 0px; line-height: 1.6;\">&#8211; L\u012bdzeklim ir ilgs ekspluat\u0101cijas laiks.<\/p>\n<p style=\"margin-bottom: 8px; margin-top: 0px; line-height: 1.6;\">&#8211; Nekait\u012bgs \u0101dai, piem\u0113rots darbam gan ar melnajiem, gan kr\u0101sainajiem met\u0101liem un to sakaus\u0113jumiem.<\/p>\n<p style=\"margin-bottom: 10px; margin-top: 30px;\"><strong>Pielieto\u0161anas veidi un uzglab\u0101\u0161ana<\/strong><\/p>\n<p style=\"margin-bottom: 8px; margin-top: 0px; line-height: 1.6;\">&#8211; L\u012bdzeklis izmantojams met\u0101lu meh\u0101niskai apstr\u0101dei (urb\u0161ana, fr\u0113z\u0113\u0161ana, sl\u012bp\u0113\u0161ana, z\u0101\u0123\u0113\u0161ana).<\/p>\n<p style=\"margin-bottom: 8px; margin-top: 0px; line-height: 1.6;\">&#8211; Sint\u0113tisk\u0101 e\u013c\u013co\u0161ana, dzes\u0113\u0161ana.<\/p>\n<p style=\"margin-bottom: 8px; margin-top: 0px; line-height: 1.6;\">&#8211; Nepie\u013caut e\u013c\u013cas da\u013cu nok\u013c\u016b\u0161anu \u0161\u0137idrum\u0101.<\/p>\n<p style=\"margin-bottom: 10px; margin-top: 30px;\"><strong>&#8211; Pirms pielieto\u0161anas at\u0161\u0137aid\u012bt ar \u016bdeni sekojo\u0161\u0101s proporcij\u0101s:<\/strong><\/p>\n<p style=\"margin-bottom: 8px; margin-top: 0px; line-height: 1.6;\">Sl\u012bp\u0113\u0161ana &#8211; no 1:30 l\u012bdz 1:60.<\/p>\n<p style=\"margin-bottom: 8px; margin-top: 0px; line-height: 1.6;\">Virpo\u0161ana \u2013 no 1:20 l\u012bdz 1:50.<\/p>\n<p style=\"margin-bottom: 8px; margin-top: 0px; line-height: 1.6;\">Urb\u0161ana \u2013 no 1:20 l\u012bdz 1:50.<\/p>\n<p style=\"margin-bottom: 8px; margin-top: 0px; line-height: 1.6;\">Fr\u0113z\u0113\u0161ana \u2013 no 1:20 l\u012bdz 1:50.<\/p>\n<p style=\"margin-bottom: 8px; margin-top: 0px; line-height: 1.6;\">Grie\u0161ana \u2013 no 1:20 l\u012bdz 1:60.<\/p>\n<p style=\"margin-bottom: 8px; margin-top: 0px; line-height: 1.6;\">Z\u0101\u0123\u0113\u0161ana \u2013 no 1:20 l\u012bdz 1:30.<\/p>\n<p style=\"margin-bottom: 8px; margin-top: 0px; line-height: 1.6;\">Dzes\u0113\u0161ana \u2013 no 1:20 l\u012bdz 1:60.<\/p>\n<p style=\"margin-bottom: 8px; margin-top: 0px; line-height: 1.6;\">&#8211; L\u012bdzeklis izmantojams ar\u012b automatiz\u0113tajai met\u0101lu apstr\u0101dei.<\/p>\n<p style=\"margin-bottom: 8px; margin-top: 0px; line-height: 1.6;\">&#8211; Uzglab\u0101jot sarg\u0101t no sasal\u0161anas!<\/p>\n<p style=\"margin-bottom: 10px; margin-top: 30px;\"><strong>Tehniskais raksturojums<\/strong><\/p>\n<p style=\"margin-bottom: 8px; margin-top: 0px; line-height: 1.6;\"><strong>Fizisk\u0101 forma<\/strong>: \u0161\u0137idrums<\/p>\n<p style=\"margin-bottom: 8px; margin-top: 0px; line-height: 1.6;\"><strong>Bl\u012bvums (20 \u00baC)<\/strong>: 1.1 g \/ ml<\/p>\n<p style=\"margin-bottom: 8px; margin-top: 0px; line-height: 1.6;\"><strong>pH l\u012bmenis<\/strong>: 9.3<\/p>\n<p style=\"margin-bottom: 8px; margin-top: 0px; line-height: 1.6;\"><strong>Sast\u0101vs<\/strong>: polikarbona sk\u0101bes, antikorozijas piedevas, poli-ter-poliols<\/p>\n","protected":false},"excerpt":{"rendered":"<p>SPECI\u0100LA \u016aDEN\u012a \u0160\u0136\u012aSTO\u0160A DZES\u0112JO\u0160\u0100 SM\u0112RVIELA \u012apa\u0161\u012bbas &#8211; Sint\u0113tisks dzes\u0113\u0161anas \u0161\u0137idrums &#8211; nesatur miner\u0101le\u013c\u013cas, konservantus un nitr\u012btus. &#8211; \u0160\u0137\u012bst \u016bden\u012b, \u013coti ekonomisks izmanto\u0161an\u0101. &#8211; \u0160\u0137idrums ir caursp\u012bd\u012bgs, t\u0101d\u0113\u013c izmantojams prec\u012bzai met\u0101la apstr\u0101dei. &#8211; Nov\u0113r\u0161 r\u016bsas veido\u0161anos, saudz\u0113 met\u0101lapstr\u0101des instrumentus. &#8211; L\u012bdzeklim ir ilgs ekspluat\u0101cijas laiks. &#8211; Nekait\u012bgs \u0101dai, piem\u0113rots darbam gan ar melnajiem, gan kr\u0101sainajiem met\u0101liem&#8230;<\/p>\n","protected":false},"featured_media":4201,"template":"","meta":[],"product_brand":[337],"product_cat":[353,377,389],"product_tag":[],"class_list":{"0":"post-4200","1":"product","2":"type-product","3":"status-publish","4":"has-post-thumbnail","6":"product_brand-flore-chemie","7":"product_cat-flore-chemie-produkti","8":"product_cat-industrija-rupnieciba-masinbuve-elektroiekartas","9":"product_cat-ipasie-tehnikas-aizsardzibas-un-kopsanas-lidzekli-rusas-skidinataji-izolatori-elektroiekartu-un-elektronikas-tiritaji-u-c","11":"first","12":"instock","13":"shipping-taxable","14":"purchasable","15":"product-type-variable","16":"has-default-attributes"},"_links":{"self":[{"href":"https:\/\/e-flore.store\/lv\/wp-json\/wp\/v2\/product\/4200","targetHints":{"allow":["GET"]}}],"collection":[{"href":"https:\/\/e-flore.store\/lv\/wp-json\/wp\/v2\/product"}],"about":[{"href":"https:\/\/e-flore.store\/lv\/wp-json\/wp\/v2\/types\/product"}],"wp:featuredmedia":[{"embeddable":true,"href":"https:\/\/e-flore.store\/lv\/wp-json\/wp\/v2\/media\/4201"}],"wp:attachment":[{"href":"https:\/\/e-flore.store\/lv\/wp-json\/wp\/v2\/media?parent=4200"}],"wp:term":[{"taxonomy":"product_brand","embeddable":true,"href":"https:\/\/e-flore.store\/lv\/wp-json\/wp\/v2\/product_brand?post=4200"},{"taxonomy":"product_cat","embeddable":true,"href":"https:\/\/e-flore.store\/lv\/wp-json\/wp\/v2\/product_cat?post=4200"},{"taxonomy":"product_tag","embeddable":true,"href":"https:\/\/e-flore.store\/lv\/wp-json\/wp\/v2\/product_tag?post=4200"}],"curies":[{"name":"wp","href":"https:\/\/api.w.org\/{rel}","templated":true}]}}