{"id":4218,"date":"2026-02-03T16:03:18","date_gmt":"2026-02-03T14:03:18","guid":{"rendered":"https:\/\/demo8.izveide.id.lv\/?post_type=product&#038;p=4218"},"modified":"2026-03-26T15:04:22","modified_gmt":"2026-03-26T13:04:22","slug":"flamil-1","status":"publish","type":"product","link":"https:\/\/e-flore.store\/lv\/produkts\/flamil-1\/","title":{"rendered":"Flamil 1"},"content":{"rendered":"<p><img decoding=\"async\" style=\"width: 100%; height: auto; display: block;\" src=\"\/wp-content\/uploads\/2026\/02\/0001-PARENT_desc.jpg\" \/><\/p>\n<div id=\"eflore-spacer-v55\" style=\"height: 0px; clear: both; width: 100%; display: block;\"><\/div>\n<p style=\"margin-bottom: 10px; margin-top: 30px;\"><strong>ABWASSERENTLASTENDER KALTREINIGER<\/strong><\/p>\n<p style=\"margin-bottom: 10px; margin-top: 30px;\"><strong>FLAMIL\u00ae 1<\/strong><\/p>\n<p style=\"margin-bottom: 8px; margin-top: 0px; line-height: 1.6;\">ist ein besonders ergiebiger, universell einsetzbarer aromatenfreier Kaltreiniger, der problemlos Fette, \u00d6le, Wachs, Bitumen (Teer), Konservierungen und sonstige Verschmutzungen l\u00f6st und entfernt. FLAMIL\u00ae 1 enth\u00e4lt keine halogenierten Kohlenwasserstoffe, \u00c4tzmittel, S\u00e4uren oder Laugen und greift deshalb keinerlei Metalle an. Zudem ist es schnelltrennend, so dass eine zus\u00e4tzliche Verweilzeit im Leichtfl\u00fcssigkeitsabscheider entf\u00e4llt.<\/p>\n<p style=\"margin-bottom: 10px; margin-top: 30px;\"><strong>ANWENDUNGSBEREICHE<\/strong><\/p>\n<p style=\"margin-bottom: 8px; margin-top: 0px; line-height: 1.6;\">Werkzeuge, Werkst\u00fccke, Fahrzeuge, Motoren, Maschinen, Filter und Getriebe, Gabelstapler, Planierraupen, Bagger und Baumaschinen; Eisen, Buntmetalle und l\u00f6semittelbest\u00e4ndige Kunststoffe.<\/p>\n<p style=\"margin-bottom: 10px; margin-top: 30px;\"><strong>VERARBEITUNGSHINWEISE<\/strong><\/p>\n<p style=\"margin-bottom: 8px; margin-top: 0px; line-height: 1.6;\">FLAMIL\u00ae 1 kann manuell, im Tauchbad oder am Pinselwaschtisch angewandt werden. Die maximale Anwendungstemperatur betr\u00e4gt 50 \u00b0C. Im Fall des manuellen Einsatzes wird FLAMIL\u00ae 1 auf die zu reinigenden Teile aufgespr\u00fcht oder mit Pinsel bzw. B\u00fcrste aufgetragen und nach 10 &#8211; 15 Minuten Einwirkzeit mit kr\u00e4ftigem Wasserstrahl abgespritzt. Im Tauchbad sollten die zu reinigenden Objekte je nach Verschmutzungsgrad 5 &#8211; 20 Minuten verweilen, anschlie\u00dfend mit starkem Wasserstrahl abgesp\u00fclt werden. Am Pinselwaschtisch empfiehlt sich die konzentrierte Verwendung.<\/p>\n<p style=\"margin-bottom: 10px; margin-top: 30px;\"><strong>WEITERE HINWEISE<\/strong><\/p>\n<p style=\"margin-bottom: 8px; margin-top: 0px; line-height: 1.6;\">Vor der ersten Anwendung Vortest an verdeckter Stelle durchf\u00fchren. Kaltreiniger d\u00fcrfen nur in Verbindung mit Leicht\u00f6labscheidern verwendet werden. Um eine Abwasserentlastung zu erzielen, d\u00fcrfen sie nicht gleichzeitig mit emulgierend wirkenden, tensidhaltigen Abw\u00e4ssern (z.B. aus der Autow\u00e4sche) in Abscheider mit genannter Funktion gelangen. Zum Erhalt der Produkteigenschaften FLAMIL\u00ae 1 frostfrei lagern.<\/p>\n<p style=\"margin-bottom: 10px; margin-top: 30px;\"><strong>TECHNISCHE DATEN<\/strong><\/p>\n<p style=\"margin-bottom: 8px; margin-top: 0px; line-height: 1.6;\"><strong>Form<\/strong>: fl\u00fcssig<\/p>\n<p style=\"margin-bottom: 8px; margin-top: 0px; line-height: 1.6;\"><strong>Dichte (20 \u00b0C)<\/strong>: 0,773 &#8211; 0,793 g\/cm\u00b3<\/p>\n<p style=\"margin-bottom: 8px; margin-top: 0px; line-height: 1.6;\"><strong>Siedebereich<\/strong>: 180 &#8211; 220 \u00b0C<\/p>\n<p style=\"margin-bottom: 8px; margin-top: 0px; line-height: 1.6;\"><strong>Flammpunkt<\/strong>: (DIN 51755) 63 \u00b0C<\/p>\n<p style=\"margin-bottom: 8px; margin-top: 0px; line-height: 1.6;\"><strong>Verdunstungszahl (Ether = 1)<\/strong>: &gt; 200<\/p>\n<p style=\"margin-bottom: 8px; margin-top: 0px; line-height: 1.6;\"><strong>INHALTSSTOFFE<\/strong>: \u2265 30 % aliphatische Kohlenwasserstoffe, Emulgatoren<\/p>\n","protected":false},"excerpt":{"rendered":"<p>ABWASSERENTLASTENDER KALTREINIGER FLAMIL\u00ae 1 ist ein besonders ergiebiger, universell einsetzbarer aromatenfreier Kaltreiniger, der problemlos Fette, \u00d6le, Wachs, Bitumen (Teer), Konservierungen und sonstige Verschmutzungen l\u00f6st und entfernt. FLAMIL\u00ae 1 enth\u00e4lt keine halogenierten Kohlenwasserstoffe, \u00c4tzmittel, S\u00e4uren oder Laugen und greift deshalb keinerlei Metalle an. Zudem ist es schnelltrennend, so dass eine zus\u00e4tzliche Verweilzeit im Leichtfl\u00fcssigkeitsabscheider entf\u00e4llt. ANWENDUNGSBEREICHE&#8230;<\/p>\n","protected":false},"featured_media":4219,"template":"","meta":[],"product_brand":[337],"product_cat":[353,377,386],"product_tag":[],"class_list":{"0":"post-4218","1":"product","2":"type-product","3":"status-publish","4":"has-post-thumbnail","6":"product_brand-flore-chemie","7":"product_cat-flore-chemie-produkti","8":"product_cat-industrija-rupnieciba-masinbuve-elektroiekartas","9":"product_cat-specialie-tirisanas-mazgasanas-un-kopsanas-lidzekli","11":"first","12":"instock","13":"shipping-taxable","14":"purchasable","15":"product-type-variable","16":"has-default-attributes"},"_links":{"self":[{"href":"https:\/\/e-flore.store\/lv\/wp-json\/wp\/v2\/product\/4218","targetHints":{"allow":["GET"]}}],"collection":[{"href":"https:\/\/e-flore.store\/lv\/wp-json\/wp\/v2\/product"}],"about":[{"href":"https:\/\/e-flore.store\/lv\/wp-json\/wp\/v2\/types\/product"}],"wp:featuredmedia":[{"embeddable":true,"href":"https:\/\/e-flore.store\/lv\/wp-json\/wp\/v2\/media\/4219"}],"wp:attachment":[{"href":"https:\/\/e-flore.store\/lv\/wp-json\/wp\/v2\/media?parent=4218"}],"wp:term":[{"taxonomy":"product_brand","embeddable":true,"href":"https:\/\/e-flore.store\/lv\/wp-json\/wp\/v2\/product_brand?post=4218"},{"taxonomy":"product_cat","embeddable":true,"href":"https:\/\/e-flore.store\/lv\/wp-json\/wp\/v2\/product_cat?post=4218"},{"taxonomy":"product_tag","embeddable":true,"href":"https:\/\/e-flore.store\/lv\/wp-json\/wp\/v2\/product_tag?post=4218"}],"curies":[{"name":"wp","href":"https:\/\/api.w.org\/{rel}","templated":true}]}}