{"id":4224,"date":"2026-02-03T16:03:19","date_gmt":"2026-02-03T14:03:19","guid":{"rendered":"https:\/\/demo8.izveide.id.lv\/?post_type=product&#038;p=4224"},"modified":"2026-03-26T15:04:19","modified_gmt":"2026-03-26T13:04:19","slug":"flamil-oe-2000-code-0516","status":"publish","type":"product","link":"https:\/\/e-flore.store\/lv\/produkts\/flamil-oe-2000-code-0516\/","title":{"rendered":"Flamil OE 2000 (kods 0516)"},"content":{"rendered":"<p><img decoding=\"async\" src=\"\/wp-content\/uploads\/2026\/01\/0516-PARENT_desc.jpg\" style=\"width: 100%; height: auto; display: block;\"><\/p>\n<div id=\"eflore-spacer-v55\" style=\"height: 0px; clear: both; width: 100%; display: block;\"><\/div>\n<p style=\"margin-bottom: 10px; margin-top: 30px;\"><strong>BIOLO\u0122ISKAS IEDARB\u012aBAS L\u012aDZEKLIS E\u013b\u013bAS TRAIPU T\u012aR\u012a\u0160ANAI BETON\u0100 UN ASFALT\u0100<\/strong><\/p>\n<p style=\"margin-bottom: 10px; margin-top: 30px;\"><strong>\u012apa\u0161\u012bbas<\/strong><\/p>\n<p style=\"margin-bottom: 8px; margin-top: 0px; line-height: 1.6;\">&#8211; Efekt\u012bvs l\u012bdzeklis piln\u012bgi dro\u0161ai betona un akmens gr\u012bdu, asfalta, kr\u0101sotu virsmu t. sk. kravas un vieglo automa\u0161\u012bnu un da\u017e\u0101du iek\u0101rtu att\u012br\u012b\u0161anai no organiskaj\u0101m e\u013c\u013c\u0101m, da\u017e\u0101diem problem\u0101tiskiem naftas produktu plankumiem un citiem og\u013c\u016bde\u0146ra\u017ea savienojumiem.<\/p>\n<p style=\"margin-bottom: 8px; margin-top: 0px; line-height: 1.6;\">&#8211; L\u012bdzeklis satur patent\u0113tus unik\u0101lus mikrobu tehnolo\u0123ijas biolo\u0123iski \u0161\u0137\u012bsto\u0161us tens\u012bdus un specifiskus mikroorganismus, kas savai dz\u012bvotsp\u0113jai izmanto og\u013c\u016bde\u0146ra\u017ea un e\u013c\u013cu izdal\u012bto ener\u0123iju un p\u0113c tam da\u017eu ned\u0113\u013cu laik\u0101 piln\u012bgi iz\u0161\u0137\u012bst.<\/p>\n<p style=\"margin-bottom: 8px; margin-top: 0px; line-height: 1.6;\">&#8211; L\u012bdzeklim piem\u012bt sp\u0113c\u012bgs t\u012bro\u0161s efekts un vienlaic\u012bgi piln\u012bga ekolo\u0123isk\u0101 nekait\u012bba. Piln\u012bb\u0101 sadal\u0101s dab\u0101.<\/p>\n<p style=\"margin-bottom: 8px; margin-top: 0px; line-height: 1.6;\">&#8211; Produkts nav toksisks, biolo\u0123iski no\u0101rd\u0101s, ir nedego\u0161s, bez naftas og\u013c\u016bde\u0146ra\u017eiem sast\u0101v\u0101.<\/p>\n<p style=\"margin-bottom: 8px; margin-top: 0px; line-height: 1.6;\">&#8211; L\u012bdzeklis ir \u012bpa\u0161i efekt\u012bvs virsmu att\u012br\u012b\u0161anai, kas sasm\u0113r\u0113tas ar motore\u013c\u013c\u0101m un dab\u012bgaj\u0101m e\u013c\u013c\u0101m, k\u0101 ar\u012b d\u012bze\u013cdegvielu &#8211; neatkar\u012bgi no traipu par\u0101d\u012b\u0161an\u0101s ilguma.<\/p>\n<p style=\"margin-bottom: 8px; margin-top: 0px; line-height: 1.6;\">&#8211; Neskaitot benz\u012bnu, d\u012bze\u013cdegvielu un e\u013c\u013cas l\u012bdzeklis sp\u0113j no\u0101rd\u012bt: BTX savienojumus (benzols, toluols, ksilols), fenolu, kateholu, krezolu un poliarom\u0101tus (naftal\u012bns, fenantr\u0113ns, difenils).<\/p>\n<p style=\"margin-bottom: 10px; margin-top: 30px;\"><strong>Pielieto\u0161anas iesp\u0113jas<\/strong><\/p>\n<p style=\"margin-bottom: 8px; margin-top: 0px; line-height: 1.6;\">&#8211; Ide\u0101li piem\u0113rots gr\u012bdu t\u012br\u012b\u0161anai ra\u017eo\u0161anas telp\u0101s, benz\u012bntankos, gar\u0101\u017e\u0101s, automa\u0161\u012bnu st\u0101vviet\u0101s pie restor\u0101niem, bank\u0101m, viesn\u012bc\u0101m, tirdzniec\u012bbas centriem, veikaliem, atp\u016btas zon\u0101m, autobusu pietur\u0101m, k\u0101 ar\u012b citos objektos ar betona, akmens un asfalta segumu gr\u012bd\u0101m.<\/p>\n<p style=\"margin-bottom: 8px; margin-top: 0px; line-height: 1.6;\">&#8211; L\u012bdzek\u013ca izmanto\u0161ana \u013cauj izvair\u012bties no d\u0101rgajiem betona un akmens gr\u012bdu remontdarbiem.<\/p>\n<p style=\"margin-bottom: 10px; margin-top: 30px;\"><strong>Pielieto\u0161anas veidi un uzglab\u0101\u0161ana<\/strong><\/p>\n<p style=\"margin-bottom: 8px; margin-top: 0px; line-height: 1.6;\">&#8211; L\u012bdzekli lietot uzlejot to uz t\u012br\u0101m\u0101s virsmas, p\u0113c tam virsmu apstr\u0101d\u0101t ar cietu birsti un \u013cauj l\u012bdzeklim 30 &#8211; 60 min\u016btes iedarboties atkar\u012bb\u0101 no virsmas pies\u0101r\u0146ot\u012bbas pak\u0101pes. \u012apa\u0161i smagos gad\u012bjumos l\u012bdzekli atst\u0101t iedarboties uz visu nakti sekojot l\u012bdzi, lai uz t\u012br\u0101m\u0101s virsmas visu laiku b\u016btu l\u012bdzeklis &#8211; respekt\u012bvi, lai virsma neiz\u017e\u016btu. Darba beig\u0101s virsmu skalot ar \u016bdeni un apstr\u0101d\u0101t ar birsti jeb noskalot ar sp\u0113c\u012bgu \u016bdens str\u016bklu.<\/p>\n<p style=\"margin-bottom: 8px; margin-top: 0px; line-height: 1.6;\">&#8211; Nepiecie\u0161ams sekot, lai l\u012bdzek\u013ca temperat\u016bra neb\u016btu zem\u0101ka par +3 \u00baC, pret\u0113j\u0101 gad\u012bjum\u0101 mikroorganismi zaud\u0113 dz\u012bvotsp\u0113ju.<\/p>\n<p style=\"margin-bottom: 8px; margin-top: 0px; line-height: 1.6;\">&#8211; Pirms lieto\u0161anas iepakojumu ar l\u012bdzekli oblig\u0101ti pamat\u012bgi sakrat\u012bt!<\/p>\n<p style=\"margin-bottom: 10px; margin-top: 30px;\"><strong>Tehniskais raksturojums<\/strong><\/p>\n<p style=\"margin-bottom: 8px; margin-top: 0px; line-height: 1.6;\"><strong>Fizisk\u0101 forma<\/strong>: \u0161\u0137idrums<\/p>\n<p style=\"margin-bottom: 8px; margin-top: 0px; line-height: 1.6;\"><strong>Bl\u012bvums (20 \u00baC)<\/strong>: 1.1 g \/ ml<\/p>\n<p style=\"margin-bottom: 8px; margin-top: 0px; line-height: 1.6;\"><strong>pH l\u012bmenis<\/strong>: 8.5 \u2013 9.5<\/p>\n<p style=\"margin-bottom: 8px; margin-top: 0px; line-height: 1.6;\"><strong>Sast\u0101vs<\/strong>: tens\u012bdi, nepatog\u0113nie mikroorganismi<\/p>\n","protected":false},"excerpt":{"rendered":"<p>BIOLO\u0122ISKAS IEDARB\u012aBAS L\u012aDZEKLIS E\u013b\u013bAS TRAIPU T\u012aR\u012a\u0160ANAI BETON\u0100 UN ASFALT\u0100 \u012apa\u0161\u012bbas &#8211; Efekt\u012bvs l\u012bdzeklis piln\u012bgi dro\u0161ai betona un akmens gr\u012bdu, asfalta, kr\u0101sotu virsmu t. sk. kravas un vieglo automa\u0161\u012bnu un da\u017e\u0101du iek\u0101rtu att\u012br\u012b\u0161anai no organiskaj\u0101m e\u013c\u013c\u0101m, da\u017e\u0101diem problem\u0101tiskiem naftas produktu plankumiem un citiem og\u013c\u016bde\u0146ra\u017ea savienojumiem. &#8211; L\u012bdzeklis satur patent\u0113tus unik\u0101lus mikrobu tehnolo\u0123ijas biolo\u0123iski \u0161\u0137\u012bsto\u0161us tens\u012bdus un&#8230;<\/p>\n","protected":false},"featured_media":4225,"template":"","meta":[],"product_brand":[337],"product_cat":[353,377,386],"product_tag":[],"class_list":{"0":"post-4224","1":"product","2":"type-product","3":"status-publish","4":"has-post-thumbnail","6":"product_brand-flore-chemie","7":"product_cat-flore-chemie-produkti","8":"product_cat-industrija-rupnieciba-masinbuve-elektroiekartas","9":"product_cat-specialie-tirisanas-mazgasanas-un-kopsanas-lidzekli","11":"first","12":"instock","13":"shipping-taxable","14":"purchasable","15":"product-type-variable","16":"has-default-attributes"},"_links":{"self":[{"href":"https:\/\/e-flore.store\/lv\/wp-json\/wp\/v2\/product\/4224","targetHints":{"allow":["GET"]}}],"collection":[{"href":"https:\/\/e-flore.store\/lv\/wp-json\/wp\/v2\/product"}],"about":[{"href":"https:\/\/e-flore.store\/lv\/wp-json\/wp\/v2\/types\/product"}],"wp:featuredmedia":[{"embeddable":true,"href":"https:\/\/e-flore.store\/lv\/wp-json\/wp\/v2\/media\/4225"}],"wp:attachment":[{"href":"https:\/\/e-flore.store\/lv\/wp-json\/wp\/v2\/media?parent=4224"}],"wp:term":[{"taxonomy":"product_brand","embeddable":true,"href":"https:\/\/e-flore.store\/lv\/wp-json\/wp\/v2\/product_brand?post=4224"},{"taxonomy":"product_cat","embeddable":true,"href":"https:\/\/e-flore.store\/lv\/wp-json\/wp\/v2\/product_cat?post=4224"},{"taxonomy":"product_tag","embeddable":true,"href":"https:\/\/e-flore.store\/lv\/wp-json\/wp\/v2\/product_tag?post=4224"}],"curies":[{"name":"wp","href":"https:\/\/api.w.org\/{rel}","templated":true}]}}