{"id":4228,"date":"2026-02-03T16:03:20","date_gmt":"2026-02-03T14:03:20","guid":{"rendered":"https:\/\/demo8.izveide.id.lv\/?post_type=product&#038;p=4228"},"modified":"2026-03-26T15:04:16","modified_gmt":"2026-03-26T13:04:16","slug":"flamil-str-code-0603","status":"publish","type":"product","link":"https:\/\/e-flore.store\/lv\/produkts\/flamil-str-code-0603\/","title":{"rendered":"Flamil STR (kods 0603)"},"content":{"rendered":"<p><img decoding=\"async\" src=\"\/wp-content\/uploads\/2026\/01\/0603-PARENT_desc.jpg\" style=\"width: 100%; height: auto; display: block;\"><\/p>\n<div id=\"eflore-spacer-v55\" style=\"height: 0px; clear: both; width: 100%; display: block;\"><\/div>\n<p style=\"margin-bottom: 10px; margin-top: 30px;\"><strong>SPECI\u0100LAIS T\u012aR\u012a\u0160ANAS L\u012aDZEKLIS AKMENS VIRSM\u0100M<\/strong><\/p>\n<p style=\"margin-bottom: 10px; margin-top: 30px;\"><strong>\u012apa\u0161\u012bbas<\/strong><\/p>\n<p style=\"margin-bottom: 8px; margin-top: 0px; line-height: 1.6;\">&#8211; L\u012bdzeklis izgatavots uz neorganisk\u0101 hlora savienojumu b\u0101zes k\u0101 koncentr\u0113ts t\u012br\u012b\u0161anas un dezinfekcijas l\u012bdzeklis.<\/p>\n<p style=\"margin-bottom: 8px; margin-top: 0px; line-height: 1.6;\">&#8211; T\u012bra dab\u012bg\u0101 akmens, marmora un betona virsmas no a\u013c\u0123\u0113m, s\u016bnas un \u016bdensaugiem.<\/p>\n<p style=\"margin-bottom: 8px; margin-top: 0px; line-height: 1.6;\">&#8211; Piem\u0113rots kapu pieminek\u013cu t\u012br\u012b\u0161anai, fas\u0101d\u0113m, teras\u0113m uz kur\u0101m ir izveidoju\u0161ies mitruma un nokri\u0161\u0146u veidoti nos\u0113dumi.<\/p>\n<p style=\"margin-bottom: 8px; margin-top: 0px; line-height: 1.6;\">&#8211; Lieliski t\u012bra rudens lapu un ziedputek\u0161\u0146u rad\u012bto pies\u0101r\u0146ojumu.<\/p>\n<p style=\"margin-bottom: 8px; margin-top: 0px; line-height: 1.6;\">&#8211; Izcili t\u012bra dzeltenos traipus no Karr\u0101ras marmora.<\/p>\n<p style=\"margin-bottom: 8px; margin-top: 0px; line-height: 1.6;\">&#8211; Nekait\u012bgs pul\u0113jumam un cita veida akmens virsm\u0101m.<\/p>\n<p style=\"margin-bottom: 10px; margin-top: 30px;\"><strong>Pielieto\u0161anas iesp\u0113jas<\/strong><\/p>\n<p style=\"margin-bottom: 8px; margin-top: 0px; line-height: 1.6;\">L\u012bdzeklis izmantojams visp\u0101r\u0113jai k\u0101p\u0146u, ietvju un citu dab\u012bg\u0101 un m\u0101ksl\u012bg\u0101 akmens virsmu t\u012br\u012b\u0161anai.<\/p>\n<p style=\"margin-bottom: 10px; margin-top: 30px;\"><strong>Pielieto\u0161anas veidi un uzglab\u0101\u0161ana<\/strong><\/p>\n<p style=\"margin-bottom: 8px; margin-top: 0px; line-height: 1.6;\">&#8211; L\u012bdzekli at\u0161\u0137aid\u012bt ar \u016bdeni proporcij\u0101 l\u012bdz 1 : 10, atkar\u012bb\u0101 no pies\u0101r\u0146ojuma pak\u0101pes.<\/p>\n<p style=\"margin-bottom: 8px; margin-top: 0px; line-height: 1.6;\">&#8211; Darba \u0161\u0137\u012bdumu uzkl\u0101t uz apstr\u0101d\u0101jam\u0101s virsmas ar s\u016bk\u013ca pal\u012bdz\u012bbu jeb uzsmidzinot.<\/p>\n<p style=\"margin-bottom: 8px; margin-top: 0px; line-height: 1.6;\">&#8211; P\u0113c neilga laika noskalot virsmu ar t\u012bru \u016bdeni.<\/p>\n<p style=\"margin-bottom: 8px; margin-top: 0px; line-height: 1.6;\">&#8211; \u012apa\u0161u uzman\u012bba velt\u012bt uzrakstu un iekalumu apstr\u0101dei.<\/p>\n<p style=\"margin-bottom: 8px; margin-top: 0px; line-height: 1.6;\">&#8211; Uzglab\u0101jot sarg\u0101t no sasal\u0161anas!<\/p>\n<p style=\"margin-bottom: 10px; margin-top: 30px;\"><strong>Tehniskais raksturojums<\/strong><\/p>\n<p style=\"margin-bottom: 8px; margin-top: 0px; line-height: 1.6;\"><strong>Fizisk\u0101 forma<\/strong>:\u00a0 \u0161\u0137idrums<\/p>\n<p style=\"margin-bottom: 8px; margin-top: 0px; line-height: 1.6;\"><strong>Bl\u012bvums (20 \u00baC)<\/strong>:\u00a0 1.16 g \/ ml<\/p>\n<p style=\"margin-bottom: 8px; margin-top: 0px; line-height: 1.6;\"><strong>pH l\u012bmenis<\/strong>:\u00a0 11 &#8211; 12<\/p>\n<p style=\"margin-bottom: 8px; margin-top: 0px; line-height: 1.6;\"><strong>Sast\u0101vs<\/strong>:\u00a0 n\u0101trija hidroks\u012bds, n\u0101trija hidrohlor\u012bts, metasilik\u0101ts<\/p>\n","protected":false},"excerpt":{"rendered":"<p>SPECI\u0100LAIS T\u012aR\u012a\u0160ANAS L\u012aDZEKLIS AKMENS VIRSM\u0100M \u012apa\u0161\u012bbas &#8211; L\u012bdzeklis izgatavots uz neorganisk\u0101 hlora savienojumu b\u0101zes k\u0101 koncentr\u0113ts t\u012br\u012b\u0161anas un dezinfekcijas l\u012bdzeklis. &#8211; T\u012bra dab\u012bg\u0101 akmens, marmora un betona virsmas no a\u013c\u0123\u0113m, s\u016bnas un \u016bdensaugiem. &#8211; Piem\u0113rots kapu pieminek\u013cu t\u012br\u012b\u0161anai, fas\u0101d\u0113m, teras\u0113m uz kur\u0101m ir izveidoju\u0161ies mitruma un nokri\u0161\u0146u veidoti nos\u0113dumi. &#8211; Lieliski t\u012bra rudens lapu un&#8230;<\/p>\n","protected":false},"featured_media":4229,"template":"","meta":[],"product_brand":[337],"product_cat":[353,377,386],"product_tag":[],"class_list":{"0":"post-4228","1":"product","2":"type-product","3":"status-publish","4":"has-post-thumbnail","6":"product_brand-flore-chemie","7":"product_cat-flore-chemie-produkti","8":"product_cat-industrija-rupnieciba-masinbuve-elektroiekartas","9":"product_cat-specialie-tirisanas-mazgasanas-un-kopsanas-lidzekli","11":"first","12":"instock","13":"shipping-taxable","14":"purchasable","15":"product-type-variable","16":"has-default-attributes"},"_links":{"self":[{"href":"https:\/\/e-flore.store\/lv\/wp-json\/wp\/v2\/product\/4228","targetHints":{"allow":["GET"]}}],"collection":[{"href":"https:\/\/e-flore.store\/lv\/wp-json\/wp\/v2\/product"}],"about":[{"href":"https:\/\/e-flore.store\/lv\/wp-json\/wp\/v2\/types\/product"}],"wp:featuredmedia":[{"embeddable":true,"href":"https:\/\/e-flore.store\/lv\/wp-json\/wp\/v2\/media\/4229"}],"wp:attachment":[{"href":"https:\/\/e-flore.store\/lv\/wp-json\/wp\/v2\/media?parent=4228"}],"wp:term":[{"taxonomy":"product_brand","embeddable":true,"href":"https:\/\/e-flore.store\/lv\/wp-json\/wp\/v2\/product_brand?post=4228"},{"taxonomy":"product_cat","embeddable":true,"href":"https:\/\/e-flore.store\/lv\/wp-json\/wp\/v2\/product_cat?post=4228"},{"taxonomy":"product_tag","embeddable":true,"href":"https:\/\/e-flore.store\/lv\/wp-json\/wp\/v2\/product_tag?post=4228"}],"curies":[{"name":"wp","href":"https:\/\/api.w.org\/{rel}","templated":true}]}}