{"id":4234,"date":"2026-02-03T16:03:21","date_gmt":"2026-02-03T14:03:21","guid":{"rendered":"https:\/\/demo8.izveide.id.lv\/?post_type=product&#038;p=4234"},"modified":"2026-03-26T15:04:12","modified_gmt":"2026-03-26T13:04:12","slug":"flamil-gummistreifenentferner-code-0515","status":"publish","type":"product","link":"https:\/\/e-flore.store\/lv\/produkts\/flamil-gummistreifenentferner-code-0515\/","title":{"rendered":"Flamil Gummistreifenentferner (kods 0515)"},"content":{"rendered":"<p><img decoding=\"async\" src=\"\/wp-content\/uploads\/2026\/01\/0515-PARENT_desc.jpg\" style=\"width: 100%; height: auto; display: block;\"><\/p>\n<div id=\"eflore-spacer-v55\" style=\"height: 0px; clear: both; width: 100%; display: block;\"><\/div>\n<p style=\"margin-bottom: 10px; margin-top: 30px;\"><strong>L\u012aDZEKLIS GUMIJAS \u0160V\u012aKU, L\u012aMES TRAIPU T\u012aR\u012a\u0160ANAI<\/strong><\/p>\n<p style=\"margin-bottom: 10px; margin-top: 30px;\"><strong>\u012apa\u0161\u012bbas<\/strong><\/p>\n<p style=\"margin-bottom: 8px; margin-top: 0px; line-height: 1.6;\">&#8211; Speci\u0101lais l\u012bdzeklis gumijas \u0161v\u012bku, nospiedumu un p\u0113du t\u012br\u012b\u0161anai &#8211; \u00a0ieskaitot riepu atst\u0101t\u0101s \u0161v\u012bkas.<\/p>\n<p style=\"margin-bottom: 8px; margin-top: 0px; line-height: 1.6;\">&#8211; L\u012bdzeklis piem\u0113rots darbam gan ar rok\u0101m, gan ar elektromeh\u0101niskaj\u0101m ier\u012bc\u0113m.<\/p>\n<p style=\"margin-bottom: 8px; margin-top: 0px; line-height: 1.6;\">&#8211; L\u012bdzekli var izmantot ar\u012b t\u0101d\u0101s mazg\u0101jamaj\u0101s ma\u0161\u012bn\u0101s, kur\u0101m nav speci\u0101las aizsardz\u012bbas.<\/p>\n<p style=\"margin-bottom: 8px; margin-top: 0px; line-height: 1.6;\">&#8211; Iz\u0161\u0137\u012bdina un not\u012bra darvas un bituma paliekas.<\/p>\n<p style=\"margin-bottom: 8px; margin-top: 0px; line-height: 1.6;\">&#8211; Viegli not\u012bra da\u017e\u0101du l\u012bmju un silikona atst\u0101t\u0101s p\u0113das.<\/p>\n<p style=\"margin-bottom: 10px; margin-top: 30px;\"><strong>Pielieto\u0161anas iesp\u0113jas<\/strong><\/p>\n<p style=\"margin-bottom: 8px; margin-top: 0px; line-height: 1.6;\">Izmantojams jebkuru \u0161\u0137\u012bdin\u0101t\u0101ju un \u016bdensiztur\u012bgu cietu virsmu (betons, fl\u012bzes), ieskaitot plastik\u0101tu, t\u012br\u012b\u0161anai.<\/p>\n<p style=\"margin-bottom: 10px; margin-top: 30px;\"><strong>Pielieto\u0161anas veidi un uzglab\u0101\u0161ana<\/strong><\/p>\n<p style=\"margin-bottom: 8px; margin-top: 0px; line-height: 1.6;\">&#8211; Mazg\u0101jot ar ma\u0161\u012bnu, at\u0161\u0137aid\u012bt l\u012bdzekli attiec\u012bb\u0101 1 : 1 l\u012bdz 1 : 3, atkar\u012bb\u0101 no virsmas net\u012br\u012bbas pak\u0101pes.<\/p>\n<p style=\"margin-bottom: 8px; margin-top: 0px; line-height: 1.6;\">&#8211; Uzkl\u0101t darba \u0161\u0137\u012bdumu uz virsmas un p\u0113c tam noskalot ar \u016bdens str\u016bklu.<\/p>\n<p style=\"margin-bottom: 8px; margin-top: 0px; line-height: 1.6;\">&#8211; Beidzot darbu neatst\u0101t neizmantoto \u0161\u0137\u012bdumu ma\u0161\u012bnas rezervu\u0101r\u0101. Katrai mazg\u0101\u0161anas reizei pagatavot jaunu \u0161\u0137\u012bdumu.<\/p>\n<p style=\"margin-bottom: 8px; margin-top: 0px; line-height: 1.6;\">&#8211; Mazg\u0101jot ar rok\u0101m, vispirms uzkl\u0101t darba \u0161\u0137\u012bdumu uz virsmas un \u013caut tam iedarboties. P\u0113c tam mazg\u0101t ar otu vai suku un skalot ar \u016bdeni.<\/p>\n<p style=\"margin-bottom: 8px; margin-top: 0px; line-height: 1.6;\">&#8211; Uzman\u012bbu! Sarg\u0101t l\u012bdzekli no sasal\u0161anas!<\/p>\n<p style=\"margin-bottom: 8px; margin-top: 0px; line-height: 1.6;\">&#8211; Darba telp\u0101 nodro\u0161in\u0101t labu ventil\u0101ciju!<\/p>\n<p style=\"margin-bottom: 10px; margin-top: 30px;\"><strong>Tehniskais raksturojums<\/strong><\/p>\n<p style=\"margin-bottom: 8px; margin-top: 0px; line-height: 1.6;\"><strong>Fizisk\u0101 forma<\/strong>: \u00a0 \u00a0 \u00a0 \u0161\u0137idrums<\/p>\n<p style=\"margin-bottom: 8px; margin-top: 0px; line-height: 1.6;\"><strong>Bl\u012bvums (20 \u00baC)<\/strong>: \u00a0 \u00a00.9 g \/ ml<\/p>\n<p style=\"margin-bottom: 8px; margin-top: 0px; line-height: 1.6;\"><strong>pH l\u012bmenis<\/strong>: \u00a0 \u00a0 \u00a0 \u00a0 \u00a0 \u00a05<\/p>\n<p style=\"margin-bottom: 8px; margin-top: 0px; line-height: 1.6;\"><strong>Sast\u0101vs<\/strong>: \u00a0 \u00a0 \u00a0 \u00a0 \u00a0 \u00a0 \u00a0 \u00a0nejonu virsmakt\u012bv\u0101s vielas, \u0161\u0137\u012bdin\u0101t\u0101ji<\/p>\n","protected":false},"excerpt":{"rendered":"<p>L\u012aDZEKLIS GUMIJAS \u0160V\u012aKU, L\u012aMES TRAIPU T\u012aR\u012a\u0160ANAI \u012apa\u0161\u012bbas &#8211; Speci\u0101lais l\u012bdzeklis gumijas \u0161v\u012bku, nospiedumu un p\u0113du t\u012br\u012b\u0161anai &#8211; \u00a0ieskaitot riepu atst\u0101t\u0101s \u0161v\u012bkas. &#8211; L\u012bdzeklis piem\u0113rots darbam gan ar rok\u0101m, gan ar elektromeh\u0101niskaj\u0101m ier\u012bc\u0113m. &#8211; L\u012bdzekli var izmantot ar\u012b t\u0101d\u0101s mazg\u0101jamaj\u0101s ma\u0161\u012bn\u0101s, kur\u0101m nav speci\u0101las aizsardz\u012bbas. &#8211; Iz\u0161\u0137\u012bdina un not\u012bra darvas un bituma paliekas. &#8211; Viegli not\u012bra&#8230;<\/p>\n","protected":false},"featured_media":4235,"template":"","meta":[],"product_brand":[337],"product_cat":[353,377,386],"product_tag":[],"class_list":{"0":"post-4234","1":"product","2":"type-product","3":"status-publish","4":"has-post-thumbnail","6":"product_brand-flore-chemie","7":"product_cat-flore-chemie-produkti","8":"product_cat-industrija-rupnieciba-masinbuve-elektroiekartas","9":"product_cat-specialie-tirisanas-mazgasanas-un-kopsanas-lidzekli","11":"first","12":"instock","13":"shipping-taxable","14":"purchasable","15":"product-type-variable","16":"has-default-attributes"},"_links":{"self":[{"href":"https:\/\/e-flore.store\/lv\/wp-json\/wp\/v2\/product\/4234","targetHints":{"allow":["GET"]}}],"collection":[{"href":"https:\/\/e-flore.store\/lv\/wp-json\/wp\/v2\/product"}],"about":[{"href":"https:\/\/e-flore.store\/lv\/wp-json\/wp\/v2\/types\/product"}],"wp:featuredmedia":[{"embeddable":true,"href":"https:\/\/e-flore.store\/lv\/wp-json\/wp\/v2\/media\/4235"}],"wp:attachment":[{"href":"https:\/\/e-flore.store\/lv\/wp-json\/wp\/v2\/media?parent=4234"}],"wp:term":[{"taxonomy":"product_brand","embeddable":true,"href":"https:\/\/e-flore.store\/lv\/wp-json\/wp\/v2\/product_brand?post=4234"},{"taxonomy":"product_cat","embeddable":true,"href":"https:\/\/e-flore.store\/lv\/wp-json\/wp\/v2\/product_cat?post=4234"},{"taxonomy":"product_tag","embeddable":true,"href":"https:\/\/e-flore.store\/lv\/wp-json\/wp\/v2\/product_tag?post=4234"}],"curies":[{"name":"wp","href":"https:\/\/api.w.org\/{rel}","templated":true}]}}