{"id":4240,"date":"2026-02-03T16:03:27","date_gmt":"2026-02-03T14:03:27","guid":{"rendered":"https:\/\/demo8.izveide.id.lv\/?post_type=product&#038;p=4240"},"modified":"2026-03-26T15:04:07","modified_gmt":"2026-03-26T13:04:07","slug":"flamil-silbertauchbad-code-0425","status":"publish","type":"product","link":"https:\/\/e-flore.store\/lv\/produkts\/flamil-silbertauchbad-code-0425\/","title":{"rendered":"Flamil Silbertauchbad (kods 0425)"},"content":{"rendered":"<p><img decoding=\"async\" src=\"\/wp-content\/uploads\/2026\/01\/0425-PARENT_desc.jpg\" style=\"width: 100%; height: auto; display: block;\"><\/p>\n<div id=\"eflore-spacer-v55\" style=\"height: 0px; clear: both; width: 100%; display: block;\"><\/div>\n<p style=\"margin-bottom: 10px; margin-top: 30px;\"><strong>SPECI\u0100LAIS SUDRABLIETU T\u012aR\u012a\u0160ANAS L\u012aDZEKLIS<\/strong><\/p>\n<p style=\"margin-bottom: 10px; margin-top: 30px;\"><strong>\u012apa\u0161\u012bbas<\/strong><\/p>\n<p style=\"margin-bottom: 8px; margin-top: 0px; line-height: 1.6;\">&#8211; Viegli sk\u0101bs t\u012br\u012b\u0161anas l\u012bdzeklis aps\u016bb\u0113ju\u0161u sudrablietu t\u012br\u012b\u0161anai gan r\u016bpnieciskam, gan m\u0101jsaimniec\u012bbas pielietojumam.<\/p>\n<p style=\"margin-bottom: 8px; margin-top: 0px; line-height: 1.6;\">&#8211; \u0100tri un efekt\u012bvi not\u012bra no sudraba izstr\u0101d\u0101jumiem tauku un ka\u013c\u0137a savienojumus, miner\u0101lo pies\u0101r\u0146ojumu un oks\u012bdus.<\/p>\n<p style=\"margin-bottom: 8px; margin-top: 0px; line-height: 1.6;\">&#8211; Uzman\u012bbu! L\u012bdzekli nav ieteicams lietot uz apsudrabot\u0101m virsm\u0101m! Gad\u012bjumos, kad j\u0101t\u012bra \u0161\u0101das virsmas, vispirms izm\u0113\u0123in\u0101t l\u012bdzek\u013ca iedarb\u012bbu neliel\u0101 daudzum\u0101, neuzkr\u012bto\u0161\u0101 viet\u0101, apm\u0113ram 30 sekundes.<\/p>\n<p style=\"margin-bottom: 10px; margin-top: 30px;\"><strong>Pielieto\u0161anas veidi un uzglab\u0101\u0161ana<\/strong><\/p>\n<p style=\"margin-bottom: 8px; margin-top: 0px; line-height: 1.6;\">&#8211; Maza izm\u0113ra sudrablietas iem\u0113rkt l\u012bdzekl\u012b un patur\u0113t taj\u0101 1 min\u016bti. P\u0113c tam iz\u0146emt un r\u016bp\u012bgi noskalot ar siltu \u016bdeni un noslauc\u012bt sausas.<\/p>\n<p style=\"margin-bottom: 8px; margin-top: 0px; line-height: 1.6;\">&#8211; Liel\u0101ka izm\u0113ra sudraba izstr\u0101d\u0101jumus t\u012br\u012bt uzkl\u0101jot l\u012bdzekli uz priek\u0161meta ar otas jeb dr\u0101nas pal\u012bdz\u012bbu vai uzsmidzinot.<\/p>\n<p style=\"margin-bottom: 8px; margin-top: 0px; line-height: 1.6;\">&#8211; L\u012bdzek\u013ca iedarb\u012bba ir \u0101tra! Iev\u0113rot noteikto laika interv\u0101lu!<\/p>\n<p style=\"margin-bottom: 8px; margin-top: 0px; line-height: 1.6;\">&#8211; Uzman\u012bbu! Sarg\u0101t no b\u0113rniem! Uzglab\u0101t sl\u0113gt\u0101 veid\u0101. Sarg\u0101t acis un \u0101du. Nok\u013c\u016bstot ac\u012bs, mazg\u0101t ar lielu \u016bdens daudzumu. Neieelpot liel\u0101 daudzum\u0101 l\u012bdzek\u013ca izdal\u012btos tvaikus. Nepie\u013caut l\u012bdzek\u013ca nok\u013c\u016b\u0161anu\u00a0cilv\u0113ka gremo\u0161anas sist\u0113m\u0101!<\/p>\n<p style=\"margin-bottom: 10px; margin-top: 30px;\"><strong>Tehniskais raksturojums<\/strong><\/p>\n<p style=\"margin-bottom: 8px; margin-top: 0px; line-height: 1.6;\"><strong>Fizisk\u0101 forma<\/strong>:\u00a0 \u0161\u0137idrums<\/p>\n<p style=\"margin-bottom: 8px; margin-top: 0px; line-height: 1.6;\"><strong>Bl\u012bvums (20 \u00baC)<\/strong>:\u00a0 1.08 g \/ ml<\/p>\n<p style=\"margin-bottom: 8px; margin-top: 0px; line-height: 1.6;\"><strong>pH l\u012bmenis<\/strong>:\u00a0 2<\/p>\n<p style=\"margin-bottom: 8px; margin-top: 0px; line-height: 1.6;\"><strong>Sast\u0101vs<\/strong>:\u00a0 nejonu virsmakt\u012bv\u0101s vielas, fosforsk\u0101be, tiokarbam\u012bds<\/p>\n","protected":false},"excerpt":{"rendered":"<p>SPECI\u0100LAIS SUDRABLIETU T\u012aR\u012a\u0160ANAS L\u012aDZEKLIS \u012apa\u0161\u012bbas &#8211; Viegli sk\u0101bs t\u012br\u012b\u0161anas l\u012bdzeklis aps\u016bb\u0113ju\u0161u sudrablietu t\u012br\u012b\u0161anai gan r\u016bpnieciskam, gan m\u0101jsaimniec\u012bbas pielietojumam. &#8211; \u0100tri un efekt\u012bvi not\u012bra no sudraba izstr\u0101d\u0101jumiem tauku un ka\u013c\u0137a savienojumus, miner\u0101lo pies\u0101r\u0146ojumu un oks\u012bdus. &#8211; Uzman\u012bbu! L\u012bdzekli nav ieteicams lietot uz apsudrabot\u0101m virsm\u0101m! Gad\u012bjumos, kad j\u0101t\u012bra \u0161\u0101das virsmas, vispirms izm\u0113\u0123in\u0101t l\u012bdzek\u013ca iedarb\u012bbu neliel\u0101 daudzum\u0101, neuzkr\u012bto\u0161\u0101&#8230;<\/p>\n","protected":false},"featured_media":4241,"template":"","meta":[],"product_brand":[337],"product_cat":[353,377,386],"product_tag":[],"class_list":{"0":"post-4240","1":"product","2":"type-product","3":"status-publish","4":"has-post-thumbnail","6":"product_brand-flore-chemie","7":"product_cat-flore-chemie-produkti","8":"product_cat-industrija-rupnieciba-masinbuve-elektroiekartas","9":"product_cat-specialie-tirisanas-mazgasanas-un-kopsanas-lidzekli","11":"first","12":"instock","13":"shipping-taxable","14":"purchasable","15":"product-type-variable","16":"has-default-attributes"},"_links":{"self":[{"href":"https:\/\/e-flore.store\/lv\/wp-json\/wp\/v2\/product\/4240","targetHints":{"allow":["GET"]}}],"collection":[{"href":"https:\/\/e-flore.store\/lv\/wp-json\/wp\/v2\/product"}],"about":[{"href":"https:\/\/e-flore.store\/lv\/wp-json\/wp\/v2\/types\/product"}],"wp:featuredmedia":[{"embeddable":true,"href":"https:\/\/e-flore.store\/lv\/wp-json\/wp\/v2\/media\/4241"}],"wp:attachment":[{"href":"https:\/\/e-flore.store\/lv\/wp-json\/wp\/v2\/media?parent=4240"}],"wp:term":[{"taxonomy":"product_brand","embeddable":true,"href":"https:\/\/e-flore.store\/lv\/wp-json\/wp\/v2\/product_brand?post=4240"},{"taxonomy":"product_cat","embeddable":true,"href":"https:\/\/e-flore.store\/lv\/wp-json\/wp\/v2\/product_cat?post=4240"},{"taxonomy":"product_tag","embeddable":true,"href":"https:\/\/e-flore.store\/lv\/wp-json\/wp\/v2\/product_tag?post=4240"}],"curies":[{"name":"wp","href":"https:\/\/api.w.org\/{rel}","templated":true}]}}