{"id":4246,"date":"2026-02-03T16:03:28","date_gmt":"2026-02-03T14:03:28","guid":{"rendered":"https:\/\/demo8.izveide.id.lv\/?post_type=product&#038;p=4246"},"modified":"2026-02-19T17:04:56","modified_gmt":"2026-02-19T15:04:56","slug":"alk-851-ci-code-p851","status":"publish","type":"product","link":"https:\/\/e-flore.store\/lv\/produkts\/alk-851-ci-code-p851\/","title":{"rendered":"ALK 851 CI (kods P851)"},"content":{"rendered":"<p><img decoding=\"async\" alt=\"P851-PARENT\" class=\"alignnone size-full wp-image-2153\" src=\"\/wp-content\/uploads\/2026\/01\/P851-PARENT_desc.jpg\" width=\"100%\" style=\"width: 100%; height: auto; display: block;\" srcset=\"https:\/\/e-flore.store\/wp-content\/uploads\/2026\/01\/P851-PARENT_desc.jpg 800w, https:\/\/e-flore.store\/wp-content\/uploads\/2026\/01\/P851-PARENT_desc-600x448.jpg 600w, https:\/\/e-flore.store\/wp-content\/uploads\/2026\/01\/P851-PARENT_desc-300x224.jpg 300w\" sizes=\"(max-width: 800px) 100vw, 800px\" \/><\/p>\n<div id=\"eflore-spacer-v55\" style=\"height: 0px; clear: both; width: 100%; display: block;\"><\/div>\n<p style=\"margin-bottom: 10px; margin-top: 30px;\"><strong>L\u012aDZEKLIS BETONA IZSTR\u0100D\u0100JUMU ATDAL\u012a\u0160ANAI NO FORM\u0100M<\/strong><\/p>\n<p style=\"margin-bottom: 10px; margin-top: 30px;\"><strong>\u012apa\u0161\u012bbas<\/strong><\/p>\n<p style=\"margin-bottom: 8px; margin-top: 0px; line-height: 1.6;\">L\u012bdzeklis\u00a0nov\u0113r\u0161 betona pielip\u0161anu un atvieglo gatavo betona izstr\u0101d\u0101jumu atdal\u012b\u0161anu no ra\u017eo\u0161an\u0101 izmantojamo met\u0101la un koka form\u0101m.<\/p>\n<p style=\"margin-bottom: 10px; margin-top: 30px;\"><strong>Pielieto\u0161anas sf\u0113ras<\/strong><\/p>\n<p style=\"margin-bottom: 8px; margin-top: 0px; line-height: 1.6;\">B\u016bvniec\u012bba, betona izstr\u0101d\u0101jumu ra\u017eo\u0161ana.<\/p>\n<p style=\"margin-bottom: 10px; margin-top: 30px;\"><strong>Lieto\u0161anas instrukcija<\/strong><\/p>\n<p style=\"margin-bottom: 8px; margin-top: 0px; line-height: 1.6;\">Atkar\u012bb\u0101 no izstr\u0101d\u0101jumu atdal\u012b\u0161anas no form\u0101m sare\u017e\u0123\u012bt\u012bbas pak\u0101pes l\u012bdzekli izmantot t\u012br\u0101 veid\u0101 vai ar\u012b at\u0161\u0137aid\u012bt\u0101 veid\u0101: 10-20%. Ar ieg\u016bto darba \u0161\u0137idrumu apstr\u0101d\u0101t formas pirms to piepild\u012b\u0161anas ar betonu.<\/p>\n<p style=\"margin-bottom: 10px; margin-top: 30px;\"><strong>\u0136\u012bmisk\u0101s un fizik\u0101l\u0101s \u012bpa\u0161\u012bbas<\/strong><\/p>\n<p style=\"margin-bottom: 8px; margin-top: 0px; line-height: 1.6;\"><strong>Fizisk\u0101 forma<\/strong>: dzidrs \u0161\u0137idrums<\/p>\n<p style=\"margin-bottom: 8px; margin-top: 0px; line-height: 1.6;\"><strong>Kr\u0101sa<\/strong>: gai\u0161i dzeltena<\/p>\n<p style=\"margin-bottom: 8px; margin-top: 0px; line-height: 1.6;\"><strong>Smar\u017ea<\/strong>: rakstur\u012bga<\/p>\n<p style=\"margin-bottom: 8px; margin-top: 0px; line-height: 1.6;\"><strong>Bl\u012bvums<\/strong>: 1,000 +\/- 0,02 kg\/l\u00a0pie 20 \u00b0C<\/p>\n<p style=\"margin-bottom: 8px; margin-top: 0px; line-height: 1.6;\"><strong>pH<\/strong>: 9,0 +\/- 1<\/p>\n<p style=\"margin-bottom: 8px; margin-top: 0px; line-height: 1.6;\"><strong>\u0160\u0137\u012bd\u012bba \u016bden\u012b<\/strong>: piln\u012bga<\/p>\n<p style=\"margin-bottom: 8px; margin-top: 0px; line-height: 1.6;\"><strong>Biolo\u0123isk\u0101 no\u0101rd\u012b\u0161an\u0101s<\/strong>:\u00a0vair\u0101k nek\u0101\u00a090%<\/p>\n<p style=\"margin-bottom: 8px; margin-top: 0px; line-height: 1.6;\"><strong>Virsmakt\u012bv\u0101 viela<\/strong>: anjonu<\/p>\n","protected":false},"excerpt":{"rendered":"<p>L\u012aDZEKLIS BETONA IZSTR\u0100D\u0100JUMU ATDAL\u012a\u0160ANAI NO FORM\u0100M \u012apa\u0161\u012bbas L\u012bdzeklis\u00a0nov\u0113r\u0161 betona pielip\u0161anu un atvieglo gatavo betona izstr\u0101d\u0101jumu atdal\u012b\u0161anu no ra\u017eo\u0161an\u0101 izmantojamo met\u0101la un koka form\u0101m. Pielieto\u0161anas sf\u0113ras B\u016bvniec\u012bba, betona izstr\u0101d\u0101jumu ra\u017eo\u0161ana. Lieto\u0161anas instrukcija Atkar\u012bb\u0101 no izstr\u0101d\u0101jumu atdal\u012b\u0161anas no form\u0101m sare\u017e\u0123\u012bt\u012bbas pak\u0101pes l\u012bdzekli izmantot t\u012br\u0101 veid\u0101 vai ar\u012b at\u0161\u0137aid\u012bt\u0101 veid\u0101: 10-20%. Ar ieg\u016bto darba \u0161\u0137idrumu apstr\u0101d\u0101t formas pirms&#8230;<\/p>\n","protected":false},"featured_media":4247,"template":"","meta":[],"product_brand":[342],"product_cat":[353,377,386],"product_tag":[],"class_list":{"0":"post-4246","1":"product","2":"type-product","3":"status-publish","4":"has-post-thumbnail","6":"product_brand-serpento-future-chemicals","7":"product_cat-flore-chemie-produkti","8":"product_cat-industrija-rupnieciba-masinbuve-elektroiekartas","9":"product_cat-specialie-tirisanas-mazgasanas-un-kopsanas-lidzekli","11":"first","12":"instock","13":"shipping-taxable","14":"purchasable","15":"product-type-simple"},"_links":{"self":[{"href":"https:\/\/e-flore.store\/lv\/wp-json\/wp\/v2\/product\/4246","targetHints":{"allow":["GET"]}}],"collection":[{"href":"https:\/\/e-flore.store\/lv\/wp-json\/wp\/v2\/product"}],"about":[{"href":"https:\/\/e-flore.store\/lv\/wp-json\/wp\/v2\/types\/product"}],"wp:featuredmedia":[{"embeddable":true,"href":"https:\/\/e-flore.store\/lv\/wp-json\/wp\/v2\/media\/4247"}],"wp:attachment":[{"href":"https:\/\/e-flore.store\/lv\/wp-json\/wp\/v2\/media?parent=4246"}],"wp:term":[{"taxonomy":"product_brand","embeddable":true,"href":"https:\/\/e-flore.store\/lv\/wp-json\/wp\/v2\/product_brand?post=4246"},{"taxonomy":"product_cat","embeddable":true,"href":"https:\/\/e-flore.store\/lv\/wp-json\/wp\/v2\/product_cat?post=4246"},{"taxonomy":"product_tag","embeddable":true,"href":"https:\/\/e-flore.store\/lv\/wp-json\/wp\/v2\/product_tag?post=4246"}],"curies":[{"name":"wp","href":"https:\/\/api.w.org\/{rel}","templated":true}]}}