{"id":4248,"date":"2026-02-03T16:03:28","date_gmt":"2026-02-03T14:03:28","guid":{"rendered":"https:\/\/demo8.izveide.id.lv\/?post_type=product&#038;p=4248"},"modified":"2026-03-26T15:04:03","modified_gmt":"2026-03-26T13:04:03","slug":"florin-sv-extra-stark-code-0103","status":"publish","type":"product","link":"https:\/\/e-flore.store\/lv\/produkts\/florin-sv-extra-stark-code-0103\/","title":{"rendered":"Florin SV Extra Stark (kods 0103)"},"content":{"rendered":"<p><img decoding=\"async\" src=\"\/wp-content\/uploads\/2026\/01\/0103-PARENT_desc.jpg\" style=\"width: 100%; height: auto; display: block;\"><\/p>\n<div id=\"eflore-spacer-v55\" style=\"height: 0px; clear: both; width: 100%; display: block;\"><\/div>\n<p style=\"margin-bottom: 10px; margin-top: 30px;\"><strong>EFEKT\u012aVS BETONA UN KA\u013b\u0136A \u0160\u0136\u012aDIN\u0100T\u0100JS<\/strong><\/p>\n<p style=\"margin-bottom: 10px; margin-top: 30px;\"><strong>\u012apa\u0161\u012bbas<\/strong><\/p>\n<p style=\"margin-bottom: 8px; margin-top: 0px; line-height: 1.6;\">&#8211; Biolo\u0123iski sadal\u0101s, \u0161\u0137\u012bst \u016bden\u012b, nekait\u012bgs apk\u0101rt\u0113jai videi.<\/p>\n<p style=\"margin-bottom: 8px; margin-top: 0px; line-height: 1.6;\">&#8211; \u012apa\u0161i efekt\u012bvi un piln\u012bb\u0101 att\u012bra no virsm\u0101m saciet\u0113ju\u0161as betona un ka\u013c\u0137a paliekas.<\/p>\n<p style=\"margin-bottom: 8px; margin-top: 0px; line-height: 1.6;\">&#8211; No\u0146em no darba virsm\u0101m ka\u013c\u0137i un r\u016bsu t\u0101d\u0113j\u0101di \u013caujot samazin\u0101t iek\u0101rtu remonta un kop\u0161anas laiku.<\/p>\n<p style=\"margin-bottom: 8px; margin-top: 0px; line-height: 1.6;\">&#8211; Neboj\u0101 met\u0101lu, gumiju un stiklu.<\/p>\n<p style=\"margin-bottom: 8px; margin-top: 0px; line-height: 1.6;\">&#8211; L\u012bdzeklim ir neierobe\u017eots der\u012bguma termi\u0146\u0161.<\/p>\n<p style=\"margin-bottom: 8px; margin-top: 0px; line-height: 1.6;\">&#8211; Nelietot uz alum\u012bnija, kapara un hrom\u0113t\u0101m virsm\u0101m.<\/p>\n<p style=\"margin-bottom: 8px; margin-top: 0px; line-height: 1.6;\">&#8211; Samazina aparat\u016bras d\u012bkst\u0101vi un elektroener\u0123ijas izmaksas.<\/p>\n<p style=\"margin-bottom: 10px; margin-top: 30px;\"><strong>Pielieto\u0161anas iesp\u0113jas<\/strong><\/p>\n<p style=\"margin-bottom: 8px; margin-top: 0px; line-height: 1.6;\">&#8211; Betona ved\u0113ju cisternu, betona mais\u012bt\u0101ju, met\u0101la veid\u0146u un stala\u017eu t\u012br\u012b\u0161ana.<\/p>\n<p style=\"margin-bottom: 8px; margin-top: 0px; line-height: 1.6;\">&#8211; Iek\u0101rtu un mezglu kop\u0161ana, kas atrodas tie\u0161\u0101 saskarsm\u0113 ar betonu.<\/p>\n<p style=\"margin-bottom: 8px; margin-top: 0px; line-height: 1.6;\">&#8211; Apkures katlu, tvaika katlu kop\u0161ana u.c.<\/p>\n<p style=\"margin-bottom: 10px; margin-top: 30px;\"><strong>Pielieto\u0161anas veidi un uzglab\u0101\u0161ana<\/strong><\/p>\n<p style=\"margin-bottom: 8px; margin-top: 0px; line-height: 1.6;\">&#8211; Lietot at\u0161\u0137aid\u012btu ar \u016bdeni proporcij\u0101 l\u012bdz 1:20, atkar\u012bb\u0101 no betona un ka\u013c\u0137a saciet\u0113juma pak\u0101pes. Darba \u0161\u0137\u012bdums nav j\u0101uzsilda. P\u0113c virsmu t\u012br\u012b\u0161anas, t\u0101s skalot ar lielu \u016bdens daudzumu. Izvair\u012bties no l\u012bdzek\u013ca nok\u013c\u016b\u0161anas uz \u0101das un ac\u012bs.<\/p>\n<p style=\"margin-bottom: 8px; margin-top: 0px; line-height: 1.6;\">&#8211; Uzman\u012bbu! T\u012brot apkures katlus, s\u0101\u013cu \u0161\u0137\u012b\u0161anas proces\u0101 rodas g\u0101zes, kuras nepiecie\u0161ams novad\u012bt proj\u0101m. Neieelpot radu\u0161os tvaikus! Ja l\u012bdzeklis nok\u013c\u016bst ac\u012bs, skalot acis ar lielu \u016bdens daudzumu, \u0101du mazg\u0101t ar ziep\u0113m. Str\u0101d\u0101t labi v\u0113din\u0101t\u0101s telp\u0101s. B\u012bstam\u012bbas kategorija \u201cC\u201d.<\/p>\n<p style=\"margin-bottom: 10px; margin-top: 30px;\"><strong>Tehniskais raksturojums<\/strong><\/p>\n<p style=\"margin-bottom: 8px; margin-top: 0px; line-height: 1.6;\"><strong>Fizisk\u0101 forma<\/strong>: \u0161\u0137\u012bdums<\/p>\n<p style=\"margin-bottom: 8px; margin-top: 0px; line-height: 1.6;\"><strong>Bl\u012bvums (20 \u00baC)<\/strong>: 1.14 g \/ ml<\/p>\n<p style=\"margin-bottom: 8px; margin-top: 0px; line-height: 1.6;\"><strong>pH l\u012bmenis<\/strong>: 1.5<\/p>\n<p style=\"margin-bottom: 8px; margin-top: 0px; line-height: 1.6;\"><strong>Sast\u0101vs<\/strong>: neorganisk\u0101s sk\u0101bes, antikorozijas inhibitori<\/p>\n","protected":false},"excerpt":{"rendered":"<p>EFEKT\u012aVS BETONA UN KA\u013b\u0136A \u0160\u0136\u012aDIN\u0100T\u0100JS \u012apa\u0161\u012bbas &#8211; Biolo\u0123iski sadal\u0101s, \u0161\u0137\u012bst \u016bden\u012b, nekait\u012bgs apk\u0101rt\u0113jai videi. &#8211; \u012apa\u0161i efekt\u012bvi un piln\u012bb\u0101 att\u012bra no virsm\u0101m saciet\u0113ju\u0161as betona un ka\u013c\u0137a paliekas. &#8211; No\u0146em no darba virsm\u0101m ka\u013c\u0137i un r\u016bsu t\u0101d\u0113j\u0101di \u013caujot samazin\u0101t iek\u0101rtu remonta un kop\u0161anas laiku. &#8211; Neboj\u0101 met\u0101lu, gumiju un stiklu. &#8211; L\u012bdzeklim ir neierobe\u017eots der\u012bguma termi\u0146\u0161&#8230;.<\/p>\n","protected":false},"featured_media":4249,"template":"","meta":[],"product_brand":[337],"product_cat":[353,377,386],"product_tag":[],"class_list":{"0":"post-4248","1":"product","2":"type-product","3":"status-publish","4":"has-post-thumbnail","6":"product_brand-flore-chemie","7":"product_cat-flore-chemie-produkti","8":"product_cat-industrija-rupnieciba-masinbuve-elektroiekartas","9":"product_cat-specialie-tirisanas-mazgasanas-un-kopsanas-lidzekli","11":"first","12":"instock","13":"shipping-taxable","14":"purchasable","15":"product-type-variable","16":"has-default-attributes"},"_links":{"self":[{"href":"https:\/\/e-flore.store\/lv\/wp-json\/wp\/v2\/product\/4248","targetHints":{"allow":["GET"]}}],"collection":[{"href":"https:\/\/e-flore.store\/lv\/wp-json\/wp\/v2\/product"}],"about":[{"href":"https:\/\/e-flore.store\/lv\/wp-json\/wp\/v2\/types\/product"}],"wp:featuredmedia":[{"embeddable":true,"href":"https:\/\/e-flore.store\/lv\/wp-json\/wp\/v2\/media\/4249"}],"wp:attachment":[{"href":"https:\/\/e-flore.store\/lv\/wp-json\/wp\/v2\/media?parent=4248"}],"wp:term":[{"taxonomy":"product_brand","embeddable":true,"href":"https:\/\/e-flore.store\/lv\/wp-json\/wp\/v2\/product_brand?post=4248"},{"taxonomy":"product_cat","embeddable":true,"href":"https:\/\/e-flore.store\/lv\/wp-json\/wp\/v2\/product_cat?post=4248"},{"taxonomy":"product_tag","embeddable":true,"href":"https:\/\/e-flore.store\/lv\/wp-json\/wp\/v2\/product_tag?post=4248"}],"curies":[{"name":"wp","href":"https:\/\/api.w.org\/{rel}","templated":true}]}}