{"id":4254,"date":"2026-02-03T16:03:29","date_gmt":"2026-02-03T14:03:29","guid":{"rendered":"https:\/\/demo8.izveide.id.lv\/?post_type=product&#038;p=4254"},"modified":"2026-03-26T15:03:57","modified_gmt":"2026-03-26T13:03:57","slug":"flamil-75-code-0075","status":"publish","type":"product","link":"https:\/\/e-flore.store\/lv\/produkts\/flamil-75-code-0075\/","title":{"rendered":"Flamil 75 (kods 0075)"},"content":{"rendered":"<p><img decoding=\"async\" src=\"\/wp-content\/uploads\/2026\/01\/0075-PARENT_desc.jpg\" style=\"width: 100%; height: auto; display: block;\"><\/p>\n<div id=\"eflore-spacer-v55\" style=\"height: 0px; clear: both; width: 100%; display: block;\"><\/div>\n<p style=\"margin-bottom: 10px; margin-top: 30px;\"><strong>\u012aPA\u0160I EFEKT\u012aVS ATTAUKOT\u0100JS<\/strong><\/p>\n<p style=\"margin-bottom: 10px; margin-top: 30px;\"><strong>\u012apa\u0161\u012bbas<\/strong><\/p>\n<p style=\"margin-bottom: 8px; margin-top: 0px; line-height: 1.6;\">&#8211; Efekt\u012bvs, augstas koncentr\u0101cijas l\u012bdzeklis, k\u0101 izmanto\u0161ana ir ekonomiski izdev\u012bga.<\/p>\n<p style=\"margin-bottom: 8px; margin-top: 0px; line-height: 1.6;\">&#8211; \u0160\u0137\u012bdina taukus, e\u013c\u013cas, sodr\u0113jus, sve\u0137us, tinti, piedegumu, k\u0101 ar\u012b da\u017e\u0101dus cietos nos\u0113dumus.<\/p>\n<p style=\"margin-bottom: 8px; margin-top: 0px; line-height: 1.6;\">&#8211; Apstr\u0101d\u0101t\u0101 virsma k\u013c\u016bst piln\u012bgi attaukota.<\/p>\n<p style=\"margin-bottom: 8px; margin-top: 0px; line-height: 1.6;\">&#8211; Nesatur dab\u0101 ne\u0161\u0137\u012bsto\u0161os tens\u012bdus, t\u0101d\u0113\u013c ir videi draudz\u012bgs.\u00a0Sadal\u0101s dab\u0101 vair\u0101k par 90%.<\/p>\n<p style=\"margin-bottom: 10px; margin-top: 30px;\"><strong>Pielieto\u0161anas iesp\u0113jas<\/strong><\/p>\n<p style=\"margin-bottom: 8px; margin-top: 0px; line-height: 1.6;\">&#8211; Ide\u0101li piem\u0113rots iek\u0101rtu un ma\u0161\u012bnu t\u012br\u012b\u0161anai, r\u016bpniec\u012bbas telpu gr\u012bd\u0101m, ma\u0161\u012bnu dzin\u0113jiem, fas\u0101d\u0113m, tune\u013cu sien\u0101m, akmens apdares fl\u012bz\u0113m, apkures katliem, sildelementiem.<\/p>\n<p style=\"margin-bottom: 8px; margin-top: 0px; line-height: 1.6;\">&#8211; L\u012bdzekli izmanto tankku\u0123u att\u012br\u012b\u0161anai no naftas produktiem.<\/p>\n<p style=\"margin-bottom: 10px; margin-top: 30px;\"><strong>Pielieto\u0161ana un uzglab\u0101\u0161ana<\/strong><\/p>\n<p style=\"margin-bottom: 8px; margin-top: 0px; line-height: 1.6;\">&#8211; L\u012bdzeklis pielietot at\u0161\u0137aid\u012bt\u0101 veid\u0101, proporcij\u0101s 1:10 l\u012bdz 1:200, atkar\u012bb\u0101 no pies\u0101r\u0146ojuma pak\u0101pes.<\/p>\n<p style=\"margin-bottom: 8px; margin-top: 0px; line-height: 1.6;\">&#8211; L\u012bdzekli uzsmidzin\u0101t uz apstr\u0101d\u0101jam\u0101s virsmas un \u013caut iedarboties. P\u0113c tam no\u0146emt pies\u0101r\u0146ojumu. L\u012bdzek\u013ca efektivit\u0101te pieaug izmantojot siltu \u016bdeni.<\/p>\n<p style=\"margin-bottom: 8px; margin-top: 0px; line-height: 1.6;\">&#8211; Uzglab\u0101jot sarg\u0101t no sasal\u0161anas.<\/p>\n<p style=\"margin-bottom: 8px; margin-top: 0px; line-height: 1.6;\">&#8211; Uzman\u012bbu! Var nodar\u012bt kait\u0113jumu kr\u0101sainajiem met\u0101liem.<\/p>\n<p style=\"margin-bottom: 8px; margin-top: 0px; line-height: 1.6;\">&#8211; Uzman\u012bbu! Sarg\u0101t no b\u0113rniem! L\u012bdzeklim nok\u013c\u016bstot ac\u012bs jeb uz \u0101das, skalot ar lielu \u016bdens daudzumu, v\u0113rsties pie \u0101rsta! Lietot cimdus un aizsargbrilles. Nepie\u013caut l\u012bdzek\u013ca saskarsmi ar sk\u0101b\u0113m! B\u012bstam\u012bbas kategorija \u201cC\u201d.<\/p>\n<p style=\"margin-bottom: 10px; margin-top: 30px;\"><strong>Tehniskais raksturojums<\/strong><\/p>\n<p style=\"margin-bottom: 8px; margin-top: 0px; line-height: 1.6;\"><strong>Fizisk\u0101 forma<\/strong>: \u0161\u0137idrums<\/p>\n<p style=\"margin-bottom: 8px; margin-top: 0px; line-height: 1.6;\"><strong>Bl\u012bvums (20 \u00baC)<\/strong>: 1.18 g \/ ml<\/p>\n<p style=\"margin-bottom: 8px; margin-top: 0px; line-height: 1.6;\"><strong>pH l\u012bmenis<\/strong>: 13<\/p>\n<p style=\"margin-bottom: 8px; margin-top: 0px; line-height: 1.6;\"><strong>V\u0101r\u012b\u0161an\u0101s diapazons<\/strong>: +100 \u00baC<\/p>\n<p style=\"margin-bottom: 8px; margin-top: 0px; line-height: 1.6;\"><strong>Sast\u0101vs<\/strong>:\u00a0anjonu un nejonu virsmakt\u012bv\u0101s vielas, metasilik\u0101ts, alkanolam\u012bni, s\u0101rmu hidroks\u012bds<\/p>\n","protected":false},"excerpt":{"rendered":"<p>\u012aPA\u0160I EFEKT\u012aVS ATTAUKOT\u0100JS \u012apa\u0161\u012bbas &#8211; Efekt\u012bvs, augstas koncentr\u0101cijas l\u012bdzeklis, k\u0101 izmanto\u0161ana ir ekonomiski izdev\u012bga. &#8211; \u0160\u0137\u012bdina taukus, e\u013c\u013cas, sodr\u0113jus, sve\u0137us, tinti, piedegumu, k\u0101 ar\u012b da\u017e\u0101dus cietos nos\u0113dumus. &#8211; Apstr\u0101d\u0101t\u0101 virsma k\u013c\u016bst piln\u012bgi attaukota. &#8211; Nesatur dab\u0101 ne\u0161\u0137\u012bsto\u0161os tens\u012bdus, t\u0101d\u0113\u013c ir videi draudz\u012bgs.\u00a0Sadal\u0101s dab\u0101 vair\u0101k par 90%. Pielieto\u0161anas iesp\u0113jas &#8211; Ide\u0101li piem\u0113rots iek\u0101rtu un ma\u0161\u012bnu t\u012br\u012b\u0161anai,&#8230;<\/p>\n","protected":false},"featured_media":4255,"template":"","meta":[],"product_brand":[337],"product_cat":[353,377,386],"product_tag":[],"class_list":{"0":"post-4254","1":"product","2":"type-product","3":"status-publish","4":"has-post-thumbnail","6":"product_brand-flore-chemie","7":"product_cat-flore-chemie-produkti","8":"product_cat-industrija-rupnieciba-masinbuve-elektroiekartas","9":"product_cat-specialie-tirisanas-mazgasanas-un-kopsanas-lidzekli","11":"first","12":"instock","13":"shipping-taxable","14":"purchasable","15":"product-type-variable","16":"has-default-attributes"},"_links":{"self":[{"href":"https:\/\/e-flore.store\/lv\/wp-json\/wp\/v2\/product\/4254","targetHints":{"allow":["GET"]}}],"collection":[{"href":"https:\/\/e-flore.store\/lv\/wp-json\/wp\/v2\/product"}],"about":[{"href":"https:\/\/e-flore.store\/lv\/wp-json\/wp\/v2\/types\/product"}],"wp:featuredmedia":[{"embeddable":true,"href":"https:\/\/e-flore.store\/lv\/wp-json\/wp\/v2\/media\/4255"}],"wp:attachment":[{"href":"https:\/\/e-flore.store\/lv\/wp-json\/wp\/v2\/media?parent=4254"}],"wp:term":[{"taxonomy":"product_brand","embeddable":true,"href":"https:\/\/e-flore.store\/lv\/wp-json\/wp\/v2\/product_brand?post=4254"},{"taxonomy":"product_cat","embeddable":true,"href":"https:\/\/e-flore.store\/lv\/wp-json\/wp\/v2\/product_cat?post=4254"},{"taxonomy":"product_tag","embeddable":true,"href":"https:\/\/e-flore.store\/lv\/wp-json\/wp\/v2\/product_tag?post=4254"}],"curies":[{"name":"wp","href":"https:\/\/api.w.org\/{rel}","templated":true}]}}