{"id":4260,"date":"2026-02-03T16:03:30","date_gmt":"2026-02-03T14:03:30","guid":{"rendered":"https:\/\/demo8.izveide.id.lv\/?post_type=product&#038;p=4260"},"modified":"2026-03-26T15:03:47","modified_gmt":"2026-03-26T13:03:47","slug":"flamil-4-phosphatfrei-code-0182","status":"publish","type":"product","link":"https:\/\/e-flore.store\/lv\/produkts\/flamil-4-phosphatfrei-code-0182\/","title":{"rendered":"Flamil 4 Phosphatfrei (kods 0182)"},"content":{"rendered":"<p><img decoding=\"async\" src=\"\/wp-content\/uploads\/2026\/01\/0182-PARENT_desc.jpg\" style=\"width: 100%; height: auto; display: block;\"><\/p>\n<div id=\"eflore-spacer-v55\" style=\"height: 0px; clear: both; width: 100%; display: block;\"><\/div>\n<p style=\"margin-bottom: 10px; margin-top: 30px;\"><strong>PH NEITR\u0100LS R\u016aPNIECISKAIS ATT\u012aR\u012aT\u0100JS<\/strong><\/p>\n<p style=\"margin-bottom: 10px; margin-top: 30px;\"><strong>\u012apa\u0161\u012bbas<\/strong><\/p>\n<p style=\"margin-bottom: 8px; margin-top: 0px; line-height: 1.6;\">&#8211; Biolo\u0123iski sadal\u0101s dab\u0101.<\/p>\n<p style=\"margin-bottom: 8px; margin-top: 0px; line-height: 1.6;\">&#8211; Nesatur fosf\u0101tus.<\/p>\n<p style=\"margin-bottom: 8px; margin-top: 0px; line-height: 1.6;\">&#8211; Nesatur organiskos \u0161\u0137\u012bdin\u0101t\u0101jus.<\/p>\n<p style=\"margin-bottom: 8px; margin-top: 0px; line-height: 1.6;\">&#8211; Uzsildot l\u012bdz 100 \u00b0C neveidojas kait\u012bgi tvaiki.<\/p>\n<p style=\"margin-bottom: 8px; margin-top: 0px; line-height: 1.6;\">&#8211; \u0160\u0137\u012bdums \u0101tri likvid\u0113 taukus, e\u013c\u013cas, sodr\u0113jus u.c.<\/p>\n<p style=\"margin-bottom: 8px; margin-top: 0px; line-height: 1.6;\">&#8211; Nav kait\u012bgs met\u0101lam, stiklam, plastmasai\u00a0 un lakot\u0101m virsm\u0101m.<\/p>\n<p style=\"margin-bottom: 10px; margin-top: 30px;\"><strong>Pielieto\u0161anas iesp\u0113jas<\/strong><\/p>\n<p style=\"margin-bottom: 8px; margin-top: 0px; line-height: 1.6;\">&#8211; Manu\u0101l\u0101 t\u012br\u012b\u0161ana.<\/p>\n<p style=\"margin-bottom: 8px; margin-top: 0px; line-height: 1.6;\">&#8211; T\u012br\u012b\u0161ana ar meh\u0101niskaj\u0101m mazg\u0101\u0161anas iek\u0101rt\u0101m.<\/p>\n<p style=\"margin-bottom: 8px; margin-top: 0px; line-height: 1.6;\">&#8211; T\u012br\u012b\u0161ana ar iegremd\u0113\u0161anas metodi, tvaika str\u016bklu u.c.<\/p>\n<p style=\"margin-bottom: 10px; margin-top: 30px;\"><strong>Pielieto\u0161ana<\/strong><\/p>\n<p style=\"margin-bottom: 8px; margin-top: 0px; line-height: 1.6;\">Atkar\u012bb\u0101 no pielieto\u0161anas veida at\u0161\u0137aid\u012bt\u00a0 proporcij\u0101 1:10 &#8211; 1:500.<\/p>\n<p style=\"margin-bottom: 10px; margin-top: 30px;\"><strong>Tehniskais raksturojums<\/strong><\/p>\n<p style=\"margin-bottom: 8px; margin-top: 0px; line-height: 1.6;\"><strong>Fizisk\u0101 forma<\/strong>: \u0161\u0137idrums<\/p>\n<p style=\"margin-bottom: 8px; margin-top: 0px; line-height: 1.6;\"><strong>Bl\u012bvums(20 \u00b0C)<\/strong>: 101 \u2013 1.03 g \/ ml<\/p>\n<p style=\"margin-bottom: 8px; margin-top: 0px; line-height: 1.6;\"><strong>pH l\u012bmenis<\/strong>: 8.8 \u2013 9.4<\/p>\n<p style=\"margin-bottom: 8px; margin-top: 0px; line-height: 1.6;\"><strong>V\u0101r\u012b\u0161an\u0101s diapazons<\/strong>: >100 \u00b0C<\/p>\n<p style=\"margin-bottom: 8px; margin-top: 0px; line-height: 1.6;\"><strong>Sast\u0101vs<\/strong>: anjonu un nejonu virsmakt\u012bv\u0101s vielas, solubilizers, kompleksus veidojo\u0161\u0101s vielas, smar\u017evielas<\/p>\n","protected":false},"excerpt":{"rendered":"<p>PH NEITR\u0100LS R\u016aPNIECISKAIS ATT\u012aR\u012aT\u0100JS \u012apa\u0161\u012bbas &#8211; Biolo\u0123iski sadal\u0101s dab\u0101. &#8211; Nesatur fosf\u0101tus. &#8211; Nesatur organiskos \u0161\u0137\u012bdin\u0101t\u0101jus. &#8211; Uzsildot l\u012bdz 100 \u00b0C neveidojas kait\u012bgi tvaiki. &#8211; \u0160\u0137\u012bdums \u0101tri likvid\u0113 taukus, e\u013c\u013cas, sodr\u0113jus u.c. &#8211; Nav kait\u012bgs met\u0101lam, stiklam, plastmasai\u00a0 un lakot\u0101m virsm\u0101m. Pielieto\u0161anas iesp\u0113jas &#8211; Manu\u0101l\u0101 t\u012br\u012b\u0161ana. &#8211; T\u012br\u012b\u0161ana ar meh\u0101niskaj\u0101m mazg\u0101\u0161anas iek\u0101rt\u0101m. &#8211; T\u012br\u012b\u0161ana ar&#8230;<\/p>\n","protected":false},"featured_media":4261,"template":"","meta":[],"product_brand":[337],"product_cat":[353,377,386],"product_tag":[],"class_list":{"0":"post-4260","1":"product","2":"type-product","3":"status-publish","4":"has-post-thumbnail","6":"product_brand-flore-chemie","7":"product_cat-flore-chemie-produkti","8":"product_cat-industrija-rupnieciba-masinbuve-elektroiekartas","9":"product_cat-specialie-tirisanas-mazgasanas-un-kopsanas-lidzekli","11":"first","12":"instock","13":"shipping-taxable","14":"purchasable","15":"product-type-variable","16":"has-default-attributes"},"_links":{"self":[{"href":"https:\/\/e-flore.store\/lv\/wp-json\/wp\/v2\/product\/4260","targetHints":{"allow":["GET"]}}],"collection":[{"href":"https:\/\/e-flore.store\/lv\/wp-json\/wp\/v2\/product"}],"about":[{"href":"https:\/\/e-flore.store\/lv\/wp-json\/wp\/v2\/types\/product"}],"wp:featuredmedia":[{"embeddable":true,"href":"https:\/\/e-flore.store\/lv\/wp-json\/wp\/v2\/media\/4261"}],"wp:attachment":[{"href":"https:\/\/e-flore.store\/lv\/wp-json\/wp\/v2\/media?parent=4260"}],"wp:term":[{"taxonomy":"product_brand","embeddable":true,"href":"https:\/\/e-flore.store\/lv\/wp-json\/wp\/v2\/product_brand?post=4260"},{"taxonomy":"product_cat","embeddable":true,"href":"https:\/\/e-flore.store\/lv\/wp-json\/wp\/v2\/product_cat?post=4260"},{"taxonomy":"product_tag","embeddable":true,"href":"https:\/\/e-flore.store\/lv\/wp-json\/wp\/v2\/product_tag?post=4260"}],"curies":[{"name":"wp","href":"https:\/\/api.w.org\/{rel}","templated":true}]}}