{"id":4266,"date":"2026-02-03T16:03:30","date_gmt":"2026-02-03T14:03:30","guid":{"rendered":"https:\/\/demo8.izveide.id.lv\/?post_type=product&#038;p=4266"},"modified":"2026-03-26T15:03:52","modified_gmt":"2026-03-26T13:03:52","slug":"florin-s-plus-k-code-0111","status":"publish","type":"product","link":"https:\/\/e-flore.store\/lv\/produkts\/florin-s-plus-k-code-0111\/","title":{"rendered":"Florin S Plus K (kods 0111)"},"content":{"rendered":"<p><img decoding=\"async\" src=\"\/wp-content\/uploads\/2026\/01\/0111-PARENT_desc.jpg\" style=\"width: 100%; height: auto; display: block;\"><\/p>\n<div id=\"eflore-spacer-v55\" style=\"height: 0px; clear: both; width: 100%; display: block;\"><\/div>\n<p style=\"margin-bottom: 10px; margin-top: 30px;\"><strong>EFEKT\u012aVS T\u012aR\u012a\u0160ANAS L\u012aDZEKLIS DRUKAS PLAT\u0112M TIPOGR\u0100FIJAS IEK\u0100RT\u0100S<\/strong><\/p>\n<p style=\"margin-bottom: 10px; margin-top: 30px;\"><strong>\u012apa\u0161\u012bbas<\/strong><\/p>\n<p style=\"margin-bottom: 8px; margin-top: 0px; line-height: 1.6;\">&#8211; \u016aden\u012b \u0161\u0137\u012bsto\u0161s.<\/p>\n<p style=\"margin-bottom: 8px; margin-top: 0px; line-height: 1.6;\">&#8211; Ar lielu mazg\u0101jo\u0161o vielu saturu.<\/p>\n<p style=\"margin-bottom: 8px; margin-top: 0px; line-height: 1.6;\">&#8211; Nesatur APEO, NTA.<\/p>\n<p style=\"margin-bottom: 8px; margin-top: 0px; line-height: 1.6;\">&#8211; \u0100tri, pamat\u012bgi un efekt\u012bvi likvid\u0113 ka\u013c\u0137a nogulsnes un att\u012bst\u012bt\u0101ja paliekas.<\/p>\n<p style=\"margin-bottom: 8px; margin-top: 0px; line-height: 1.6;\">&#8211; Satur dezinfic\u0113jo\u0161us komponentus.<\/p>\n<p style=\"margin-bottom: 8px; margin-top: 0px; line-height: 1.6;\">&#8211; Alternat\u012bvs risin\u0101jums aizvietojot citronsk\u0101bi vai sl\u0101pek\u013csk\u0101bi saturo\u0161us t\u012br\u012b\u0161anas l\u012bdzek\u013cus.<\/p>\n<p style=\"margin-bottom: 10px; margin-top: 30px;\"><strong>Pielieto\u0161anas iesp\u0113jas<\/strong><\/p>\n<p style=\"margin-bottom: 8px; margin-top: 0px; line-height: 1.6;\">Tipogr\u0101fijas.<\/p>\n<p style=\"margin-bottom: 10px; margin-top: 30px;\"><strong>Pielieto\u0161ana<\/strong><\/p>\n<p style=\"margin-bottom: 8px; margin-top: 0px; line-height: 1.6;\">&#8211; Stipri pies\u0101r\u0146ot\u0101s deta\u013cas (rull\u012b\u0161i, velt\u0146i, vanni\u0146as) apstr\u0101d\u0101t ar koncentr\u0101tu.<\/p>\n<p style=\"margin-bottom: 8px; margin-top: 0px; line-height: 1.6;\">&#8211; T\u012brot sist\u0113mas l\u012bdzekli at\u0161\u0137aid\u012bt ar \u016bdeni proporcij\u0101 1:10 un uzpildot visu sist\u0113mu uzsild\u012bt l\u012bdz 30 &#8211; 40 \u00baC.<\/p>\n<p style=\"margin-bottom: 8px; margin-top: 0px; line-height: 1.6;\">&#8211; P\u0113c 5 &#8211; 10 min\u016bt\u0113m cirkul\u0113jo\u0161o \u0161\u0137\u012bdumu izvad\u012bt no sist\u0113mas, visu sist\u0113mu izskalot ar siltu   \u016bdeni.<\/p>\n<p style=\"margin-bottom: 8px; margin-top: 0px; line-height: 1.6;\">&#8211; P\u0113c izskalo\u0161anas iek\u0101rtas tilpnes no jauna var piepild\u012bt ar tai paredz\u0113tajiem darba \u0161\u0137\u012bdumiem.<\/p>\n<p style=\"margin-bottom: 8px; margin-top: 0px; line-height: 1.6;\">&#8211; R\u016bsas no\u0146em\u0161ana no iek\u0101rtu met\u0101la da\u013c\u0101m &#8211; 1:1 l\u012bdz 1:20.<\/p>\n<p style=\"margin-bottom: 8px; margin-top: 0px; line-height: 1.6;\">&#8211; Sarg\u0101t no sasal\u0161anas!<\/p>\n<p style=\"margin-bottom: 8px; margin-top: 0px; line-height: 1.6;\">&#8211; L\u012bdzeklis p\u0113c izlieto\u0161anas biolo\u0123iski sadal\u0101s.<\/p>\n<p style=\"margin-bottom: 8px; margin-top: 0px; line-height: 1.6;\">&#8211; Vec\u0101s att\u012bst\u012b\u0161anas vann\u0101s piev\u0113rst uzman\u012bbu pH l\u012bmenim.<\/p>\n<p style=\"margin-bottom: 10px; margin-top: 30px;\"><strong>Tehniskais raksturojums<\/strong><\/p>\n<p style=\"margin-bottom: 8px; margin-top: 0px; line-height: 1.6;\"><strong>Fizisk\u0101 forma<\/strong>: \u0161\u0137idrums<\/p>\n<p style=\"margin-bottom: 8px; margin-top: 0px; line-height: 1.6;\"><strong>Bl\u012bvums (20 \u00ba\u0421)<\/strong>: 1.08 g \/ ml<\/p>\n<p style=\"margin-bottom: 8px; margin-top: 0px; line-height: 1.6;\"><strong>p\u041d l\u012bmenis<\/strong>: 1<\/p>\n<p style=\"margin-bottom: 8px; margin-top: 0px; line-height: 1.6;\"><strong>V\u0101r\u012b\u0161an\u0101s diapazons<\/strong>: > 100 \u00b0C<\/p>\n<p style=\"margin-bottom: 8px; margin-top: 0px; line-height: 1.6;\"><strong>Sast\u0101vs<\/strong>: nejonie tens\u012bdi, fosforsk\u0101be, amidosulf\u0101tsk\u0101bes,   pretkorozijas inhibitori, \u010detrk\u0101r\u0161\u0101 amonija savienojumi, aromatizatori<\/p>\n","protected":false},"excerpt":{"rendered":"<p>EFEKT\u012aVS T\u012aR\u012a\u0160ANAS L\u012aDZEKLIS DRUKAS PLAT\u0112M TIPOGR\u0100FIJAS IEK\u0100RT\u0100S \u012apa\u0161\u012bbas &#8211; \u016aden\u012b \u0161\u0137\u012bsto\u0161s. &#8211; Ar lielu mazg\u0101jo\u0161o vielu saturu. &#8211; Nesatur APEO, NTA. &#8211; \u0100tri, pamat\u012bgi un efekt\u012bvi likvid\u0113 ka\u013c\u0137a nogulsnes un att\u012bst\u012bt\u0101ja paliekas. &#8211; Satur dezinfic\u0113jo\u0161us komponentus. &#8211; Alternat\u012bvs risin\u0101jums aizvietojot citronsk\u0101bi vai sl\u0101pek\u013csk\u0101bi saturo\u0161us t\u012br\u012b\u0161anas l\u012bdzek\u013cus. Pielieto\u0161anas iesp\u0113jas Tipogr\u0101fijas. Pielieto\u0161ana &#8211; Stipri pies\u0101r\u0146ot\u0101s deta\u013cas (rull\u012b\u0161i,&#8230;<\/p>\n","protected":false},"featured_media":4267,"template":"","meta":[],"product_brand":[337],"product_cat":[353,377,386],"product_tag":[],"class_list":{"0":"post-4266","1":"product","2":"type-product","3":"status-publish","4":"has-post-thumbnail","6":"product_brand-flore-chemie","7":"product_cat-flore-chemie-produkti","8":"product_cat-industrija-rupnieciba-masinbuve-elektroiekartas","9":"product_cat-specialie-tirisanas-mazgasanas-un-kopsanas-lidzekli","11":"first","12":"instock","13":"shipping-taxable","14":"purchasable","15":"product-type-variable","16":"has-default-attributes"},"_links":{"self":[{"href":"https:\/\/e-flore.store\/lv\/wp-json\/wp\/v2\/product\/4266","targetHints":{"allow":["GET"]}}],"collection":[{"href":"https:\/\/e-flore.store\/lv\/wp-json\/wp\/v2\/product"}],"about":[{"href":"https:\/\/e-flore.store\/lv\/wp-json\/wp\/v2\/types\/product"}],"wp:featuredmedia":[{"embeddable":true,"href":"https:\/\/e-flore.store\/lv\/wp-json\/wp\/v2\/media\/4267"}],"wp:attachment":[{"href":"https:\/\/e-flore.store\/lv\/wp-json\/wp\/v2\/media?parent=4266"}],"wp:term":[{"taxonomy":"product_brand","embeddable":true,"href":"https:\/\/e-flore.store\/lv\/wp-json\/wp\/v2\/product_brand?post=4266"},{"taxonomy":"product_cat","embeddable":true,"href":"https:\/\/e-flore.store\/lv\/wp-json\/wp\/v2\/product_cat?post=4266"},{"taxonomy":"product_tag","embeddable":true,"href":"https:\/\/e-flore.store\/lv\/wp-json\/wp\/v2\/product_tag?post=4266"}],"curies":[{"name":"wp","href":"https:\/\/api.w.org\/{rel}","templated":true}]}}