{"id":4277,"date":"2026-02-03T16:03:32","date_gmt":"2026-02-03T14:03:32","guid":{"rendered":"https:\/\/demo8.izveide.id.lv\/?post_type=product&#038;p=4277"},"modified":"2026-03-26T15:03:39","modified_gmt":"2026-03-26T13:03:39","slug":"florin-bio-farbentferner-code-0477","status":"publish","type":"product","link":"https:\/\/e-flore.store\/lv\/produkts\/florin-bio-farbentferner-code-0477\/","title":{"rendered":"Florin Bio-Farbentferner (kods 0477)"},"content":{"rendered":"<p><img decoding=\"async\" src=\"\/wp-content\/uploads\/2026\/01\/0477-PARENT_desc.jpg\" style=\"width: 100%; height: auto; display: block;\"><\/p>\n<div id=\"eflore-spacer-v55\" style=\"height: 0px; clear: both; width: 100%; display: block;\"><\/div>\n<p style=\"margin-bottom: 10px; margin-top: 30px;\"><strong>VID\u0112JI STIPRS L\u012aDZEKLIS KR\u0100SAS, GRAFITI, FLOMASTERU UN TINTES TRAIPU NO\u0145EM\u0160ANAI<\/strong><\/p>\n<p style=\"margin-bottom: 10px; margin-top: 30px;\"><strong>\u012apa\u0161\u012bbas<\/strong><\/p>\n<p style=\"margin-bottom: 8px; margin-top: 0px; line-height: 1.6;\">&#8211; Speci\u0101lais l\u012bdzeklis kr\u0101svielu, flomasteru un tintes traipu t\u012br\u012b\u0161anai no ciet\u0101m virsm\u0101m.<\/p>\n<p style=\"margin-bottom: 8px; margin-top: 0px; line-height: 1.6;\">&#8211; Biolo\u0123iski sadal\u0101s dab\u0101.<\/p>\n<p style=\"margin-bottom: 8px; margin-top: 0px; line-height: 1.6;\">&#8211; Pielietojams ar\u012b uz sint\u0113tisk\u0101m un vieglo met\u0101lu virsm\u0101m.<\/p>\n<p style=\"margin-bottom: 8px; margin-top: 0px; line-height: 1.6;\">&#8211; Neizmantot l\u012bdzekli uz porain\u0101m un uzs\u016bco\u0161\u0101m virsm\u0101m (koks, betons), jo t\u0101s p\u0113c apstr\u0101des var main\u012bt kr\u0101su.<\/p>\n<p style=\"margin-bottom: 10px; margin-top: 30px;\"><strong>Pielieto\u0161anas iesp\u0113jas<\/strong><\/p>\n<p style=\"margin-bottom: 8px; margin-top: 0px; line-height: 1.6;\">&#8211; Polim\u0113ru p\u0101rstr\u0101des uz\u0146\u0113mumi.<\/p>\n<p style=\"margin-bottom: 8px; margin-top: 0px; line-height: 1.6;\">&#8211; Tipogr\u0101fijas.<\/p>\n<p style=\"margin-bottom: 8px; margin-top: 0px; line-height: 1.6;\">&#8211; Skolas, sabiedrisk\u0101s iest\u0101des.<\/p>\n<p style=\"margin-bottom: 8px; margin-top: 0px; line-height: 1.6;\">&#8211; Sabiedrisk\u0101 transporta uz\u0146\u0113mumos u.c.<\/p>\n<p style=\"margin-bottom: 10px; margin-top: 30px;\"><strong>Pielieto\u0161anas veidi un uzglab\u0101\u0161ana<\/strong><\/p>\n<p style=\"margin-bottom: 8px; margin-top: 0px; line-height: 1.6;\">L\u012bdzekli izmantot neat\u0161\u0137aid\u012btu. Uzkl\u0101t uz sausas t\u012br\u0101m\u0101s virsmas un p\u0113c neliela laika noslauc\u012bt ar m\u012bkstu dr\u0101nu.<\/p>\n<p style=\"margin-bottom: 10px; margin-top: 30px;\"><strong>Tehniskais raksturojums<\/strong><\/p>\n<p style=\"margin-bottom: 8px; margin-top: 0px; line-height: 1.6;\"><strong>Fizisk\u0101 forma<\/strong>: \u0161\u0137idrums<\/p>\n<p style=\"margin-bottom: 8px; margin-top: 0px; line-height: 1.6;\"><strong>Bl\u012bvums (20 \u00baC)<\/strong>: 0.896 g \/ ml<\/p>\n<p style=\"margin-bottom: 8px; margin-top: 0px; line-height: 1.6;\">V\u0101r\u012b\u0161an\u0101s diapazons: +180 \u00baC l\u012bdz +190 \u00baC<\/p>\n<p style=\"margin-bottom: 8px; margin-top: 0px; line-height: 1.6;\"><strong>Uzliesmo\u0161anas temperat\u016bra<\/strong>: +27 \u00baC<\/p>\n<p style=\"margin-bottom: 8px; margin-top: 0px; line-height: 1.6;\"><strong>Sast\u0101vs<\/strong>: tens\u012bdi, spirts, glikols, terp\u0113ni<\/p>\n","protected":false},"excerpt":{"rendered":"<p>VID\u0112JI STIPRS L\u012aDZEKLIS KR\u0100SAS, GRAFITI, FLOMASTERU UN TINTES TRAIPU NO\u0145EM\u0160ANAI \u012apa\u0161\u012bbas &#8211; Speci\u0101lais l\u012bdzeklis kr\u0101svielu, flomasteru un tintes traipu t\u012br\u012b\u0161anai no ciet\u0101m virsm\u0101m. &#8211; Biolo\u0123iski sadal\u0101s dab\u0101. &#8211; Pielietojams ar\u012b uz sint\u0113tisk\u0101m un vieglo met\u0101lu virsm\u0101m. &#8211; Neizmantot l\u012bdzekli uz porain\u0101m un uzs\u016bco\u0161\u0101m virsm\u0101m (koks, betons), jo t\u0101s p\u0113c apstr\u0101des var main\u012bt kr\u0101su. Pielieto\u0161anas iesp\u0113jas&#8230;<\/p>\n","protected":false},"featured_media":4278,"template":"","meta":[],"product_brand":[337],"product_cat":[353,377,386],"product_tag":[],"class_list":{"0":"post-4277","1":"product","2":"type-product","3":"status-publish","4":"has-post-thumbnail","6":"product_brand-flore-chemie","7":"product_cat-flore-chemie-produkti","8":"product_cat-industrija-rupnieciba-masinbuve-elektroiekartas","9":"product_cat-specialie-tirisanas-mazgasanas-un-kopsanas-lidzekli","11":"first","12":"instock","13":"shipping-taxable","14":"purchasable","15":"product-type-variable","16":"has-default-attributes"},"_links":{"self":[{"href":"https:\/\/e-flore.store\/lv\/wp-json\/wp\/v2\/product\/4277","targetHints":{"allow":["GET"]}}],"collection":[{"href":"https:\/\/e-flore.store\/lv\/wp-json\/wp\/v2\/product"}],"about":[{"href":"https:\/\/e-flore.store\/lv\/wp-json\/wp\/v2\/types\/product"}],"wp:featuredmedia":[{"embeddable":true,"href":"https:\/\/e-flore.store\/lv\/wp-json\/wp\/v2\/media\/4278"}],"wp:attachment":[{"href":"https:\/\/e-flore.store\/lv\/wp-json\/wp\/v2\/media?parent=4277"}],"wp:term":[{"taxonomy":"product_brand","embeddable":true,"href":"https:\/\/e-flore.store\/lv\/wp-json\/wp\/v2\/product_brand?post=4277"},{"taxonomy":"product_cat","embeddable":true,"href":"https:\/\/e-flore.store\/lv\/wp-json\/wp\/v2\/product_cat?post=4277"},{"taxonomy":"product_tag","embeddable":true,"href":"https:\/\/e-flore.store\/lv\/wp-json\/wp\/v2\/product_tag?post=4277"}],"curies":[{"name":"wp","href":"https:\/\/api.w.org\/{rel}","templated":true}]}}