{"id":4283,"date":"2026-02-03T16:03:39","date_gmt":"2026-02-03T14:03:39","guid":{"rendered":"https:\/\/demo8.izveide.id.lv\/?post_type=product&#038;p=4283"},"modified":"2026-03-26T15:03:35","modified_gmt":"2026-03-26T13:03:35","slug":"acd-9984-ci-code-9984","status":"publish","type":"product","link":"https:\/\/e-flore.store\/lv\/produkts\/acd-9984-ci-code-9984\/","title":{"rendered":"ACD 9984 CI (kods 9984)"},"content":{"rendered":"<p><img decoding=\"async\" src=\"\/wp-content\/uploads\/2026\/01\/9984-PARENT_desc-scaled.jpg\" style=\"width: 100%; height: auto; display: block;\"><\/p>\n<div id=\"eflore-spacer-v55\" style=\"height: 0px; clear: both; width: 100%; display: block;\"><\/div>\n<p style=\"margin-bottom: 10px; margin-top: 30px;\"><strong>KONCENTR\u0112TS SK\u0100BS T\u012aR\u012a\u0160ANAS L\u012aDZEKLIS MINER\u0100LO NOGUL\u0160\u0145U NO\u0145EM\u0160ANAI<\/strong><\/p>\n<p style=\"margin-bottom: 10px; margin-top: 30px;\"><strong>\u012apa\u0161\u012bbas<\/strong><\/p>\n<p style=\"margin-bottom: 8px; margin-top: 0px; line-height: 1.6;\">Koncentr\u0113ts sk\u0101bs mazg\u0101\u0161anas l\u012bdzekli saturo\u0161s bufer\u0161\u0137\u012bdumus, kas paredz\u0113ts ka\u013c\u0137u nogul\u0161\u0146u, neorganisko pies\u0101r\u0146ojumu, oks\u012bdu no\u0146em\u0161anai. Pie\u013caujama lieto\u0161ana uz fl\u012bz\u0113t\u0101m un emalj\u0113t\u0101m virsm\u0101m, kr\u0101sotiem met\u0101liem, plastmasas, gumijas, stikla. Lieliski no\u0146em cementa atlikumus un ir efekt\u012bvs betona mais\u012bt\u0101ju mazg\u0101\u0161anai. Paredz\u0113ts atmosf\u0113ras pies\u0101r\u0146ojuma un oks\u012bdu p\u0113du no transportl\u012bdzek\u013cu virsb\u016bv\u0113m no\u0146em\u0161anai. Ide\u0101li piem\u0113rots lokomot\u012bvju un dzelzce\u013ca vagonu \u0101r\u0113jai mazg\u0101\u0161anai.<\/p>\n<p style=\"margin-bottom: 10px; margin-top: 30px;\"><strong>Pielietojuma sf\u0113ra<\/strong><\/p>\n<p style=\"margin-bottom: 8px; margin-top: 0px; line-height: 1.6;\">Celtniec\u012bba, betona ra\u017eo\u0161ana un transport\u0113\u0161ana, dzelzce\u013c\u0161, automob\u012b\u013cu r\u016bpniec\u012bba, r\u016bpniecisk\u0101 ra\u017eo\u0161ana kopum\u0101.<\/p>\n<p style=\"margin-bottom: 10px; margin-top: 30px;\"><strong>Lieto\u0161anas instrukcija<\/strong><\/p>\n<p style=\"margin-bottom: 8px; margin-top: 0px; line-height: 1.6;\">Atkar\u012bb\u0101 no pies\u0101r\u0146ojuma veida un pak\u0101pes lietot 5 &#8211; 50% \u0161\u0137\u012bduma veid\u0101. Ieg\u016bto \u0161\u0137\u012bdumu uzkl\u0101t uz apstr\u0101d\u0101jam\u0101s virsmas, \u013caut iedarboties da\u017eas min\u016btes, berz\u0113t ar dr\u0101nu vai suku un noskalot ar lielu daudzumu \u016bdens (v\u0113lams, izmantojot augstspiediena mazg\u0101t\u0101ju).<\/p>\n<p style=\"margin-bottom: 10px; margin-top: 30px;\"><strong>\u0136\u012bmisk\u0101s un fizik\u0101l\u0101s \u012bpa\u0161\u012bbas<\/strong><\/p>\n<p style=\"margin-bottom: 8px; margin-top: 0px; line-height: 1.6;\"><strong>\u0100r\u0113j\u0101s paz\u012bmes<\/strong>: dzidrs \u0161\u0137idrums<\/p>\n<p style=\"margin-bottom: 8px; margin-top: 0px; line-height: 1.6;\"><strong>Kr\u0101sa<\/strong>: bezkr\u0101saina vai dzelten\u012bga<\/p>\n<p style=\"margin-bottom: 8px; margin-top: 0px; line-height: 1.6;\"><strong>Smar\u017ea<\/strong>: rakstur\u012bga<\/p>\n<p style=\"margin-bottom: 8px; margin-top: 0px; line-height: 1.6;\"><strong>Bl\u012bvums<\/strong>: 1.180 +\/- 0.02 kg \/ l pie 20 \u00b0C<\/p>\n<p style=\"margin-bottom: 8px; margin-top: 0px; line-height: 1.6;\"><strong>pH<\/strong>: <1<\/p>\n<p style=\"margin-bottom: 8px; margin-top: 0px; line-height: 1.6;\"><strong>\u0160\u0137\u012bd\u012bba \u016bden\u012b<\/strong>: piln\u012bga<\/p>\n<p style=\"margin-bottom: 8px; margin-top: 0px; line-height: 1.6;\"><strong>Biolo\u0123isk\u0101 no\u0101rd\u012b\u0161an\u0101s<\/strong>: vair\u0101k nek\u0101 90%<\/p>\n<p style=\"margin-bottom: 8px; margin-top: 0px; line-height: 1.6;\"><strong>Akt\u012bv\u0101 viela<\/strong>: s\u0101lssk\u0101be<\/p>\n","protected":false},"excerpt":{"rendered":"<p>KONCENTR\u0112TS SK\u0100BS T\u012aR\u012a\u0160ANAS L\u012aDZEKLIS MINER\u0100LO NOGUL\u0160\u0145U NO\u0145EM\u0160ANAI \u012apa\u0161\u012bbas Koncentr\u0113ts sk\u0101bs mazg\u0101\u0161anas l\u012bdzekli saturo\u0161s bufer\u0161\u0137\u012bdumus, kas paredz\u0113ts ka\u013c\u0137u nogul\u0161\u0146u, neorganisko pies\u0101r\u0146ojumu, oks\u012bdu no\u0146em\u0161anai. Pie\u013caujama lieto\u0161ana uz fl\u012bz\u0113t\u0101m un emalj\u0113t\u0101m virsm\u0101m, kr\u0101sotiem met\u0101liem, plastmasas, gumijas, stikla. Lieliski no\u0146em cementa atlikumus un ir efekt\u012bvs betona mais\u012bt\u0101ju mazg\u0101\u0161anai. Paredz\u0113ts atmosf\u0113ras pies\u0101r\u0146ojuma un oks\u012bdu p\u0113du no transportl\u012bdzek\u013cu virsb\u016bv\u0113m no\u0146em\u0161anai. Ide\u0101li&#8230;<\/p>\n","protected":false},"featured_media":4284,"template":"","meta":[],"product_brand":[342],"product_cat":[353,377,386],"product_tag":[],"class_list":{"0":"post-4283","1":"product","2":"type-product","3":"status-publish","4":"has-post-thumbnail","6":"product_brand-serpento-future-chemicals","7":"product_cat-flore-chemie-produkti","8":"product_cat-industrija-rupnieciba-masinbuve-elektroiekartas","9":"product_cat-specialie-tirisanas-mazgasanas-un-kopsanas-lidzekli","11":"first","12":"instock","13":"shipping-taxable","14":"purchasable","15":"product-type-variable","16":"has-default-attributes"},"_links":{"self":[{"href":"https:\/\/e-flore.store\/lv\/wp-json\/wp\/v2\/product\/4283","targetHints":{"allow":["GET"]}}],"collection":[{"href":"https:\/\/e-flore.store\/lv\/wp-json\/wp\/v2\/product"}],"about":[{"href":"https:\/\/e-flore.store\/lv\/wp-json\/wp\/v2\/types\/product"}],"wp:featuredmedia":[{"embeddable":true,"href":"https:\/\/e-flore.store\/lv\/wp-json\/wp\/v2\/media\/4284"}],"wp:attachment":[{"href":"https:\/\/e-flore.store\/lv\/wp-json\/wp\/v2\/media?parent=4283"}],"wp:term":[{"taxonomy":"product_brand","embeddable":true,"href":"https:\/\/e-flore.store\/lv\/wp-json\/wp\/v2\/product_brand?post=4283"},{"taxonomy":"product_cat","embeddable":true,"href":"https:\/\/e-flore.store\/lv\/wp-json\/wp\/v2\/product_cat?post=4283"},{"taxonomy":"product_tag","embeddable":true,"href":"https:\/\/e-flore.store\/lv\/wp-json\/wp\/v2\/product_tag?post=4283"}],"curies":[{"name":"wp","href":"https:\/\/api.w.org\/{rel}","templated":true}]}}