{"id":4289,"date":"2026-02-03T16:03:40","date_gmt":"2026-02-03T14:03:40","guid":{"rendered":"https:\/\/demo8.izveide.id.lv\/?post_type=product&#038;p=4289"},"modified":"2026-02-19T16:44:34","modified_gmt":"2026-02-19T14:44:34","slug":"alk-boat-cleaner-code-pr753","status":"publish","type":"product","link":"https:\/\/e-flore.store\/lv\/produkts\/alk-boat-cleaner-code-pr753\/","title":{"rendered":"ALK BOAT CLEANER (kods PR753)"},"content":{"rendered":"<p><img decoding=\"async\" src=\"\/wp-content\/uploads\/2026\/01\/PR753-PARENT_desc.jpg\" style=\"width: 100%; height: auto; display: block;\"><\/p>\n<div id=\"eflore-spacer-v55\" style=\"height: 0px; clear: both; width: 100%; display: block;\"><\/div>\n<p style=\"margin-bottom: 10px; margin-top: 30px;\"><strong>PELDL\u012aDZEK\u013bU T\u012aR\u012a\u0160ANAS L\u012aDZEKLIS<\/strong><\/p>\n<p style=\"margin-bottom: 10px; margin-top: 30px;\"><strong>\u012apa\u0161\u012bbas<\/strong><\/p>\n<p style=\"margin-bottom: 8px; margin-top: 0px; line-height: 1.6;\">Daudzfunkcion\u0101ls mazg\u0101\u0161anas l\u012bdzeklis peldl\u012bdzek\u013cu \u0101r\u0113jo da\u013cu pamatt\u012br\u012b\u0161anai. Piem\u012bt stipra t\u012br\u012b\u0161anas sp\u0113ja. Paredz\u0113ts stikla\u0161\u0137iedras, vinila, plastmasas, t\u0113rauda, \u200b\u200bemalj\u0113tu\u00a0virsmu t\u012br\u012b\u0161anai. Lieliski piem\u0113rots stikla\u0161\u0137iedras laivu un\u00a0gumijas laivu\u00a0t\u012br\u012b\u0161anai. Not\u012bra visu veidu organiskos net\u012brumus, e\u013c\u013cas traipus, meln\u0101s sv\u012btras un traipus.<\/p>\n<p style=\"margin-bottom: 10px; margin-top: 30px;\"><strong>Pielietojuma sf\u0113ra<\/strong><\/p>\n<p style=\"margin-bottom: 8px; margin-top: 0px; line-height: 1.6;\">J\u016bras sektors<\/p>\n<p style=\"margin-bottom: 10px; margin-top: 30px;\"><strong>Lieto\u0161anas instrukcija<\/strong><\/p>\n<p style=\"margin-bottom: 8px; margin-top: 0px; line-height: 1.6;\">L\u012bdzekli at\u0161\u0137aid\u012bt ar \u016bdeni proporcij\u0101 no 1: 5 l\u012bdz (16,7%) l\u012bdz 1:30 (3,2%). Ieg\u016bto \u0161\u0137\u012bdumu ar smidzin\u0101t\u0101ju uzkl\u0101t uz virsmas, tur\u0113t vair\u0101kas min\u016btes, ja nepiecie\u0161ams, paberz\u0113t apstr\u0101d\u0101to virsmu un p\u0113c tam bag\u0101t\u012bgi noskalot ar svaigu \u016bdeni.<\/p>\n<p style=\"margin-bottom: 10px; margin-top: 30px;\"><strong>\u0136\u012bmisk\u0101s un fizik\u0101l\u0101s \u012bpa\u0161\u012bbas<\/strong><\/p>\n<p style=\"margin-bottom: 8px; margin-top: 0px; line-height: 1.6;\"><strong>\u0100r\u0113j\u0101s paz\u012bmes<\/strong>: dzidrs \u0161\u0137idrums<\/p>\n<p style=\"margin-bottom: 8px; margin-top: 0px; line-height: 1.6;\"><strong>Kr\u0101sa<\/strong>: oran\u017ea, fluorisc\u0113jo\u0161a<\/p>\n<p style=\"margin-bottom: 8px; margin-top: 0px; line-height: 1.6;\"><strong>Smar\u017ea<\/strong>: rakstur\u012bga<\/p>\n<p style=\"margin-bottom: 8px; margin-top: 0px; line-height: 1.6;\"><strong>Bl\u012bvums<\/strong>: 1,035 \u00b1 0,02 g \/ ml 20 \u00b0C temperat\u016br\u0101<\/p>\n<p style=\"margin-bottom: 8px; margin-top: 0px; line-height: 1.6;\"><strong>pH<\/strong>: 12,7 +\/- 0,3%<\/p>\n<p style=\"margin-bottom: 8px; margin-top: 0px; line-height: 1.6;\"><strong>\u0160\u0137\u012bd\u012bba \u016bden\u012b<\/strong>: piln\u012bga<\/p>\n<p style=\"margin-bottom: 8px; margin-top: 0px; line-height: 1.6;\"><strong>Virsmakt\u012bv\u0101 viela<\/strong>: nejonu, katjonu<\/p>\n<p style=\"margin-bottom: 8px; margin-top: 0px; line-height: 1.6;\"><strong>Biolo\u0123isk\u0101 no\u0101rd\u012b\u0161an\u0101s<\/strong>: vair\u0101k nek\u0101 90%<\/p>\n<p style=\"margin-bottom: 8px; margin-top: 0px; line-height: 1.6;\"><strong>Uzliesmojam\u012bba<\/strong>: nedego\u0161s<\/p>\n<p style=\"margin-bottom: 8px; margin-top: 0px; line-height: 1.6;\"><strong>Br\u012bdin\u0101jumi!<\/strong> Pirms lieto\u0161anas uzman\u012bgi izlas\u012bt dro\u0161\u012bbas datu lapu. \u013boti koncentr\u0113ts produkts! Ne\u013caut tam no\u017e\u016bt uz apstr\u0101d\u0101t\u0101m virsm\u0101m! Apstr\u0101d\u0101jot ar nestabil\u0101m kr\u0101s\u0101m kr\u0101sotas virsmas izmantot maz\u0101k koncentr\u0113tu produktu. \u013boti koncentr\u0113ti \u0161\u0137\u012bdumi (maz\u0101k nek\u0101 10%) ilgsto\u0161\u0101 saskar\u0113 ar alum\u012bniju un t\u0101 sakaus\u0113jumiem var izrais\u012bt met\u0101la bl\u0101vumu un rad\u012bt ple\u0137us.<\/p>\n","protected":false},"excerpt":{"rendered":"<p>PELDL\u012aDZEK\u013bU T\u012aR\u012a\u0160ANAS L\u012aDZEKLIS \u012apa\u0161\u012bbas Daudzfunkcion\u0101ls mazg\u0101\u0161anas l\u012bdzeklis peldl\u012bdzek\u013cu \u0101r\u0113jo da\u013cu pamatt\u012br\u012b\u0161anai. Piem\u012bt stipra t\u012br\u012b\u0161anas sp\u0113ja. Paredz\u0113ts stikla\u0161\u0137iedras, vinila, plastmasas, t\u0113rauda, \u200b\u200bemalj\u0113tu\u00a0virsmu t\u012br\u012b\u0161anai. Lieliski piem\u0113rots stikla\u0161\u0137iedras laivu un\u00a0gumijas laivu\u00a0t\u012br\u012b\u0161anai. Not\u012bra visu veidu organiskos net\u012brumus, e\u013c\u013cas traipus, meln\u0101s sv\u012btras un traipus. Pielietojuma sf\u0113ra J\u016bras sektors Lieto\u0161anas instrukcija L\u012bdzekli at\u0161\u0137aid\u012bt ar \u016bdeni proporcij\u0101 no 1: 5 l\u012bdz (16,7%)&#8230;<\/p>\n","protected":false},"featured_media":4290,"template":"","meta":[],"product_brand":[342],"product_cat":[353,383,377],"product_tag":[],"class_list":{"0":"post-4289","1":"product","2":"type-product","3":"status-publish","4":"has-post-thumbnail","6":"product_brand-serpento-future-chemicals","7":"product_cat-flore-chemie-produkti","8":"product_cat-specialie-produkti-laivam-un-kugiem","9":"product_cat-industrija-rupnieciba-masinbuve-elektroiekartas","11":"first","12":"instock","13":"shipping-taxable","14":"purchasable","15":"product-type-variable","16":"has-default-attributes"},"_links":{"self":[{"href":"https:\/\/e-flore.store\/lv\/wp-json\/wp\/v2\/product\/4289","targetHints":{"allow":["GET"]}}],"collection":[{"href":"https:\/\/e-flore.store\/lv\/wp-json\/wp\/v2\/product"}],"about":[{"href":"https:\/\/e-flore.store\/lv\/wp-json\/wp\/v2\/types\/product"}],"wp:featuredmedia":[{"embeddable":true,"href":"https:\/\/e-flore.store\/lv\/wp-json\/wp\/v2\/media\/4290"}],"wp:attachment":[{"href":"https:\/\/e-flore.store\/lv\/wp-json\/wp\/v2\/media?parent=4289"}],"wp:term":[{"taxonomy":"product_brand","embeddable":true,"href":"https:\/\/e-flore.store\/lv\/wp-json\/wp\/v2\/product_brand?post=4289"},{"taxonomy":"product_cat","embeddable":true,"href":"https:\/\/e-flore.store\/lv\/wp-json\/wp\/v2\/product_cat?post=4289"},{"taxonomy":"product_tag","embeddable":true,"href":"https:\/\/e-flore.store\/lv\/wp-json\/wp\/v2\/product_tag?post=4289"}],"curies":[{"name":"wp","href":"https:\/\/api.w.org\/{rel}","templated":true}]}}