{"id":4293,"date":"2026-02-03T16:03:40","date_gmt":"2026-02-03T14:03:40","guid":{"rendered":"https:\/\/demo8.izveide.id.lv\/?post_type=product&#038;p=4293"},"modified":"2026-03-26T15:03:31","modified_gmt":"2026-03-26T13:03:31","slug":"acd-teak-renew-code-pr752","status":"publish","type":"product","link":"https:\/\/e-flore.store\/lv\/produkts\/acd-teak-renew-code-pr752\/","title":{"rendered":"ACD TEAK RENEW (kods PR752)"},"content":{"rendered":"<p><img decoding=\"async\" src=\"\/wp-content\/uploads\/2026\/01\/PR752-PARENT_desc.jpg\" style=\"width: 100%; height: auto; display: block;\"><\/p>\n<div id=\"eflore-spacer-v55\" style=\"height: 0px; clear: both; width: 100%; display: block;\"><\/div>\n<p style=\"margin-bottom: 10px; margin-top: 30px;\"><strong>BALINO\u0160S UN ATJAUNOJO\u0160S L\u012aDZEKLIS T\u012aKKOKA \u0100R\u0112JAI APDAREI J\u016aRNIEC\u012aBAS NOZAR\u0112<\/strong><\/p>\n<p style=\"margin-bottom: 10px; margin-top: 30px;\"><strong>\u012apa\u0161\u012bbas<\/strong><\/p>\n<p style=\"margin-bottom: 8px; margin-top: 0px; line-height: 1.6;\">Balino\u0161s l\u012bdzeklis t\u012bkkoka \u0101r\u0113jo apdares materi\u0101lu atjauno\u0161anai j\u016brniec\u012bbas nozar\u0113. Saules gaismas, s\u0101ls nogul\u0161\u0146u, atmosf\u0113ras par\u0101d\u012bbu nelabv\u0113l\u012bg\u0101 ietekme kop\u0101 ar oksid\u0113\u0161an\u0101s un noveco\u0161an\u0101s par\u0101d\u012bb\u0101m noved pie t\u0101, ka koks ieg\u016bst rakstur\u012bgu pel\u0113c\u012bgu nokr\u0101su. Apstr\u0101de ar ACD TEAK RENEW atsvaidzina peldl\u012bdzek\u013cu koka \u0101r\u0113jo apdari atjaunojot t\u0101s dabisko kr\u0101su un s\u0101kotn\u0113jo izskatu.<\/p>\n<p style=\"margin-bottom: 10px; margin-top: 30px;\"><strong>Pielietojuma sf\u0113ra<\/strong><\/p>\n<p style=\"margin-bottom: 8px; margin-top: 0px; line-height: 1.6;\">J\u016bras sektors.<\/p>\n<p style=\"margin-bottom: 10px; margin-top: 30px;\"><strong>Lieto\u0161anas instrukcija<\/strong><\/p>\n<p style=\"margin-bottom: 8px; margin-top: 0px; line-height: 1.6;\">Izmantot produktu t\u012br\u0101 veid\u0101 vai at\u0161\u0137aid\u012btu ar \u016bdeni l\u012bdz 30%. Uzkl\u0101t ieg\u016bto \u0161\u0137\u012bdumu ar otu vai s\u016bkli uz t\u012bkkoka virsmas, kas iepriek\u0161 samitrin\u0101ta ar \u016bdeni sekojot koksnes \u0161\u0137iedras virzienam. Atst\u0101t uz da\u017e\u0101m min\u016bt\u0113m iedarboties ne\u013caujot l\u012bdzeklim no\u017e\u016bt uz apstr\u0101d\u0101t\u0101s virsmas, p\u0113c tam berzt koksni, l\u012bdz t\u0101 ieg\u016bst s\u0101kotn\u0113jo br\u016bngano kr\u0101su. P\u0113c tam noskalot ar lielu daudzumu svaiga \u016bdens.<\/p>\n<p style=\"margin-bottom: 10px; margin-top: 30px;\"><strong>\u0136\u012bmisk\u0101s un fizik\u0101l\u0101s \u012bpa\u0161\u012bbas<\/strong><\/p>\n<p style=\"margin-bottom: 8px; margin-top: 0px; line-height: 1.6;\"><strong>\u0100r\u0113j\u0101s paz\u012bmes<\/strong>: dzidrs \u0161\u0137idrums<\/p>\n<p style=\"margin-bottom: 8px; margin-top: 0px; line-height: 1.6;\"><strong>Kr\u0101sa<\/strong>: bezkr\u0101saina vai dzelten\u012bga<\/p>\n<p style=\"margin-bottom: 8px; margin-top: 0px; line-height: 1.6;\"><strong>Smar\u017ea<\/strong>: rakstur\u012bga, asa<\/p>\n<p style=\"margin-bottom: 8px; margin-top: 0px; line-height: 1.6;\"><strong>Bl\u012bvums<\/strong>: 1,040 +\/- 0,02 kg \/ l pie 20 \u00b0C<\/p>\n<p style=\"margin-bottom: 8px; margin-top: 0px; line-height: 1.6;\"><strong>pH<\/strong>: <1<\/p>\n<p style=\"margin-bottom: 8px; margin-top: 0px; line-height: 1.6;\"><strong>Biolo\u0123isk\u0101 no\u0101rd\u012b\u0161an\u0101s<\/strong>: vair\u0101k nek\u0101 90%<\/p>\n<p style=\"margin-bottom: 8px; margin-top: 0px; line-height: 1.6;\"><strong>Virsmakt\u012bv\u0101 viela<\/strong>: nejonu<\/p>\n<p style=\"margin-bottom: 8px; margin-top: 0px; line-height: 1.6;\"><strong>\u0160\u0137\u012bd\u012bba \u016bden\u012b<\/strong>: piln\u012bga<\/p>\n<p style=\"margin-bottom: 8px; margin-top: 0px; line-height: 1.6;\"><strong>Br\u012bdin\u0101jumi!<\/strong> Pirms lieto\u0161anas uzman\u012bgi izlas\u012bt dro\u0161\u012bbas datu lapu. Nelietot un izvair\u012bties no saskares ar virsm\u0101m, kas izgatavotas no marmora, gran\u012bta, ka\u013c\u0137akmens materi\u0101liem. Izvair\u012bties no ilgsto\u0161a kontakta ar met\u0101liem.<\/p>\n","protected":false},"excerpt":{"rendered":"<p>BALINO\u0160S UN ATJAUNOJO\u0160S L\u012aDZEKLIS T\u012aKKOKA \u0100R\u0112JAI APDAREI J\u016aRNIEC\u012aBAS NOZAR\u0112 \u012apa\u0161\u012bbas Balino\u0161s l\u012bdzeklis t\u012bkkoka \u0101r\u0113jo apdares materi\u0101lu atjauno\u0161anai j\u016brniec\u012bbas nozar\u0113. Saules gaismas, s\u0101ls nogul\u0161\u0146u, atmosf\u0113ras par\u0101d\u012bbu nelabv\u0113l\u012bg\u0101 ietekme kop\u0101 ar oksid\u0113\u0161an\u0101s un noveco\u0161an\u0101s par\u0101d\u012bb\u0101m noved pie t\u0101, ka koks ieg\u016bst rakstur\u012bgu pel\u0113c\u012bgu nokr\u0101su. Apstr\u0101de ar ACD TEAK RENEW atsvaidzina peldl\u012bdzek\u013cu koka \u0101r\u0113jo apdari atjaunojot t\u0101s dabisko&#8230;<\/p>\n","protected":false},"featured_media":4294,"template":"","meta":[],"product_brand":[342],"product_cat":[353,383,377],"product_tag":[],"class_list":{"0":"post-4293","1":"product","2":"type-product","3":"status-publish","4":"has-post-thumbnail","6":"product_brand-serpento-future-chemicals","7":"product_cat-flore-chemie-produkti","8":"product_cat-specialie-produkti-laivam-un-kugiem","9":"product_cat-industrija-rupnieciba-masinbuve-elektroiekartas","11":"first","12":"instock","13":"shipping-taxable","14":"purchasable","15":"product-type-variable","16":"has-default-attributes"},"_links":{"self":[{"href":"https:\/\/e-flore.store\/lv\/wp-json\/wp\/v2\/product\/4293","targetHints":{"allow":["GET"]}}],"collection":[{"href":"https:\/\/e-flore.store\/lv\/wp-json\/wp\/v2\/product"}],"about":[{"href":"https:\/\/e-flore.store\/lv\/wp-json\/wp\/v2\/types\/product"}],"wp:featuredmedia":[{"embeddable":true,"href":"https:\/\/e-flore.store\/lv\/wp-json\/wp\/v2\/media\/4294"}],"wp:attachment":[{"href":"https:\/\/e-flore.store\/lv\/wp-json\/wp\/v2\/media?parent=4293"}],"wp:term":[{"taxonomy":"product_brand","embeddable":true,"href":"https:\/\/e-flore.store\/lv\/wp-json\/wp\/v2\/product_brand?post=4293"},{"taxonomy":"product_cat","embeddable":true,"href":"https:\/\/e-flore.store\/lv\/wp-json\/wp\/v2\/product_cat?post=4293"},{"taxonomy":"product_tag","embeddable":true,"href":"https:\/\/e-flore.store\/lv\/wp-json\/wp\/v2\/product_tag?post=4293"}],"curies":[{"name":"wp","href":"https:\/\/api.w.org\/{rel}","templated":true}]}}