{"id":4297,"date":"2026-02-03T16:03:41","date_gmt":"2026-02-03T14:03:41","guid":{"rendered":"https:\/\/demo8.izveide.id.lv\/?post_type=product&#038;p=4297"},"modified":"2026-03-26T15:03:27","modified_gmt":"2026-03-26T13:03:27","slug":"alk-teak-cleaner-code-pr751","status":"publish","type":"product","link":"https:\/\/e-flore.store\/lv\/produkts\/alk-teak-cleaner-code-pr751\/","title":{"rendered":"ALK TEAK CLEANER (kods PR751)"},"content":{"rendered":"<p><img decoding=\"async\" style=\"width: 100%; height: auto; display: block;\" src=\"\/wp-content\/uploads\/2026\/02\/ALK-TEAK-CLEANER-code-PR751-1-3.jpg\"><\/p>\n<div id=\"eflore-spacer-v55\" style=\"height: 0px; clear: both; width: 100%; display: block;\"><\/div>\n<p style=\"margin-bottom: 10px; margin-top: 30px;\"><strong>MAZG\u0100\u0160ANAS L\u012aDZEKLIS \u0100R\u0112JAI APDAREI NO T\u012aKKOKA J\u016aRAS NOZAR\u0112<\/strong><\/p>\n<p style=\"margin-bottom: 10px; margin-top: 30px;\"><strong>\u012apa\u0161\u012bbas<\/strong><\/p>\n<p style=\"margin-bottom: 8px; margin-top: 0px; line-height: 1.6;\">\u012apa\u0161i izstr\u0101d\u0101ts l\u012bdzeklis t\u012bkkoka t\u012br\u012b\u0161anai j\u016brniec\u012bb\u0101. Da\u017eu min\u016b\u0161u laik\u0101 not\u012bra traipus un t\u012bka deta\u013cas neizmainot koksnes dabisko izskatu. Nekait\u012bgs gumijas virsm\u0101m, nesatur \u0161\u0137\u012bdin\u0101t\u0101jus. Nav kod\u012bgs.<\/p>\n<p style=\"margin-bottom: 10px; margin-top: 30px;\"><strong>Pielietojuma sf\u0113ra<\/strong><\/p>\n<p style=\"margin-bottom: 8px; margin-top: 0px; line-height: 1.6;\">J\u016bras sektors.<\/p>\n<p style=\"margin-bottom: 10px; margin-top: 30px;\"><strong>Lieto\u0161anas instrukcija<\/strong><\/p>\n<p style=\"margin-bottom: 8px; margin-top: 0px; line-height: 1.6;\">Atkar\u012bb\u0101 no pies\u0101r\u0146ojuma pak\u0101pes produktu at\u0161\u0137aid\u012bt ar \u016bdeni proporcij\u0101 1:1 l\u012bdz 1:10. E\u013c\u013cas traipu no\u0146em\u0161anai izmantot l\u012bdzek\u013ca 50% \u0161\u0137\u012bdumu. Jaunai vai lab\u0101 st\u0101vokl\u012b eso\u0161ai t\u012bkkoka apdarei l\u012bdzekli at\u0161\u0137aid\u012bt ar \u016bdeni l\u012bdz 10%. Ieg\u016bto \u0161\u0137\u012bdumu uzkl\u0101t uz virsmas, kas iepriek\u0161 samitrin\u0101ta ar dzeramo \u016bdeni, vienm\u0113r\u012bgi sadal\u012bt pa visu t\u012br\u0101mo virsmu, notur\u0113t apm\u0113ram min\u016bti un p\u0113c tam bag\u0101t\u012bgi noskalojiet ar svaigu \u016bdeni.<\/p>\n<p style=\"margin-bottom: 10px; margin-top: 30px;\"><strong>\u0136\u012bmisk\u0101s un fizik\u0101l\u0101s \u012bpa\u0161\u012bbas<\/strong><\/p>\n<p style=\"margin-bottom: 8px; margin-top: 0px; line-height: 1.6;\"><strong>\u0100r\u0113j\u0101s paz\u012bmes<\/strong>: dzidrs \u0161\u0137idrums<\/p>\n<p style=\"margin-bottom: 8px; margin-top: 0px; line-height: 1.6;\"><strong>Kr\u0101sa<\/strong>: gai\u0161i br\u016bna<\/p>\n<p style=\"margin-bottom: 8px; margin-top: 0px; line-height: 1.6;\"><strong>Smar\u017ea<\/strong>: rakstur\u012bga<\/p>\n<p style=\"margin-bottom: 8px; margin-top: 0px; line-height: 1.6;\"><strong>Bl\u012bvums<\/strong>: 1,043 +\/- 0,02 g \/ ml pie 20 \u00b0C<\/p>\n<p style=\"margin-bottom: 8px; margin-top: 0px; line-height: 1.6;\"><strong>pH<\/strong>: 12,6 +\/- 0,5<\/p>\n<p style=\"margin-bottom: 8px; margin-top: 0px; line-height: 1.6;\"><strong>Virsmakt\u012bv\u0101 viela<\/strong>: nejonu<\/p>\n<p style=\"margin-bottom: 8px; margin-top: 0px; line-height: 1.6;\"><strong>Biolo\u0123isk\u0101 no\u0101rd\u012b\u0161an\u0101s<\/strong>: vair\u0101k nek\u0101 90%<\/p>\n<p style=\"margin-bottom: 8px; margin-top: 0px; line-height: 1.6;\"><strong>Br\u012bdin\u0101jumi!<\/strong> Pirms lieto\u0161anas uzman\u012bgi izlas\u012bt dro\u0161\u012bbas datu lapu. Nelietot koncentr\u0101tu uz alum\u012bnija vai vieglmet\u0101la virsm\u0101m.<\/p>\n","protected":false},"excerpt":{"rendered":"<p>MAZG\u0100\u0160ANAS L\u012aDZEKLIS \u0100R\u0112JAI APDAREI NO T\u012aKKOKA J\u016aRAS NOZAR\u0112 \u012apa\u0161\u012bbas \u012apa\u0161i izstr\u0101d\u0101ts l\u012bdzeklis t\u012bkkoka t\u012br\u012b\u0161anai j\u016brniec\u012bb\u0101. Da\u017eu min\u016b\u0161u laik\u0101 not\u012bra traipus un t\u012bka deta\u013cas neizmainot koksnes dabisko izskatu. Nekait\u012bgs gumijas virsm\u0101m, nesatur \u0161\u0137\u012bdin\u0101t\u0101jus. Nav kod\u012bgs. Pielietojuma sf\u0113ra J\u016bras sektors. Lieto\u0161anas instrukcija Atkar\u012bb\u0101 no pies\u0101r\u0146ojuma pak\u0101pes produktu at\u0161\u0137aid\u012bt ar \u016bdeni proporcij\u0101 1:1 l\u012bdz 1:10. E\u013c\u013cas traipu no\u0146em\u0161anai&#8230;<\/p>\n","protected":false},"featured_media":4298,"template":"","meta":[],"product_brand":[342],"product_cat":[353,377,383],"product_tag":[],"class_list":{"0":"post-4297","1":"product","2":"type-product","3":"status-publish","4":"has-post-thumbnail","6":"product_brand-serpento-future-chemicals","7":"product_cat-flore-chemie-produkti","8":"product_cat-industrija-rupnieciba-masinbuve-elektroiekartas","9":"product_cat-specialie-produkti-laivam-un-kugiem","11":"first","12":"instock","13":"shipping-taxable","14":"purchasable","15":"product-type-variable","16":"has-default-attributes"},"_links":{"self":[{"href":"https:\/\/e-flore.store\/lv\/wp-json\/wp\/v2\/product\/4297","targetHints":{"allow":["GET"]}}],"collection":[{"href":"https:\/\/e-flore.store\/lv\/wp-json\/wp\/v2\/product"}],"about":[{"href":"https:\/\/e-flore.store\/lv\/wp-json\/wp\/v2\/types\/product"}],"wp:featuredmedia":[{"embeddable":true,"href":"https:\/\/e-flore.store\/lv\/wp-json\/wp\/v2\/media\/4298"}],"wp:attachment":[{"href":"https:\/\/e-flore.store\/lv\/wp-json\/wp\/v2\/media?parent=4297"}],"wp:term":[{"taxonomy":"product_brand","embeddable":true,"href":"https:\/\/e-flore.store\/lv\/wp-json\/wp\/v2\/product_brand?post=4297"},{"taxonomy":"product_cat","embeddable":true,"href":"https:\/\/e-flore.store\/lv\/wp-json\/wp\/v2\/product_cat?post=4297"},{"taxonomy":"product_tag","embeddable":true,"href":"https:\/\/e-flore.store\/lv\/wp-json\/wp\/v2\/product_tag?post=4297"}],"curies":[{"name":"wp","href":"https:\/\/api.w.org\/{rel}","templated":true}]}}