{"id":4301,"date":"2026-02-03T16:03:42","date_gmt":"2026-02-03T14:03:42","guid":{"rendered":"https:\/\/demo8.izveide.id.lv\/?post_type=product&#038;p=4301"},"modified":"2026-03-26T15:03:25","modified_gmt":"2026-03-26T13:03:25","slug":"boot-und-schiffsreiniger-exact-code-1426","status":"publish","type":"product","link":"https:\/\/e-flore.store\/lv\/produkts\/boot-und-schiffsreiniger-exact-code-1426\/","title":{"rendered":"Boot- und Schiffsreiniger Exact (kods 1426)"},"content":{"rendered":"<p><img decoding=\"async\" style=\"width: 100%; height: auto; display: block;\" src=\"\/wp-content\/uploads\/2026\/01\/1426-PARENT_desc.jpg\" \/><\/p>\n<p style=\"margin-bottom: 10px; margin-top: 30px;\"><strong>LAIVU UN KU\u0122U T\u012aR\u012a\u0160ANAS L\u012aDZEKLIS<\/strong><\/p>\n<p style=\"margin-bottom: 10px; margin-top: 30px;\"><strong>\u012apa\u0161\u012bbas<\/strong><\/p>\n<p style=\"margin-bottom: 8px; margin-top: 0px; line-height: 1.6;\">&#8211; T\u012br\u012b\u0161anas koncentr\u0101ts peldl\u012bdzek\u013cu mazg\u0101\u0161anai \u0101rpus\u0113 un iek\u0161pus\u0113.\u00a0Izstr\u0101d\u0101ts lieto\u0161anai iek\u0161zemes un j\u016bras p\u0101rvad\u0101jumiem.<\/p>\n<p style=\"margin-bottom: 8px; margin-top: 0px; line-height: 1.6;\">&#8211; No\u0146em ar\u012b \u012bpa\u0161i ie\u0113du\u0161os net\u012brumus, piem\u0113ram, s\u0101ls traipus, kukai\u0146us un putnu m\u0113slus.<\/p>\n<p style=\"margin-bottom: 8px; margin-top: 0px; line-height: 1.6;\">&#8211; Boot- und Schiffsreiniger Exact ir piem\u0113rots \u016bdens transportl\u012bdzek\u013cu, laivu, ku\u0123u u.c. t\u012br\u012b\u0161anai.<\/p>\n<p style=\"margin-bottom: 8px; margin-top: 0px; line-height: 1.6;\">&#8211; L\u012bdzeklis ir piem\u0113rots vis\u0101m lakotaj\u0101m, met\u0101la un plastmasas virsm\u0101m.<\/p>\n<p style=\"margin-bottom: 8px; margin-top: 0px; line-height: 1.6;\">&#8211; L\u012bdzeklim piem\u012bt lieliskas net\u012brumu \u0161\u0137\u012bdin\u0101\u0161anas \u012bpa\u0161\u012bbas un tas viegli not\u012bra a\u013c\u0123u, s\u016bnu, nikot\u012bna, kukai\u0146u paliekas un citus net\u012brumus bez jebk\u0101d\u0101m probl\u0113m\u0101m.<\/p>\n<p style=\"margin-bottom: 8px; margin-top: 0px; line-height: 1.6;\">&#8211; Ekonomisks un efekt\u012bvs lieto\u0161an\u0101. Videi draudz\u012bgs.<\/p>\n<p style=\"margin-bottom: 10px; margin-top: 30px;\"><strong>Pielieto\u0161anas iesp\u0113jas<\/strong><\/p>\n<p style=\"margin-bottom: 8px; margin-top: 0px; line-height: 1.6;\">Boot- und Schiffsreiniger Exact\u00a0ir visaptvero\u0161s t\u012br\u012b\u0161anas l\u012bdzeklis peldl\u012bdzek\u013ciem. Izmantojot \u0161o produktu iesp\u0113jams veikt visus t\u012br\u012b\u0161anas darbus s\u0101kot no korpusa, aug\u0161\u0113j\u0101 st\u0101va un l\u012bdz apak\u0161\u0113jam st\u0101vam. Pat aizkaru mazg\u0101\u0161ana nav probl\u0113ma ar\u00a0Boot- und Schiffsreiniger Exact!<\/p>\n<p style=\"margin-bottom: 10px; margin-top: 30px;\"><strong>Pielieto\u0161ana<\/strong><\/p>\n<p style=\"margin-bottom: 8px; margin-top: 0px; line-height: 1.6;\">&#8211; Standarta pies\u0101r\u0146ojums: at\u0161\u0137aid\u012bt ar \u016bdeni proporcij\u0101 no 1:10 l\u012bdz 1:50.<\/p>\n<p style=\"margin-bottom: 8px; margin-top: 0px; line-height: 1.6;\">&#8211; \u013boti liels pies\u0101r\u0146ojums:\u00a0at\u0161\u0137aid\u012bt ar \u016bdeni proporcij\u0101\u00a0no 1: 5 l\u012bdz 1:20.<\/p>\n<p style=\"margin-bottom: 10px; margin-top: 30px;\"><strong>Tehniskais raksturojums<\/strong><\/p>\n<p style=\"margin-bottom: 8px; margin-top: 0px; line-height: 1.6;\"><strong>Fizisk\u0101 forma<\/strong>: \u0161\u0137idrums<\/p>\n<p style=\"margin-bottom: 8px; margin-top: 0px; line-height: 1.6;\"><strong>Bl\u012bvums (20 \u00b0C)<\/strong>: aptuveni 1,05 cm\u00b3<\/p>\n<p style=\"margin-bottom: 8px; margin-top: 0px; line-height: 1.6;\"><strong>V\u0101r\u012b\u0161an\u0101s diapazons<\/strong>: &gt; 100 \u00b0C<\/p>\n<p style=\"margin-bottom: 8px; margin-top: 0px; line-height: 1.6;\"><strong>pH l\u012bmenis<\/strong>: aptuveni 11<\/p>\n<p style=\"margin-bottom: 8px; margin-top: 0px; line-height: 1.6;\"><strong>Sast\u0101vs<\/strong>: &lt;5% anjonu virsmakt\u012bv\u0101s vielas, fosf\u0101ti, kr\u0101svielas un smar\u017evielas<\/p>\n","protected":false},"excerpt":{"rendered":"<p>LAIVU UN KU\u0122U T\u012aR\u012a\u0160ANAS L\u012aDZEKLIS \u012apa\u0161\u012bbas &#8211; T\u012br\u012b\u0161anas koncentr\u0101ts peldl\u012bdzek\u013cu mazg\u0101\u0161anai \u0101rpus\u0113 un iek\u0161pus\u0113.\u00a0Izstr\u0101d\u0101ts lieto\u0161anai iek\u0161zemes un j\u016bras p\u0101rvad\u0101jumiem. &#8211; No\u0146em ar\u012b \u012bpa\u0161i ie\u0113du\u0161os net\u012brumus, piem\u0113ram, s\u0101ls traipus, kukai\u0146us un putnu m\u0113slus. &#8211; Boot- und Schiffsreiniger Exact ir piem\u0113rots \u016bdens transportl\u012bdzek\u013cu, laivu, ku\u0123u u.c. t\u012br\u012b\u0161anai. &#8211; L\u012bdzeklis ir piem\u0113rots vis\u0101m lakotaj\u0101m, met\u0101la un plastmasas virsm\u0101m&#8230;.<\/p>\n","protected":false},"featured_media":4302,"template":"","meta":[],"product_brand":[337],"product_cat":[353,377,383],"product_tag":[],"class_list":{"0":"post-4301","1":"product","2":"type-product","3":"status-publish","4":"has-post-thumbnail","6":"product_brand-flore-chemie","7":"product_cat-flore-chemie-produkti","8":"product_cat-industrija-rupnieciba-masinbuve-elektroiekartas","9":"product_cat-specialie-produkti-laivam-un-kugiem","11":"first","12":"instock","13":"shipping-taxable","14":"purchasable","15":"product-type-variable","16":"has-default-attributes"},"_links":{"self":[{"href":"https:\/\/e-flore.store\/lv\/wp-json\/wp\/v2\/product\/4301","targetHints":{"allow":["GET"]}}],"collection":[{"href":"https:\/\/e-flore.store\/lv\/wp-json\/wp\/v2\/product"}],"about":[{"href":"https:\/\/e-flore.store\/lv\/wp-json\/wp\/v2\/types\/product"}],"wp:featuredmedia":[{"embeddable":true,"href":"https:\/\/e-flore.store\/lv\/wp-json\/wp\/v2\/media\/4302"}],"wp:attachment":[{"href":"https:\/\/e-flore.store\/lv\/wp-json\/wp\/v2\/media?parent=4301"}],"wp:term":[{"taxonomy":"product_brand","embeddable":true,"href":"https:\/\/e-flore.store\/lv\/wp-json\/wp\/v2\/product_brand?post=4301"},{"taxonomy":"product_cat","embeddable":true,"href":"https:\/\/e-flore.store\/lv\/wp-json\/wp\/v2\/product_cat?post=4301"},{"taxonomy":"product_tag","embeddable":true,"href":"https:\/\/e-flore.store\/lv\/wp-json\/wp\/v2\/product_tag?post=4301"}],"curies":[{"name":"wp","href":"https:\/\/api.w.org\/{rel}","templated":true}]}}