{"id":4307,"date":"2026-02-03T16:03:43","date_gmt":"2026-02-03T14:03:43","guid":{"rendered":"https:\/\/demo8.izveide.id.lv\/?post_type=product&#038;p=4307"},"modified":"2026-03-26T15:03:17","modified_gmt":"2026-03-26T13:03:17","slug":"wl-150-code-0542","status":"publish","type":"product","link":"https:\/\/e-flore.store\/lv\/produkts\/wl-150-code-0542\/","title":{"rendered":"WL 150 (kods 0542)"},"content":{"rendered":"<p><img decoding=\"async\" src=\"\/wp-content\/uploads\/2026\/01\/0542-PARENT_desc.jpg\" style=\"width: 100%; height: auto; display: block;\"><\/p>\n<div id=\"eflore-spacer-v55\" style=\"height: 0px; clear: both; width: 100%; display: block;\"><\/div>\n<p style=\"margin-bottom: 10px; margin-top: 30px;\"><strong>UNIVERS\u0100LS AUTO R\u016aPNIECISKAIS ATT\u012aR\u012aT\u0100JS<\/strong><\/p>\n<p style=\"margin-bottom: 10px; margin-top: 30px;\"><strong>\u012apa\u0161\u012bbas<\/strong><\/p>\n<p style=\"margin-bottom: 8px; margin-top: 0px; line-height: 1.6;\">&#8211; \u0100tri likvid\u0113 e\u013c\u013cu, taukus, kv\u0113pus.\u00a0Biolo\u0123iski sadal\u0101s dab\u0101.<\/p>\n<p style=\"margin-bottom: 8px; margin-top: 0px; line-height: 1.6;\">&#8211; \u0160\u0137aid\u0101s ar \u016bdeni, nav toksisks, nesatur b\u012bstamus \u0137\u012bmiskus \u0161\u0137\u012bdin\u0101t\u0101jus.<\/p>\n<p style=\"margin-bottom: 8px; margin-top: 0px; line-height: 1.6;\">&#8211; Sast\u0101v\u0101 eso\u0161ais unik\u0101lais biokatalizators samazina virsmu dabisko iz\u017e\u016b\u0161anu t\u0101d\u0113j\u0101di samazinot virsmu p\u0101rkl\u0101juma plais\u0101\u0161anu un pasarg\u0101jot no \u201etrausluma\u201d.<\/p>\n<p style=\"margin-bottom: 8px; margin-top: 0px; line-height: 1.6;\">&#8211; Saudz\u0113jo\u0161s gumij\u0101m, \u0101das izstr\u0101d\u0101jumiem, stiklam, alum\u012bnijam, kokam, audumam, plastmas\u0101m un lakot\u0101m virsm\u0101m.<\/p>\n<p style=\"margin-bottom: 10px; margin-top: 30px;\"><strong>Pielieto\u0161anas iesp\u0113jas<\/strong><\/p>\n<p style=\"margin-bottom: 8px; margin-top: 0px; line-height: 1.6;\">&#8211; Pielieto automob\u012b\u013cu (t.sk. jebk\u0101da materi\u0101la salonu), tentu, dzin\u0113ju t\u012br\u012b\u0161anai.<\/p>\n<p style=\"margin-bottom: 8px; margin-top: 0px; line-height: 1.6;\">&#8211; Cehu, darbagaldu, gr\u012bdu un iek\u0101rtu t\u012br\u012b\u0161anai.<\/p>\n<p style=\"margin-bottom: 8px; margin-top: 0px; line-height: 1.6;\">&#8211; Piem\u0113rots laivu un kuteru t\u012br\u012b\u0161anai.<\/p>\n<p style=\"margin-bottom: 10px; margin-top: 30px;\"><strong>Pielieto\u0161ana<\/strong><\/p>\n<p style=\"margin-bottom: 8px; margin-top: 0px; line-height: 1.6;\">&#8211; Atkar\u012bb\u0101 no pies\u0101r\u0146ot\u012bbas pak\u0101pes, at\u0161\u0137aid\u012bt ar \u016bdeni proporcij\u0101s 1:10 &#8211; 1:500.<\/p>\n<p style=\"margin-bottom: 8px; margin-top: 0px; line-height: 1.6;\">&#8211; Uzsmidzin\u0101t virsmai vai vienk\u0101r\u0161i uzkl\u0101t ar s\u016bkli. T\u012br\u0101m\u0101s deta\u013cas iegremd\u0113t darba \u0161\u0137\u012bdum\u0101.<\/p>\n<p style=\"margin-bottom: 8px; margin-top: 0px; line-height: 1.6;\">&#8211; Izmantojot augstspiediena iek\u0101rtas at\u0161\u0137aid\u012bt proporcij\u0101s 1:50 &#8211; 1:500.<\/p>\n<p style=\"margin-bottom: 10px; margin-top: 30px;\"><strong>Tehniskais raksturojums<\/strong><\/p>\n<p style=\"margin-bottom: 8px; margin-top: 0px; line-height: 1.6;\"><strong>Fizisk\u0101 forma<\/strong>: \u0161\u0137idrums<\/p>\n<p style=\"margin-bottom: 8px; margin-top: 0px; line-height: 1.6;\"><strong>Bl\u012bvums (20 \u00b0\u0421)<\/strong>: aptuveni 1.05 g \/ ml<\/p>\n<p style=\"margin-bottom: 8px; margin-top: 0px; line-height: 1.6;\"><strong>pH (1% \u0161\u0137\u012bdums)<\/strong>: aptuveni 11.9<\/p>\n<p style=\"margin-bottom: 8px; margin-top: 0px; line-height: 1.6;\"><strong>Sast\u0101vs<\/strong>: katjoniem un anjoniem PAV, fosf\u0101ti, n\u0101trija hidroks\u012bds, kr\u0101svielas<\/p>\n","protected":false},"excerpt":{"rendered":"<p>UNIVERS\u0100LS AUTO R\u016aPNIECISKAIS ATT\u012aR\u012aT\u0100JS \u012apa\u0161\u012bbas &#8211; \u0100tri likvid\u0113 e\u013c\u013cu, taukus, kv\u0113pus.\u00a0Biolo\u0123iski sadal\u0101s dab\u0101. &#8211; \u0160\u0137aid\u0101s ar \u016bdeni, nav toksisks, nesatur b\u012bstamus \u0137\u012bmiskus \u0161\u0137\u012bdin\u0101t\u0101jus. &#8211; Sast\u0101v\u0101 eso\u0161ais unik\u0101lais biokatalizators samazina virsmu dabisko iz\u017e\u016b\u0161anu t\u0101d\u0113j\u0101di samazinot virsmu p\u0101rkl\u0101juma plais\u0101\u0161anu un pasarg\u0101jot no \u201etrausluma\u201d. &#8211; Saudz\u0113jo\u0161s gumij\u0101m, \u0101das izstr\u0101d\u0101jumiem, stiklam, alum\u012bnijam, kokam, audumam, plastmas\u0101m un lakot\u0101m virsm\u0101m. Pielieto\u0161anas&#8230;<\/p>\n","protected":false},"featured_media":4308,"template":"","meta":[],"product_brand":[337],"product_cat":[353,380,377],"product_tag":[],"class_list":{"0":"post-4307","1":"product","2":"type-product","3":"status-publish","4":"has-post-thumbnail","6":"product_brand-flore-chemie","7":"product_cat-flore-chemie-produkti","8":"product_cat-auto-tehniskie-mazgasanas-tirisanas-un-kopsanas-lidzekli","9":"product_cat-industrija-rupnieciba-masinbuve-elektroiekartas","11":"first","12":"instock","13":"shipping-taxable","14":"purchasable","15":"product-type-variable","16":"has-default-attributes"},"_links":{"self":[{"href":"https:\/\/e-flore.store\/lv\/wp-json\/wp\/v2\/product\/4307","targetHints":{"allow":["GET"]}}],"collection":[{"href":"https:\/\/e-flore.store\/lv\/wp-json\/wp\/v2\/product"}],"about":[{"href":"https:\/\/e-flore.store\/lv\/wp-json\/wp\/v2\/types\/product"}],"wp:featuredmedia":[{"embeddable":true,"href":"https:\/\/e-flore.store\/lv\/wp-json\/wp\/v2\/media\/4308"}],"wp:attachment":[{"href":"https:\/\/e-flore.store\/lv\/wp-json\/wp\/v2\/media?parent=4307"}],"wp:term":[{"taxonomy":"product_brand","embeddable":true,"href":"https:\/\/e-flore.store\/lv\/wp-json\/wp\/v2\/product_brand?post=4307"},{"taxonomy":"product_cat","embeddable":true,"href":"https:\/\/e-flore.store\/lv\/wp-json\/wp\/v2\/product_cat?post=4307"},{"taxonomy":"product_tag","embeddable":true,"href":"https:\/\/e-flore.store\/lv\/wp-json\/wp\/v2\/product_tag?post=4307"}],"curies":[{"name":"wp","href":"https:\/\/api.w.org\/{rel}","templated":true}]}}