{"id":4313,"date":"2026-02-03T16:03:43","date_gmt":"2026-02-03T14:03:43","guid":{"rendered":"https:\/\/demo8.izveide.id.lv\/?post_type=product&#038;p=4313"},"modified":"2026-03-26T15:03:20","modified_gmt":"2026-03-26T13:03:20","slug":"flamil-insektenloser-code-0409","status":"publish","type":"product","link":"https:\/\/e-flore.store\/lv\/produkts\/flamil-insektenloser-code-0409\/","title":{"rendered":"Flamil Insektenl\u00f6ser (kods 0409)"},"content":{"rendered":"<p><img decoding=\"async\" src=\"\/wp-content\/uploads\/2026\/01\/0409-PARENT_desc.jpg\" style=\"width: 100%; height: auto; display: block;\"><\/p>\n<div id=\"eflore-spacer-v55\" style=\"height: 0px; clear: both; width: 100%; display: block;\"><\/div>\n<p style=\"margin-bottom: 10px; margin-top: 30px;\"><strong>L\u012aDZEKLIS INSEKTU NO\u0145EM\u0160ANAI<\/strong><\/p>\n<p style=\"margin-bottom: 10px; margin-top: 30px;\"><strong>\u012apa\u0161\u012bbas<\/strong><\/p>\n<p style=\"margin-bottom: 8px; margin-top: 0px; line-height: 1.6;\">&#8211; Viegli \u201eno\u0146em\u201d insektu paliekas no automa\u0161\u012bnu stikliem, tentiem, lakot\u0101m virsm\u0101m.<\/p>\n<p style=\"margin-bottom: 8px; margin-top: 0px; line-height: 1.6;\">&#8211; \u201dNesa\u0113d\u201d lakotas virsmas, absol\u016bti dro\u0161s roku \u0101dai.<\/p>\n<p style=\"margin-bottom: 8px; margin-top: 0px; line-height: 1.6;\">&#8211; Aizvieto vair\u0101kk\u0101rt\u0113ju meh\u0101nisku t\u012br\u012b\u0161anu.<\/p>\n<p style=\"margin-bottom: 8px; margin-top: 0px; line-height: 1.6;\">&#8211; Dro\u0161s un vienk\u0101r\u0161s lieto\u0161an\u0101.<\/p>\n<p style=\"margin-bottom: 8px; margin-top: 0px; line-height: 1.6;\">&#8211; Satur olbaltumvielu \u0161\u0137\u012bdin\u0101t\u0101ju.<\/p>\n<p style=\"margin-bottom: 10px; margin-top: 30px;\"><strong>Pielieto\u0161anas iesp\u0113jas<\/strong><\/p>\n<p style=\"margin-bottom: 8px; margin-top: 0px; line-height: 1.6;\">&#8211; Vieglie, kravas automob\u012b\u013ci.<\/p>\n<p style=\"margin-bottom: 8px; margin-top: 0px; line-height: 1.6;\">&#8211; Stiklu, tentu un lakotu virsmu t\u012br\u012b\u0161ana.<\/p>\n<p style=\"margin-bottom: 10px; margin-top: 30px;\"><strong>Pielieto\u0161ana<\/strong><\/p>\n<p style=\"margin-bottom: 8px; margin-top: 0px; line-height: 1.6;\">&#8211; At\u0161\u0137aid\u012bt ar siltu &#8211; karstu \u016bdeni attiec\u012bb\u0101s no 1:20 l\u012bdz 1:100.<\/p>\n<p style=\"margin-bottom: 8px; margin-top: 0px; line-height: 1.6;\">&#8211; Uzkl\u0101t darba virsmai izmantojot augstspiediena mazg\u0101\u0161anas iek\u0101rtu vai rokas smidzin\u0101t\u0101ju.<\/p>\n<p style=\"margin-bottom: 8px; margin-top: 0px; line-height: 1.6;\">&#8211; Nelietot tie\u0161u saules staru ietekm\u0113 un uz karst\u0101m virsm\u0101m.<\/p>\n<p style=\"margin-bottom: 8px; margin-top: 0px; line-height: 1.6;\">&#8211; Uzkl\u0101jot l\u012bdzekli ar s\u016bkli vai taml\u012bdz\u012bgi, r\u016bp\u012bgi noskalot virsmu ar \u016bdeni, lai neveidotos mat\u0113ta pl\u0113v\u012bte.<\/p>\n<p style=\"margin-bottom: 8px; margin-top: 0px; line-height: 1.6;\">&#8211; P\u0113c neilga laika apstr\u0101d\u0101to virsmu noskalot ar stipru \u016bdens str\u016bklu.<\/p>\n<p style=\"margin-bottom: 8px; margin-top: 0px; line-height: 1.6;\">&#8211; Uzglab\u0101jot sarg\u0101t no sasal\u0161anas.<\/p>\n<p style=\"margin-bottom: 10px; margin-top: 30px;\"><strong>Tehniskie raksturojums<\/strong><\/p>\n<p style=\"margin-bottom: 8px; margin-top: 0px; line-height: 1.6;\"><strong>Fizisk\u0101 forma<\/strong>: \u0161\u0137idrums<\/p>\n<p style=\"margin-bottom: 8px; margin-top: 0px; line-height: 1.6;\"><strong>Bl\u012bvums (20 \u00b0\u0421)<\/strong>: 1.0 g \/ ml<\/p>\n<p style=\"margin-bottom: 8px; margin-top: 0px; line-height: 1.6;\"><strong>p\u041d l\u012bmenis<\/strong>: 12<\/p>\n<p style=\"margin-bottom: 8px; margin-top: 0px; line-height: 1.6;\"><strong>V\u0101r\u012b\u0161an\u0101s diapazons<\/strong>: +100 \u00b0C<\/p>\n<p style=\"margin-bottom: 8px; margin-top: 0px; line-height: 1.6;\"><strong>Sast\u0101vs<\/strong>: nejonie un anjonie tens\u012bdi, fosf\u0101ti, s\u0101rmi, \u0161\u0137\u012bdin\u0101t\u0101ji, kr\u0101svielas<\/p>\n","protected":false},"excerpt":{"rendered":"<p>L\u012aDZEKLIS INSEKTU NO\u0145EM\u0160ANAI \u012apa\u0161\u012bbas &#8211; Viegli \u201eno\u0146em\u201d insektu paliekas no automa\u0161\u012bnu stikliem, tentiem, lakot\u0101m virsm\u0101m. &#8211; \u201dNesa\u0113d\u201d lakotas virsmas, absol\u016bti dro\u0161s roku \u0101dai. &#8211; Aizvieto vair\u0101kk\u0101rt\u0113ju meh\u0101nisku t\u012br\u012b\u0161anu. &#8211; Dro\u0161s un vienk\u0101r\u0161s lieto\u0161an\u0101. &#8211; Satur olbaltumvielu \u0161\u0137\u012bdin\u0101t\u0101ju. Pielieto\u0161anas iesp\u0113jas &#8211; Vieglie, kravas automob\u012b\u013ci. &#8211; Stiklu, tentu un lakotu virsmu t\u012br\u012b\u0161ana. Pielieto\u0161ana &#8211; At\u0161\u0137aid\u012bt ar siltu&#8230;<\/p>\n","protected":false},"featured_media":4314,"template":"","meta":[],"product_brand":[337],"product_cat":[353,380,377],"product_tag":[],"class_list":{"0":"post-4313","1":"product","2":"type-product","3":"status-publish","4":"has-post-thumbnail","6":"product_brand-flore-chemie","7":"product_cat-flore-chemie-produkti","8":"product_cat-auto-tehniskie-mazgasanas-tirisanas-un-kopsanas-lidzekli","9":"product_cat-industrija-rupnieciba-masinbuve-elektroiekartas","11":"first","12":"instock","13":"shipping-taxable","14":"purchasable","15":"product-type-variable","16":"has-default-attributes"},"_links":{"self":[{"href":"https:\/\/e-flore.store\/lv\/wp-json\/wp\/v2\/product\/4313","targetHints":{"allow":["GET"]}}],"collection":[{"href":"https:\/\/e-flore.store\/lv\/wp-json\/wp\/v2\/product"}],"about":[{"href":"https:\/\/e-flore.store\/lv\/wp-json\/wp\/v2\/types\/product"}],"wp:featuredmedia":[{"embeddable":true,"href":"https:\/\/e-flore.store\/lv\/wp-json\/wp\/v2\/media\/4314"}],"wp:attachment":[{"href":"https:\/\/e-flore.store\/lv\/wp-json\/wp\/v2\/media?parent=4313"}],"wp:term":[{"taxonomy":"product_brand","embeddable":true,"href":"https:\/\/e-flore.store\/lv\/wp-json\/wp\/v2\/product_brand?post=4313"},{"taxonomy":"product_cat","embeddable":true,"href":"https:\/\/e-flore.store\/lv\/wp-json\/wp\/v2\/product_cat?post=4313"},{"taxonomy":"product_tag","embeddable":true,"href":"https:\/\/e-flore.store\/lv\/wp-json\/wp\/v2\/product_tag?post=4313"}],"curies":[{"name":"wp","href":"https:\/\/api.w.org\/{rel}","templated":true}]}}