{"id":4319,"date":"2026-02-03T16:03:44","date_gmt":"2026-02-03T14:03:44","guid":{"rendered":"https:\/\/demo8.izveide.id.lv\/?post_type=product&#038;p=4319"},"modified":"2026-03-26T15:03:13","modified_gmt":"2026-03-26T13:03:13","slug":"flamil-futur-code-0400","status":"publish","type":"product","link":"https:\/\/e-flore.store\/lv\/produkts\/flamil-futur-code-0400\/","title":{"rendered":"Flamil Futur (kods 0400)"},"content":{"rendered":"<p><img decoding=\"async\" src=\"\/wp-content\/uploads\/2026\/01\/0400-PARENT_desc.jpg\" style=\"width: 100%; height: auto; display: block;\"><\/p>\n<div id=\"eflore-spacer-v55\" style=\"height: 0px; clear: both; width: 100%; display: block;\"><\/div>\n<p style=\"margin-bottom: 10px; margin-top: 30px;\"><strong>ANTISTATISKS T\u012aR\u012a\u0160ANAS L\u012aDZEKLIS TRANSPORTA L\u012aDZEK\u013bIEM UN KRAVAS FURGONIEM<\/strong><\/p>\n<p style=\"margin-bottom: 10px; margin-top: 30px;\"><strong>\u012apa\u0161\u012bbas<\/strong><\/p>\n<p style=\"margin-bottom: 8px; margin-top: 0px; line-height: 1.6;\">&#8211; L\u012bdzeklis izstr\u0101d\u0101ts saska\u0146\u0101 ar jaun\u0101kajiem zin\u0101tnes sasniegumiem, kas \u013cauj att\u012br\u012bt virsmu bez meh\u0101niskas apstr\u0101des.<\/p>\n<p style=\"margin-bottom: 8px; margin-top: 0px; line-height: 1.6;\">&#8211; \u0160\u0137\u012bdina, efekt\u012bvi un \u0101tri t\u012bra taukus, saciet\u0113ju\u0161as e\u013c\u013cas, sodr\u0113jus un visus citus nosl\u0101\u0146oju\u0161os net\u012brumus no visu veidu ciet\u0101m virsm\u0101m, k\u0101 ar\u012b no plastik\u0101ta un lakot\u0101m virsm\u0101m. Nov\u0113r\u0161 statisk\u0101s elektr\u012bbas uzkr\u0101\u0161anos uz apstr\u0101d\u0101taj\u0101m virsm\u0101m.<\/p>\n<p style=\"margin-bottom: 8px; margin-top: 0px; line-height: 1.6;\">&#8211; Jaun\u0101k\u0101s paaudzes akt\u012bv\u0101s vielas pasarg\u0101 no plankumu veido\u0161an\u0101s uz virsm\u0101m p\u0113c iz\u017e\u016b\u0161anas. Labi \u0161\u0137\u012bst \u016bden\u012b un nesatur kait\u012bgas vielas.<\/p>\n<p style=\"margin-bottom: 8px; margin-top: 0px; line-height: 1.6;\">&#8211; L\u012bdzeklis nenodara kait\u0113jumu gumijai, stiklam, alum\u012bnijam, kokam, plastmasai un lakot\u0101m virsm\u0101m.<\/p>\n<p style=\"margin-bottom: 10px; margin-top: 30px;\"><strong>Pielieto\u0161anas iesp\u0113jas<\/strong><\/p>\n<p style=\"margin-bottom: 8px; margin-top: 0px; line-height: 1.6;\">&#8211; Ide\u0101li piem\u0113rots lielo autofurgonu, autocisternu, pac\u0113l\u0101ju, atkritumu ma\u0161\u012bnu, celtniec\u012bbas tehnikas, k\u0101 ar\u012b puspiekabju tentu t\u012br\u012b\u0161anai un kop\u0161anai.<\/p>\n<p style=\"margin-bottom: 8px; margin-top: 0px; line-height: 1.6;\">&#8211; Izmantojams telpu, b\u016bvju un iek\u0101rtu kop\u0161anai ar paaugstin\u0101tu antistatisko b\u012bstam\u012bbu.<\/p>\n<p style=\"margin-bottom: 10px; margin-top: 30px;\"><strong>Pielieto\u0161anas veidi un uzglab\u0101\u0161ana<\/strong><\/p>\n<p style=\"margin-bottom: 8px; margin-top: 0px; line-height: 1.6;\">&#8211; Izmantot at\u0161\u0137aidot ar \u016bdeni proporcij\u0101 1:5 l\u012bdz 1:10, atkar\u012bb\u0101 no pies\u0101r\u0146ojuma pak\u0101pes. L\u012bdzekli uzsmidzin\u0101t uz apstr\u0101d\u0101jam\u0101s virsmas un \u013caut iedarboties 5 min\u016btes, p\u0113c tam not\u012br\u012bt atdal\u012bju\u0161os net\u012brumus ar sp\u0113c\u012bgu \u016bdens str\u016bklu. Ieteicams izmantot augstspiediena mazg\u0101\u0161anas sist\u0113mas.<\/p>\n<p style=\"margin-bottom: 8px; margin-top: 0px; line-height: 1.6;\">&#8211; P\u0113c l\u012bdzek\u013ca uzkl\u0101\u0161anas uz apstr\u0101d\u0101jam\u0101s virsmas, ne\u013caut tam iz\u017e\u016bt pirms noskalo\u0161anas ar \u016bdeni. Sarg\u0101t no sasal\u0161anas!<\/p>\n<p style=\"margin-bottom: 8px; margin-top: 0px; line-height: 1.6;\">&#8211; Uzman\u012bbu! Sarg\u0101t no b\u0113rniem! L\u012bdzeklim nok\u013c\u016bstot ac\u012bs jeb uz \u0101das, skalot ar lielu \u016bdens daudzumu. Lietot cimdus un aizsargbrilles. B\u012bstam\u012bbas kategorija \u201cC\u201d.<\/p>\n<p style=\"margin-bottom: 10px; margin-top: 30px;\"><strong>Tehniskais raksturojums<\/strong><\/p>\n<p style=\"margin-bottom: 8px; margin-top: 0px; line-height: 1.6;\"><strong>Fizisk\u0101 forma<\/strong>: \u0161\u0137idrums<\/p>\n<p style=\"margin-bottom: 8px; margin-top: 0px; line-height: 1.6;\"><strong>Bl\u012bvums (20 \u00baC)<\/strong>: 1.08 g \/ ml<\/p>\n<p style=\"margin-bottom: 8px; margin-top: 0px; line-height: 1.6;\"><strong>pH l\u012bmenis<\/strong>: 11.3 \u2013 12.1<\/p>\n<p style=\"margin-bottom: 8px; margin-top: 0px; line-height: 1.6;\"><strong>V\u0101r\u012b\u0161an\u0101s diapazons<\/strong>: +100 \u00baC<\/p>\n<p style=\"margin-bottom: 8px; margin-top: 0px; line-height: 1.6;\"><strong>Sast\u0101vs<\/strong>: virsmakt\u012bv\u0101s vielas, fosf\u0101ti, \u0161\u0137\u012bdin\u0101t\u0101ji, balans\u0113jo\u0161ie silik\u0101ti<\/p>\n","protected":false},"excerpt":{"rendered":"<p>ANTISTATISKS T\u012aR\u012a\u0160ANAS L\u012aDZEKLIS TRANSPORTA L\u012aDZEK\u013bIEM UN KRAVAS FURGONIEM \u012apa\u0161\u012bbas &#8211; L\u012bdzeklis izstr\u0101d\u0101ts saska\u0146\u0101 ar jaun\u0101kajiem zin\u0101tnes sasniegumiem, kas \u013cauj att\u012br\u012bt virsmu bez meh\u0101niskas apstr\u0101des. &#8211; \u0160\u0137\u012bdina, efekt\u012bvi un \u0101tri t\u012bra taukus, saciet\u0113ju\u0161as e\u013c\u013cas, sodr\u0113jus un visus citus nosl\u0101\u0146oju\u0161os net\u012brumus no visu veidu ciet\u0101m virsm\u0101m, k\u0101 ar\u012b no plastik\u0101ta un lakot\u0101m virsm\u0101m. Nov\u0113r\u0161 statisk\u0101s elektr\u012bbas uzkr\u0101\u0161anos&#8230;<\/p>\n","protected":false},"featured_media":4320,"template":"","meta":[],"product_brand":[337],"product_cat":[353,380,377],"product_tag":[],"class_list":{"0":"post-4319","1":"product","2":"type-product","3":"status-publish","4":"has-post-thumbnail","6":"product_brand-flore-chemie","7":"product_cat-flore-chemie-produkti","8":"product_cat-auto-tehniskie-mazgasanas-tirisanas-un-kopsanas-lidzekli","9":"product_cat-industrija-rupnieciba-masinbuve-elektroiekartas","11":"first","12":"instock","13":"shipping-taxable","14":"purchasable","15":"product-type-variable","16":"has-default-attributes"},"_links":{"self":[{"href":"https:\/\/e-flore.store\/lv\/wp-json\/wp\/v2\/product\/4319","targetHints":{"allow":["GET"]}}],"collection":[{"href":"https:\/\/e-flore.store\/lv\/wp-json\/wp\/v2\/product"}],"about":[{"href":"https:\/\/e-flore.store\/lv\/wp-json\/wp\/v2\/types\/product"}],"wp:featuredmedia":[{"embeddable":true,"href":"https:\/\/e-flore.store\/lv\/wp-json\/wp\/v2\/media\/4320"}],"wp:attachment":[{"href":"https:\/\/e-flore.store\/lv\/wp-json\/wp\/v2\/media?parent=4319"}],"wp:term":[{"taxonomy":"product_brand","embeddable":true,"href":"https:\/\/e-flore.store\/lv\/wp-json\/wp\/v2\/product_brand?post=4319"},{"taxonomy":"product_cat","embeddable":true,"href":"https:\/\/e-flore.store\/lv\/wp-json\/wp\/v2\/product_cat?post=4319"},{"taxonomy":"product_tag","embeddable":true,"href":"https:\/\/e-flore.store\/lv\/wp-json\/wp\/v2\/product_tag?post=4319"}],"curies":[{"name":"wp","href":"https:\/\/api.w.org\/{rel}","templated":true}]}}