{"id":4325,"date":"2026-02-03T16:03:47","date_gmt":"2026-02-03T14:03:47","guid":{"rendered":"https:\/\/demo8.izveide.id.lv\/?post_type=product&#038;p=4325"},"modified":"2026-03-26T15:03:09","modified_gmt":"2026-03-26T13:03:09","slug":"neu-513-ci-code-513","status":"publish","type":"product","link":"https:\/\/e-flore.store\/lv\/produkts\/neu-513-ci-code-513\/","title":{"rendered":"NEU 513 CI (kods 513)"},"content":{"rendered":"<p><img decoding=\"async\" src=\"\/wp-content\/uploads\/2026\/01\/513-PARENT_desc.jpg\" style=\"width: 100%; height: auto; display: block;\"><\/p>\n<div id=\"eflore-spacer-v55\" style=\"height: 0px; clear: both; width: 100%; display: block;\"><\/div>\n<p style=\"margin-bottom: 10px; margin-top: 30px;\"><strong>NEITR\u0100LS AUTO\u0160AMP\u016aNS MAZG\u0100\u0160ANAI AR ROK\u0100M<\/strong><\/p>\n<p style=\"margin-bottom: 10px; margin-top: 30px;\"><strong>\u012apa\u0161\u012bbas<\/strong><\/p>\n<p style=\"margin-bottom: 8px; margin-top: 0px; line-height: 1.6;\">Stipri koncentr\u0113ts, neitr\u0101ls l\u012bdzeklis, kas nekairina \u0101du. Ide\u0101li piem\u0113rots manu\u0101lai automazg\u0101\u0161anai. Not\u012bra nesaboj\u0101jot kr\u0101sas un smalkus materi\u0101lus, piem\u0113ram, alum\u012bniju u.c. vieglmet\u0101la materi\u0101lus. Izveido biezas, bag\u0101t\u012bgas putas, kas atvieglo net\u012brumu no\u0146em\u0161anu.<\/p>\n<p style=\"margin-bottom: 10px; margin-top: 30px;\"><strong>Pielietojuma sf\u0113ras<\/strong><\/p>\n<p style=\"margin-bottom: 8px; margin-top: 0px; line-height: 1.6;\">Manu\u0101l\u0101s un autom\u0101tisk\u0101s automazg\u0101tavas, automa\u0161\u012bnu serviss, automa\u0161\u012bnu tirdzniec\u012bbas centri, automa\u0161\u012bnu d\u012bleri utt.<\/p>\n<p style=\"margin-bottom: 10px; margin-top: 30px;\"><strong>Lieto\u0161anas instrukcija<\/strong><\/p>\n<p style=\"margin-bottom: 8px; margin-top: 0px; line-height: 1.6;\">MANU\u0100LA MAZG\u0100\u0160ANA: at\u0161\u0137aid\u012bt l\u012bdzekli proporcij\u0101 20-50 ml uz katriem 10 litriem ar siltu vai aukstu \u016bdeni. Uzkl\u0101t \u0161\u0137\u012bdumu automa\u0161\u012bnai, apstr\u0101d\u0101t ar s\u016bkli, cimdu vai speci\u0101li izstr\u0101d\u0101tu suku. Noskalot ar \u016bdeni.<\/p>\n<p style=\"margin-bottom: 8px; margin-top: 0px; line-height: 1.6;\">AUTOM\u0100TISK\u0100S AUTOMAZG\u0100TAVAS: at\u0161\u0137aid\u012bt l\u012bdzekli ar vid\u0113jo pat\u0113ri\u0146u 20-30 ml produkta uz transportl\u012bdzekli.<\/p>\n<p style=\"margin-bottom: 10px; margin-top: 30px;\"><strong>\u0136\u012bmisk\u0101s un fizik\u0101l\u0101s \u012bpa\u0161\u012bbas<\/strong><\/p>\n<p style=\"margin-bottom: 8px; margin-top: 0px; line-height: 1.6;\"><strong>\u0100r\u0113j\u0101s paz\u012bmes<\/strong>: biezs \u0161\u0137idrums<\/p>\n<p style=\"margin-bottom: 8px; margin-top: 0px; line-height: 1.6;\"><strong>Kr\u0101sa<\/strong>: za\u013ca<\/p>\n<p style=\"margin-bottom: 8px; margin-top: 0px; line-height: 1.6;\"><strong>Smar\u017ea<\/strong>: smar\u017e\u012bgs<\/p>\n<p style=\"margin-bottom: 8px; margin-top: 0px; line-height: 1.6;\"><strong>Bl\u012bvums<\/strong>: 1,00 +\/- 0,02 g \/ ml 20 \u00b0C temperat\u016br\u0101<\/p>\n<p style=\"margin-bottom: 8px; margin-top: 0px; line-height: 1.6;\"><strong>pH<\/strong>: neitr\u0101ls<\/p>\n<p style=\"margin-bottom: 8px; margin-top: 0px; line-height: 1.6;\"><strong>Virsmakt\u012bv\u0101 viela<\/strong>: anjona<\/p>\n<p style=\"margin-bottom: 8px; margin-top: 0px; line-height: 1.6;\"><strong>Biolo\u0123isk\u0101 no\u0101rd\u012b\u0161an\u0101s<\/strong>: vair\u0101k nek\u0101 90%<\/p>\n<p style=\"margin-bottom: 8px; margin-top: 0px; line-height: 1.6;\"><strong>Br\u012bdin\u0101jumi!<\/strong> Vasar\u0101 vai karst\u0101 laik\u0101, pirms produkta uzkl\u0101\u0161anas, automa\u0161\u012bnas virsb\u016bvi atdzes\u0113t ar auksta \u016bdens str\u016bklu. Pirms lieto\u0161anas uzman\u012bgi izlas\u012bt dro\u0161\u012bbas datu lapu.<\/p>\n","protected":false},"excerpt":{"rendered":"<p>NEITR\u0100LS AUTO\u0160AMP\u016aNS MAZG\u0100\u0160ANAI AR ROK\u0100M \u012apa\u0161\u012bbas Stipri koncentr\u0113ts, neitr\u0101ls l\u012bdzeklis, kas nekairina \u0101du. Ide\u0101li piem\u0113rots manu\u0101lai automazg\u0101\u0161anai. Not\u012bra nesaboj\u0101jot kr\u0101sas un smalkus materi\u0101lus, piem\u0113ram, alum\u012bniju u.c. vieglmet\u0101la materi\u0101lus. Izveido biezas, bag\u0101t\u012bgas putas, kas atvieglo net\u012brumu no\u0146em\u0161anu. Pielietojuma sf\u0113ras Manu\u0101l\u0101s un autom\u0101tisk\u0101s automazg\u0101tavas, automa\u0161\u012bnu serviss, automa\u0161\u012bnu tirdzniec\u012bbas centri, automa\u0161\u012bnu d\u012bleri utt. Lieto\u0161anas instrukcija MANU\u0100LA MAZG\u0100\u0160ANA: at\u0161\u0137aid\u012bt&#8230;<\/p>\n","protected":false},"featured_media":4326,"template":"","meta":[],"product_brand":[342],"product_cat":[380,353,377],"product_tag":[],"class_list":{"0":"post-4325","1":"product","2":"type-product","3":"status-publish","4":"has-post-thumbnail","6":"product_brand-serpento-future-chemicals","7":"product_cat-auto-tehniskie-mazgasanas-tirisanas-un-kopsanas-lidzekli","8":"product_cat-flore-chemie-produkti","9":"product_cat-industrija-rupnieciba-masinbuve-elektroiekartas","11":"first","12":"instock","13":"shipping-taxable","14":"purchasable","15":"product-type-variable","16":"has-default-attributes"},"_links":{"self":[{"href":"https:\/\/e-flore.store\/lv\/wp-json\/wp\/v2\/product\/4325","targetHints":{"allow":["GET"]}}],"collection":[{"href":"https:\/\/e-flore.store\/lv\/wp-json\/wp\/v2\/product"}],"about":[{"href":"https:\/\/e-flore.store\/lv\/wp-json\/wp\/v2\/types\/product"}],"wp:featuredmedia":[{"embeddable":true,"href":"https:\/\/e-flore.store\/lv\/wp-json\/wp\/v2\/media\/4326"}],"wp:attachment":[{"href":"https:\/\/e-flore.store\/lv\/wp-json\/wp\/v2\/media?parent=4325"}],"wp:term":[{"taxonomy":"product_brand","embeddable":true,"href":"https:\/\/e-flore.store\/lv\/wp-json\/wp\/v2\/product_brand?post=4325"},{"taxonomy":"product_cat","embeddable":true,"href":"https:\/\/e-flore.store\/lv\/wp-json\/wp\/v2\/product_cat?post=4325"},{"taxonomy":"product_tag","embeddable":true,"href":"https:\/\/e-flore.store\/lv\/wp-json\/wp\/v2\/product_tag?post=4325"}],"curies":[{"name":"wp","href":"https:\/\/api.w.org\/{rel}","templated":true}]}}