{"id":4342,"date":"2026-02-03T16:03:49","date_gmt":"2026-02-03T14:03:49","guid":{"rendered":"https:\/\/demo8.izveide.id.lv\/?post_type=product&#038;p=4342"},"modified":"2026-03-26T15:03:01","modified_gmt":"2026-03-26T13:03:01","slug":"flamil-fahrzeugintensivreiniger-code-0857","status":"publish","type":"product","link":"https:\/\/e-flore.store\/lv\/produkts\/flamil-fahrzeugintensivreiniger-code-0857\/","title":{"rendered":"Flamil Fahrzeugintensivreiniger (kods 0857)"},"content":{"rendered":"<p><img decoding=\"async\" style=\"width: 100%; height: auto; display: block;\" src=\"\/wp-content\/uploads\/2026\/01\/0857-PARENT_desc.jpg\" \/><\/p>\n<div id=\"eflore-spacer-v55\" style=\"height: 0px; clear: both; width: 100%; display: block;\"><\/div>\n<p style=\"margin-bottom: 10px; margin-top: 30px;\"><strong>TRANSPORTL\u012aDZEK\u013bU UN TENTU T\u012aR\u012aT\u0100JS<\/strong><\/p>\n<p style=\"margin-bottom: 10px; margin-top: 30px;\"><strong>\u012apa\u0161\u012bbas<\/strong><\/p>\n<p style=\"margin-bottom: 8px; margin-top: 0px; line-height: 1.6;\">&#8211; Flamil Fahrzeugintensivreiniger ir atjaunojo\u0161s koncentr\u0101ts vidi saudz\u0113jo\u0161am un industri\u0101lam pielietojumam.<\/p>\n<p style=\"margin-bottom: 8px; margin-top: 0px; line-height: 1.6;\">&#8211; To var lietot gan manu\u0101li, gan HD ier\u012bc\u0113s, k\u0101 ar\u012b t\u012br\u012b\u0161anas autom\u0101tos un t\u012br\u012b\u0161anas vann\u0101s.<\/p>\n<p style=\"margin-bottom: 8px; margin-top: 0px; line-height: 1.6;\">&#8211; Flamil\u00a0Fahrzeugintensivreiniger\u00a0vienlaikus att\u012bra no taukiem un e\u013c\u013c\u0101m, k\u0101 ar\u012b, pateicoties t\u0101 sader\u012bbai ar da\u017e\u0101diem materi\u0101liem, tam ir daudzveid\u012bgs pielietojums.<\/p>\n<p style=\"margin-bottom: 10px; margin-top: 30px;\"><strong>Pielieto\u0161anas iesp\u0113jas<\/strong><\/p>\n<p style=\"margin-bottom: 8px; margin-top: 0px; line-height: 1.6;\">&#8211; Flamil Fahrzeugintensivreiniger piem\u0113rots stipru net\u012brumu no\u0146em\u0161anai no vis\u0101m s\u0101rmu iztur\u012bg\u0101m virsm\u0101m.<\/p>\n<p style=\"margin-bottom: 8px; margin-top: 0px; line-height: 1.6;\">&#8211; \u0160\u0137\u012bdina un att\u012bra no miner\u0101l\u0101m un sint\u0113tisk\u0101m e\u013c\u013c\u0101m, taukiem, darvas, sve\u0137iem, nikot\u012bna, vides pies\u0101r\u0146ojuma nos\u0113dumiem utt.<\/p>\n<p style=\"margin-bottom: 8px; margin-top: 0px; line-height: 1.6;\">&#8211; Flamil Fahrzeugintensivreiniger piem\u0113rots industri\u0101lai izmanto\u0161anai, darbn\u012bc\u0101s, b\u016bvniec\u012bb\u0101.<\/p>\n<p style=\"margin-bottom: 8px; margin-top: 0px; line-height: 1.6;\">&#8211; T\u012bra b\u016bvniec\u012bbas transportu, iek\u0101rtas, ma\u0161\u012bnas, k\u0101 ar\u012b teltis, mar\u0137\u012bzes, kravas furgonu tentus, diskus, alum\u012bniju, degvielas uzpildes autom\u0101tus, gaismas rekl\u0101mas, plastmasu un visu veidu lakotas virsmas.<\/p>\n<p style=\"margin-bottom: 10px; margin-top: 30px;\"><strong>Pielieto\u0161ana<\/strong><\/p>\n<p style=\"margin-bottom: 8px; margin-top: 0px; line-height: 1.6;\">&#8211; Virsmu t\u012br\u012b\u0161anai, izmantojot smidzin\u0101\u0161anas, mazg\u0101\u0161anas vai iem\u0113rc\u0113\u0161anas metodi, ieteicam\u0101 koncentr\u0101cija: 1:5 \u2013 1:3000, atkar\u012bb\u0101 no virsmu pies\u0101r\u0146ot\u012bbas pak\u0101pes.<\/p>\n<p style=\"margin-bottom: 8px; margin-top: 0px; line-height: 1.6;\">&#8211; Uzsmidzin\u0101t \/ uzkl\u0101t virsmai, \u013caut \u012bsu br\u012bdi iedarboties, ja nepiecie\u0161ams, tad paberz\u0113t un beig\u0101s noskalot:<\/p>\n<p style=\"margin-bottom: 8px; margin-top: 0px; line-height: 1.6;\">M\u0113rc\u0113\u0161ana: 1:10 l\u012bdz 1:100 pie temperat\u016bras 70 &#8211; 90 \u00b0C.<\/p>\n<p style=\"margin-bottom: 8px; margin-top: 0px; line-height: 1.6;\">HD iek\u0101rtas: 1:20, iepriek\u0161 sajaukt ar \u016bdeni.<\/p>\n<p style=\"margin-bottom: 8px; margin-top: 0px; line-height: 1.6;\">T\u012br\u012b\u0161anas autom\u0101ti: 1 &#8211; 2,5%.<\/p>\n<p style=\"margin-bottom: 8px; margin-top: 0px; line-height: 1.6;\">&#8211; Izmantojot l\u012bdzekli uz j\u016bt\u012bg\u0101m un nekonkr\u0113t\u0101m virsm\u0101m un materi\u0101liem, vispirms to p\u0101rbaud\u012bt neredzam\u0101 viet\u0101.<\/p>\n<p style=\"margin-bottom: 10px; margin-top: 30px;\"><strong>Tehniskais raksturojums<\/strong><\/p>\n<p style=\"margin-bottom: 8px; margin-top: 0px; line-height: 1.6;\"><strong>Fizisk\u0101 forma<\/strong>: \u0161\u0137idrums<\/p>\n<p style=\"margin-bottom: 8px; margin-top: 0px; line-height: 1.6;\"><strong>Bl\u012bvums (20 \u00b0C)<\/strong>: apt. 1.03 g \/ ml<\/p>\n<p style=\"margin-bottom: 8px; margin-top: 0px; line-height: 1.6;\"><strong>pH l\u012bmenis (2%)<\/strong>: 10.5 &#8211; 11<\/p>\n<p style=\"margin-bottom: 8px; margin-top: 0px; line-height: 1.6;\"><strong>Sast\u0101vs<\/strong>: nejonu tens\u012bdi, aktivatori, k\u0101lija hidroks\u012bds un piedevas<\/p>\n","protected":false},"excerpt":{"rendered":"<p>TRANSPORTL\u012aDZEK\u013bU UN TENTU T\u012aR\u012aT\u0100JS \u012apa\u0161\u012bbas &#8211; Flamil Fahrzeugintensivreiniger ir atjaunojo\u0161s koncentr\u0101ts vidi saudz\u0113jo\u0161am un industri\u0101lam pielietojumam. &#8211; To var lietot gan manu\u0101li, gan HD ier\u012bc\u0113s, k\u0101 ar\u012b t\u012br\u012b\u0161anas autom\u0101tos un t\u012br\u012b\u0161anas vann\u0101s. &#8211; Flamil\u00a0Fahrzeugintensivreiniger\u00a0vienlaikus att\u012bra no taukiem un e\u013c\u013c\u0101m, k\u0101 ar\u012b, pateicoties t\u0101 sader\u012bbai ar da\u017e\u0101diem materi\u0101liem, tam ir daudzveid\u012bgs pielietojums. Pielieto\u0161anas iesp\u0113jas &#8211; Flamil&#8230;<\/p>\n","protected":false},"featured_media":4343,"template":"","meta":[],"product_brand":[337],"product_cat":[353,380,377],"product_tag":[],"class_list":{"0":"post-4342","1":"product","2":"type-product","3":"status-publish","4":"has-post-thumbnail","6":"product_brand-flore-chemie","7":"product_cat-flore-chemie-produkti","8":"product_cat-auto-tehniskie-mazgasanas-tirisanas-un-kopsanas-lidzekli","9":"product_cat-industrija-rupnieciba-masinbuve-elektroiekartas","11":"first","12":"instock","13":"shipping-taxable","14":"purchasable","15":"product-type-variable","16":"has-default-attributes"},"_links":{"self":[{"href":"https:\/\/e-flore.store\/lv\/wp-json\/wp\/v2\/product\/4342","targetHints":{"allow":["GET"]}}],"collection":[{"href":"https:\/\/e-flore.store\/lv\/wp-json\/wp\/v2\/product"}],"about":[{"href":"https:\/\/e-flore.store\/lv\/wp-json\/wp\/v2\/types\/product"}],"wp:featuredmedia":[{"embeddable":true,"href":"https:\/\/e-flore.store\/lv\/wp-json\/wp\/v2\/media\/4343"}],"wp:attachment":[{"href":"https:\/\/e-flore.store\/lv\/wp-json\/wp\/v2\/media?parent=4342"}],"wp:term":[{"taxonomy":"product_brand","embeddable":true,"href":"https:\/\/e-flore.store\/lv\/wp-json\/wp\/v2\/product_brand?post=4342"},{"taxonomy":"product_cat","embeddable":true,"href":"https:\/\/e-flore.store\/lv\/wp-json\/wp\/v2\/product_cat?post=4342"},{"taxonomy":"product_tag","embeddable":true,"href":"https:\/\/e-flore.store\/lv\/wp-json\/wp\/v2\/product_tag?post=4342"}],"curies":[{"name":"wp","href":"https:\/\/api.w.org\/{rel}","templated":true}]}}